{"id":125,"date":"2023-10-20T12:29:47","date_gmt":"2023-10-20T10:29:47","guid":{"rendered":"https:\/\/funoc-dev.funoc.be\/?page_id=125"},"modified":"2024-01-16T15:33:20","modified_gmt":"2024-01-16T14:33:20","slug":"formation-francais-langue-etrangere-apprendre-le-francais-de-base","status":"publish","type":"page","link":"https:\/\/funoc.be\/?page_id=125","title":{"rendered":"Formation : Fran\u00e7ais langue \u00e9trang\u00e8re | Apprendre le fran\u00e7ais de base"},"content":{"rendered":"\n<p>Cette formation est destin\u00e9e aux personnes de langues \u00e9trang\u00e8res souhaitant apprendre le fran\u00e7ais. <\/p>\n\n\n\n<h2 class=\"wp-block-heading\">Public<\/h2>\n\n\n\n<p>Public non-francophone alphab\u00e9tis\u00e9 dans sa propre langue. Aucune base en fran\u00e7ais ou tr\u00e8s peu entre 18 et 67 ans, avoir au maximum un CESI, d\u00e9tenir un permis de travail en ordre.<\/p>\n\n\n\n<h2 class=\"wp-block-heading\">Objectif<\/h2>\n\n\n\n<ul class=\"wp-block-list\">\n<li>Apprentissage du fran\u00e7ais (oral et \u00e9crit)<\/li>\n\n\n\n<li>Pr\u00e9paration d&rsquo;un projet post-formation<\/li>\n\n\n\n<li>Pr\u00e9paration des personnes d&rsquo;origine \u00e9trang\u00e8re \u00e0 passer le seuil des informations professionnalisantes ou qualifiantes.<\/li>\n\n\n\n<li>D\u00e9veloppement de comp\u00e9tences citoyennes tout au long de la formation.<\/li>\n<\/ul>\n\n\n\n<h2 class=\"wp-block-heading\">Contenu<\/h2>\n\n\n\n<ul class=\"wp-block-list\">\n<li>Acquisitions orale et \u00e9crite de la langue fran\u00e7aise<\/li>\n\n\n\n<li>Ateliers citoyens<\/li>\n\n\n\n<li>Mise en r\u00e9flexion sur le projet post-formation<\/li>\n\n\n\n<li>Suivi individuel et collectif<\/li>\n<\/ul>\n\n\n\n<p class=\"has-custom-bleu-funoc-color has-text-color has-x-large-font-size\" style=\"font-style:normal;font-weight:700;line-height:1\">Int\u00e9ress\u00e9(e) par cette formation ? Tout commence par <a href=\"https:\/\/funoc.be\/?page_id=33\">une s\u00e9ance d&rsquo;information<\/a> !<\/p>\n","protected":false},"excerpt":{"rendered":"<p>Cette formation est destin\u00e9e aux personnes de langues \u00e9trang\u00e8res souhaitant apprendre le fran\u00e7ais. Public Public non-francophone alphab\u00e9tis\u00e9 dans sa propre langue. Aucune base en fran\u00e7ais ou tr\u00e8s peu entre 18 et 67 ans, avoir au maximum un CESI, d\u00e9tenir un permis de travail en ordre. Objectif Contenu Int\u00e9ress\u00e9(e) par cette formation ? Tout commence par [&hellip;]<\/p>\n","protected":false},"author":2,"featured_media":0,"parent":0,"menu_order":0,"comment_status":"closed","ping_status":"closed","template":"","meta":{"footnotes":""},"class_list":["post-125","page","type-page","status-publish","hentry"],"yoast_head":"<!-- This site is optimized with the Yoast SEO plugin v21.4 - https:\/\/yoast.com\/wordpress\/plugins\/seo\/ -->\n<title>Formation : Fran\u00e7ais langue \u00e9trang\u00e8re | Apprendre le fran\u00e7ais de base - Funoc<\/title>\n<meta name=\"robots\" content=\"index, follow, max-snippet:-1, max-image-preview:large, max-video-preview:-1\" \/>\n<link rel=\"canonical\" href=\"https:\/\/funoc.be\/?page_id=125\" \/>\n<meta property=\"og:locale\" content=\"fr_FR\" \/>\n<meta property=\"og:type\" content=\"article\" \/>\n<meta property=\"og:title\" content=\"Formation : Fran\u00e7ais langue \u00e9trang\u00e8re | Apprendre le fran\u00e7ais de base - Funoc\" \/>\n<meta property=\"og:description\" content=\"Cette formation est destin\u00e9e aux personnes de langues \u00e9trang\u00e8res souhaitant apprendre le fran\u00e7ais. Public Public non-francophone alphab\u00e9tis\u00e9 dans sa propre langue. Aucune base en fran\u00e7ais ou tr\u00e8s peu entre 18 et 67 ans, avoir au maximum un CESI, d\u00e9tenir un permis de travail en ordre. Objectif Contenu Int\u00e9ress\u00e9(e) par cette formation ? Tout commence par [&hellip;]\" \/>\n<meta property=\"og:url\" content=\"https:\/\/funoc.be\/?page_id=125\" \/>\n<meta property=\"og:site_name\" content=\"Funoc\" \/>\n<meta property=\"article:publisher\" content=\"https:\/\/www.facebook.com\/la.funoc\" \/>\n<meta property=\"article:modified_time\" content=\"2024-01-16T14:33:20+00:00\" \/>\n<meta property=\"og:image\" content=\"https:\/\/funoc.be\/wp-content\/uploads\/2024\/01\/trouve-ta-formation-cousin.png\" \/>\n\t<meta property=\"og:image:width\" content=\"1920\" \/>\n\t<meta property=\"og:image:height\" content=\"1280\" \/>\n\t<meta property=\"og:image:type\" content=\"image\/png\" \/>\n<meta name=\"twitter:card\" content=\"summary_large_image\" \/>\n<meta name=\"twitter:label1\" content=\"Dur\u00e9e de lecture estim\u00e9e\" \/>\n\t<meta name=\"twitter:data1\" content=\"1 minute\" \/>\n<script type=\"application\/ld+json\" class=\"yoast-schema-graph\">{\"@context\":\"https:\/\/schema.org\",\"@graph\":[{\"@type\":\"WebPage\",\"@id\":\"https:\/\/funoc.be\/?page_id=125\",\"url\":\"https:\/\/funoc.be\/?page_id=125\",\"name\":\"Formation : Fran\u00e7ais langue \u00e9trang\u00e8re | Apprendre le fran\u00e7ais de base - Funoc\",\"isPartOf\":{\"@id\":\"https:\/\/funoc.be\/#website\"},\"datePublished\":\"2023-10-20T10:29:47+00:00\",\"dateModified\":\"2024-01-16T14:33:20+00:00\",\"breadcrumb\":{\"@id\":\"https:\/\/funoc.be\/?page_id=125#breadcrumb\"},\"inLanguage\":\"fr-FR\",\"potentialAction\":[{\"@type\":\"ReadAction\",\"target\":[\"https:\/\/funoc.be\/?page_id=125\"]}]},{\"@type\":\"BreadcrumbList\",\"@id\":\"https:\/\/funoc.be\/?page_id=125#breadcrumb\",\"itemListElement\":[{\"@type\":\"ListItem\",\"position\":1,\"name\":\"Accueil\",\"item\":\"https:\/\/funoc.be\/\"},{\"@type\":\"ListItem\",\"position\":2,\"name\":\"Formation : Fran\u00e7ais langue \u00e9trang\u00e8re | Apprendre le fran\u00e7ais de base\"}]},{\"@type\":\"WebSite\",\"@id\":\"https:\/\/funoc.be\/#website\",\"url\":\"https:\/\/funoc.be\/\",\"name\":\"FUNOC : la formation \u00e0 Charleroi\",\"description\":\"La formation, c&#039;est FUN&#039; OK ?\",\"publisher\":{\"@id\":\"https:\/\/funoc.be\/#organization\"},\"potentialAction\":[{\"@type\":\"SearchAction\",\"target\":{\"@type\":\"EntryPoint\",\"urlTemplate\":\"https:\/\/funoc.be\/?s={search_term_string}\"},\"query-input\":\"required name=search_term_string\"}],\"inLanguage\":\"fr-FR\"},{\"@type\":\"Organization\",\"@id\":\"https:\/\/funoc.be\/#organization\",\"name\":\"FUNOC : la formation \u00e0 Charleroi\",\"url\":\"https:\/\/funoc.be\/\",\"logo\":{\"@type\":\"ImageObject\",\"inLanguage\":\"fr-FR\",\"@id\":\"https:\/\/funoc.be\/#\/schema\/logo\/image\/\",\"url\":\"https:\/\/funoc.be\/wp-content\/uploads\/2023\/10\/funoc_logo_positif_sansfond_900X900_72pdi.png\",\"contentUrl\":\"https:\/\/funoc.be\/wp-content\/uploads\/2023\/10\/funoc_logo_positif_sansfond_900X900_72pdi.png\",\"width\":900,\"height\":900,\"caption\":\"FUNOC : la formation \u00e0 Charleroi\"},\"image\":{\"@id\":\"https:\/\/funoc.be\/#\/schema\/logo\/image\/\"},\"sameAs\":[\"https:\/\/www.facebook.com\/la.funoc\"]}]}<\/script>\n<!-- \/ Yoast SEO plugin. -->","yoast_head_json":{"title":"Formation : Fran\u00e7ais langue \u00e9trang\u00e8re | Apprendre le fran\u00e7ais de base - Funoc","robots":{"index":"index","follow":"follow","max-snippet":"max-snippet:-1","max-image-preview":"max-image-preview:large","max-video-preview":"max-video-preview:-1"},"canonical":"https:\/\/funoc.be\/?page_id=125","og_locale":"fr_FR","og_type":"article","og_title":"Formation : Fran\u00e7ais langue \u00e9trang\u00e8re | Apprendre le fran\u00e7ais de base - Funoc","og_description":"Cette formation est destin\u00e9e aux personnes de langues \u00e9trang\u00e8res souhaitant apprendre le fran\u00e7ais. Public Public non-francophone alphab\u00e9tis\u00e9 dans sa propre langue. Aucune base en fran\u00e7ais ou tr\u00e8s peu entre 18 et 67 ans, avoir au maximum un CESI, d\u00e9tenir un permis de travail en ordre. Objectif Contenu Int\u00e9ress\u00e9(e) par cette formation ? Tout commence par [&hellip;]","og_url":"https:\/\/funoc.be\/?page_id=125","og_site_name":"Funoc","article_publisher":"https:\/\/www.facebook.com\/la.funoc","article_modified_time":"2024-01-16T14:33:20+00:00","og_image":[{"width":1920,"height":1280,"url":"https:\/\/funoc.be\/wp-content\/uploads\/2024\/01\/trouve-ta-formation-cousin.png","type":"image\/png"}],"twitter_card":"summary_large_image","twitter_misc":{"Dur\u00e9e de lecture estim\u00e9e":"1 minute"},"schema":{"@context":"https:\/\/schema.org","@graph":[{"@type":"WebPage","@id":"https:\/\/funoc.be\/?page_id=125","url":"https:\/\/funoc.be\/?page_id=125","name":"Formation : Fran\u00e7ais langue \u00e9trang\u00e8re | Apprendre le fran\u00e7ais de base - Funoc","isPartOf":{"@id":"https:\/\/funoc.be\/#website"},"datePublished":"2023-10-20T10:29:47+00:00","dateModified":"2024-01-16T14:33:20+00:00","breadcrumb":{"@id":"https:\/\/funoc.be\/?page_id=125#breadcrumb"},"inLanguage":"fr-FR","potentialAction":[{"@type":"ReadAction","target":["https:\/\/funoc.be\/?page_id=125"]}]},{"@type":"BreadcrumbList","@id":"https:\/\/funoc.be\/?page_id=125#breadcrumb","itemListElement":[{"@type":"ListItem","position":1,"name":"Accueil","item":"https:\/\/funoc.be\/"},{"@type":"ListItem","position":2,"name":"Formation : Fran\u00e7ais langue \u00e9trang\u00e8re | Apprendre le fran\u00e7ais de base"}]},{"@type":"WebSite","@id":"https:\/\/funoc.be\/#website","url":"https:\/\/funoc.be\/","name":"FUNOC : la formation \u00e0 Charleroi","description":"La formation, c&#039;est FUN&#039; OK ?","publisher":{"@id":"https:\/\/funoc.be\/#organization"},"potentialAction":[{"@type":"SearchAction","target":{"@type":"EntryPoint","urlTemplate":"https:\/\/funoc.be\/?s={search_term_string}"},"query-input":"required name=search_term_string"}],"inLanguage":"fr-FR"},{"@type":"Organization","@id":"https:\/\/funoc.be\/#organization","name":"FUNOC : la formation \u00e0 Charleroi","url":"https:\/\/funoc.be\/","logo":{"@type":"ImageObject","inLanguage":"fr-FR","@id":"https:\/\/funoc.be\/#\/schema\/logo\/image\/","url":"https:\/\/funoc.be\/wp-content\/uploads\/2023\/10\/funoc_logo_positif_sansfond_900X900_72pdi.png","contentUrl":"https:\/\/funoc.be\/wp-content\/uploads\/2023\/10\/funoc_logo_positif_sansfond_900X900_72pdi.png","width":900,"height":900,"caption":"FUNOC : la formation \u00e0 Charleroi"},"image":{"@id":"https:\/\/funoc.be\/#\/schema\/logo\/image\/"},"sameAs":["https:\/\/www.facebook.com\/la.funoc"]}]}},"_links":{"self":[{"href":"https:\/\/funoc.be\/index.php?rest_route=\/wp\/v2\/pages\/125","targetHints":{"allow":["GET"]}}],"collection":[{"href":"https:\/\/funoc.be\/index.php?rest_route=\/wp\/v2\/pages"}],"about":[{"href":"https:\/\/funoc.be\/index.php?rest_route=\/wp\/v2\/types\/page"}],"author":[{"embeddable":true,"href":"https:\/\/funoc.be\/index.php?rest_route=\/wp\/v2\/users\/2"}],"replies":[{"embeddable":true,"href":"https:\/\/funoc.be\/index.php?rest_route=%2Fwp%2Fv2%2Fcomments&post=125"}],"version-history":[{"count":3,"href":"https:\/\/funoc.be\/index.php?rest_route=\/wp\/v2\/pages\/125\/revisions"}],"predecessor-version":[{"id":360,"href":"https:\/\/funoc.be\/index.php?rest_route=\/wp\/v2\/pages\/125\/revisions\/360"}],"wp:attachment":[{"href":"https:\/\/funoc.be\/index.php?rest_route=%2Fwp%2Fv2%2Fmedia&parent=125"}],"curies":[{"name":"wp","href":"https:\/\/api.w.org\/{rel}","templated":true}]}}