{"id":128,"date":"2023-10-20T12:44:44","date_gmt":"2023-10-20T10:44:44","guid":{"rendered":"https:\/\/funoc-dev.funoc.be\/?page_id=128"},"modified":"2024-01-15T11:41:05","modified_gmt":"2024-01-15T10:41:05","slug":"formation-un-tremplin-pour-ton-avenir-prepare-toi-au-monde-du-travail-grace-a-des-connaissances-et-competences-de-base","status":"publish","type":"page","link":"https:\/\/funoc.be\/?page_id=128","title":{"rendered":"Formation : UN TREMPLIN POUR TON AVENIR | Pr\u00e9pare-toi au monde du travail gr\u00e2ce \u00e0 des connaissances et comp\u00e9tences de base"},"content":{"rendered":"\n<p>Tu as envie de te lancer dans une formation (bravo) mais tu as d&rsquo;abords besoin de revoir un peu les bases ? Nous allons t&rsquo;aider ! \u00c0 la Funoc, nous te proposons l&rsquo;accompagnement id\u00e9al pour aller plus loin.<\/p>\n\n\n\n<h2 class=\"wp-block-heading\">Objectifs de la remise \u00e0 niveau<\/h2>\n\n\n\n<p>L&rsquo;objectif de cette formation est de te pr\u00e9parer \u00e0 entrer en formation qualifiante ou professionnalisante par l&rsquo;acquisition de m\u00e9thodes de travail notamment mais aussi en t&rsquo;aidant \u00e0 d\u00e9velopper ton jugement critique et ta pens\u00e9e cr\u00e9atrice. Tu auras aussi l&rsquo;occasion de d\u00e9velopper un projet post-formation.<\/p>\n\n\n\n<h2 class=\"wp-block-heading\">Contenu de la formation<\/h2>\n\n\n\n<p>Le contenu de ta formation variera en fonction de la finalit\u00e9 de ta remise \u00e0 niveau. Mais pour tout le monde, il y aura au programme :<\/p>\n\n\n\n<ul class=\"wp-block-list\">\n<li>Fran\u00e7ais<\/li>\n\n\n\n<li>Math\u00e9matique<\/li>\n\n\n\n<li>Informatique<\/li>\n\n\n\n<li>Langage socio-\u00e9conomique<\/li>\n<\/ul>\n\n\n\n<details class=\"wp-block-details is-layout-flow wp-block-details-is-layout-flow\"><summary>Pr\u00e9paration au CEB <\/summary>\n<div class=\"wp-block-group has-base-background-color has-background has-global-padding is-layout-constrained wp-container-core-group-is-layout-24567ffd wp-block-group-is-layout-constrained\" style=\"padding-top:var(--wp--preset--spacing--40);padding-right:var(--wp--preset--spacing--40);padding-bottom:var(--wp--preset--spacing--40);padding-left:var(--wp--preset--spacing--40)\">\n<ul class=\"wp-block-list\">\n<li>Module accueillant des personnes qui souhaitent obtenir le CEB dans le cadre d&rsquo;un projet d&rsquo;insertion.<\/li>\n\n\n\n<li>M\u00e9thodologie du Chef d&rsquo;oeuvre-sp\u00e9cifique pour l&rsquo;obtention du CEB pour les adultes.<\/li>\n\n\n\n<li>Travail de fin de formation sur un sujet original, librement choisi et pr\u00e9sent\u00e9 devant un jury compos\u00e9 d&rsquo;inspecteurs de l&rsquo;enseignement fondamental de la F\u00e9d\u00e9ration Wallonie-Bruxelles.<\/li>\n\n\n\n<li>Formation annuelle de 10 mois (janvier \u00e0 d\u00e9cembre)<\/li>\n\n\n\n<li>Entr\u00e9e en formation : test en fran\u00e7ais et en math\u00e9matique<\/li>\n<\/ul>\n<\/div>\n<\/details>\n\n\n\n<details class=\"wp-block-details is-layout-flow wp-block-details-is-layout-flow\"><summary>Pr\u00e9paration aux m\u00e9tiers du tertiaire<\/summary>\n<div class=\"wp-block-group has-base-background-color has-background has-global-padding is-layout-constrained wp-container-core-group-is-layout-52009084 wp-block-group-is-layout-constrained\" style=\"padding-top:var(--wp--preset--spacing--40);padding-right:var(--wp--preset--spacing--40);padding-bottom:var(--wp--preset--spacing--40);padding-left:var(--wp--preset--spacing--40)\">\n<ul class=\"wp-block-list\">\n<li>Se pr\u00e9parer pour les domaines de la bureautique &#8211; du secr\u00e9tariat &#8211; de la comptabilit\u00e9<\/li>\n\n\n\n<li>Acqu\u00e9rir des comp\u00e9tences informatique li\u00e9es au m\u00e9tier<\/li>\n\n\n\n<li>Ateliers correspondance commerciale<\/li>\n\n\n\n<li>Atelier documents commerciaux<\/li>\n\n\n\n<li>Entr\u00e9e en formation : test de motivation et test en fran\u00e7ais<\/li>\n<\/ul>\n<\/div>\n<\/details>\n\n\n\n<details class=\"wp-block-details is-layout-flow wp-block-details-is-layout-flow\"><summary>Ateliers p\u00e9dagogique personnalis\u00e9s<\/summary>\n<div class=\"wp-block-group has-base-background-color has-background has-global-padding is-layout-constrained wp-container-core-group-is-layout-52009084 wp-block-group-is-layout-constrained\" style=\"padding-top:var(--wp--preset--spacing--40);padding-right:var(--wp--preset--spacing--40);padding-bottom:var(--wp--preset--spacing--40);padding-left:var(--wp--preset--spacing--40)\">\n<ul class=\"wp-block-list\">\n<li>Alternance de cours collectifs et de parcours individualis\u00e9s en fonction du projet d&rsquo;insertion.<\/li>\n\n\n\n<li>Dispositifs en entr\u00e9es permanentes.<\/li>\n\n\n\n<li>Test de positionnement en fran\u00e7ais<\/li>\n<\/ul>\n<\/div>\n<\/details>\n\n\n\n<details class=\"wp-block-details is-layout-flow wp-block-details-is-layout-flow\"><summary>Mobilit\u00e9 (permis de conduire th\u00e9orique B)<\/summary>\n<div class=\"wp-block-group has-base-background-color has-background has-global-padding is-layout-constrained wp-container-core-group-is-layout-52009084 wp-block-group-is-layout-constrained\" style=\"padding-top:var(--wp--preset--spacing--40);padding-right:var(--wp--preset--spacing--40);padding-bottom:var(--wp--preset--spacing--40);padding-left:var(--wp--preset--spacing--40)\">\n<p><strong>Objectifs :<\/strong><\/p>\n\n\n\n<ul class=\"wp-block-list\">\n<li>Acqu\u00e9rir les connaissances n\u00e9cessaires du code de la route pour pr\u00e9senter l&rsquo;\u00e9preuve th\u00e9orique.<\/li>\n\n\n\n<li>Acqu\u00e9rir des m\u00e9thodes de travail n\u00e9cessaires \u00e0 l&rsquo;\u00e9tude du code.<\/li>\n\n\n\n<li>Rechercher des alternatives en vue de passer le permis pratique.<\/li>\n\n\n\n<li>Ma\u00eetriser les outils mis \u00e0 disposition pour devenir autonome et favoriser la multi mobilit\u00e9<\/li>\n<\/ul>\n\n\n\n<p><strong>Contenu :<\/strong><\/p>\n\n\n\n<ul class=\"wp-block-list\">\n<li>UF Code de la route &#8211; UF Fran\u00e7ais et M\u00e9thodes de travail &#8211; UF informatique.<\/li>\n\n\n\n<li>M\u00e9thodologie alternant cours collectifs et parcours individualis\u00e9.<\/li>\n\n\n\n<li>Renforcement linguistique.<\/li>\n\n\n\n<li>Alternance de cours th\u00e9oriques et exercices.<\/li>\n\n\n\n<li>Apprentissages et simulation d&rsquo;examens sur PC.<\/li>\n\n\n\n<li>Accompagnement pour le pratique et son financement.<\/li>\n\n\n\n<li>Ateliers compl\u00e9mentaires sur l&rsquo;\u00e9co-conduite, les assurances, les transports en commun, &#8230;<\/li>\n<\/ul>\n<\/div>\n\n\n\n<p><\/p>\n<\/details>\n\n\n\n<div style=\"height:22px\" aria-hidden=\"true\" class=\"wp-block-spacer\"><\/div>\n\n\n\n<div style=\"height:22px\" aria-hidden=\"true\" class=\"wp-block-spacer\"><\/div>\n\n\n\n<h2 class=\"wp-block-heading\">Quelques t\u00e9moignages de stagiaires&#8230;<\/h2>\n\n\n\n<p><strong>Nicolas<\/strong> se lancera bient\u00f4t dans des \u00e9tudes universitaires de Droit \u00e0 Tournai apr\u00e8s s&rsquo;\u00eatre remis \u00e0 niveau \u00e0 la Funoc.<\/p>\n\n\n\n<iframe loading=\"lazy\" src=\"https:\/\/www.facebook.com\/plugins\/video.php?height=314&#038;href=https%3A%2F%2Fwww.facebook.com%2Fla.funoc%2Fvideos%2F280606887837142%2F&#038;show_text=false&#038;width=560&#038;t=0\" width=\"560\" height=\"314\" style=\"border:none;overflow:hidden\" scrolling=\"no\" frameborder=\"0\" allowfullscreen=\"true\" allow=\"autoplay; clipboard-write; encrypted-media; picture-in-picture; web-share\" allowFullScreen=\"true\"><\/iframe>\n\n\n\n<p><strong>Lionel<\/strong> termine sa remise \u00e0 niveau chez nous et se pr\u00e9pare \u00e0 entrer en septembre comme Bachelier en Promotion sociale pour devenir \u00c9ducateur.<\/p>\n\n\n\n<iframe loading=\"lazy\" src=\"https:\/\/www.facebook.com\/plugins\/video.php?height=314&#038;href=https%3A%2F%2Fwww.facebook.com%2Fla.funoc%2Fvideos%2F818487803169892%2F&#038;show_text=false&#038;width=560&#038;t=0\" width=\"560\" height=\"314\" style=\"border:none;overflow:hidden\" scrolling=\"no\" frameborder=\"0\" allowfullscreen=\"true\" allow=\"autoplay; clipboard-write; encrypted-media; picture-in-picture; web-share\" allowFullScreen=\"true\"><\/iframe>\n\n\n\n<div style=\"height:23px\" aria-hidden=\"true\" class=\"wp-block-spacer\"><\/div>\n\n\n\n<p class=\"has-custom-bleu-funoc-color has-text-color has-x-large-font-size\" style=\"font-style:normal;font-weight:700;line-height:1\">Tu veux faire comme eux ? Tout commence par<strong> <\/strong><a href=\"https:\/\/funoc.be\/?page_id=33\">une s\u00e9ance d&rsquo;information<\/a><strong> <\/strong>!<\/p>\n","protected":false},"excerpt":{"rendered":"<p>Tu as envie de te lancer dans une formation (bravo) mais tu as d&rsquo;abords besoin de revoir un peu les bases ? Nous allons t&rsquo;aider ! \u00c0 la Funoc, nous te proposons l&rsquo;accompagnement id\u00e9al pour aller plus loin. Objectifs de la remise \u00e0 niveau L&rsquo;objectif de cette formation est de te pr\u00e9parer \u00e0 entrer en [&hellip;]<\/p>\n","protected":false},"author":2,"featured_media":0,"parent":0,"menu_order":0,"comment_status":"closed","ping_status":"closed","template":"","meta":{"footnotes":""},"class_list":["post-128","page","type-page","status-publish","hentry"],"yoast_head":"<!-- This site is optimized with the Yoast SEO plugin v21.4 - https:\/\/yoast.com\/wordpress\/plugins\/seo\/ -->\n<title>Formation de base : un tremplin pour ton avenir<\/title>\n<meta name=\"description\" content=\"Mets toutes les chances de ton c\u00f4t\u00e9 pour d\u00e9goter un emploi ou une formation avec notre module connaissances et comp\u00e9tences de base.\" \/>\n<meta name=\"robots\" content=\"index, follow, max-snippet:-1, max-image-preview:large, max-video-preview:-1\" \/>\n<link rel=\"canonical\" href=\"https:\/\/funoc.be\/?page_id=128\" \/>\n<meta property=\"og:locale\" content=\"fr_FR\" \/>\n<meta property=\"og:type\" content=\"article\" \/>\n<meta property=\"og:title\" content=\"Formation de base : un tremplin pour ton avenir\" \/>\n<meta property=\"og:description\" content=\"Mets toutes les chances de ton c\u00f4t\u00e9 pour d\u00e9goter un emploi ou une formation avec notre module connaissances et comp\u00e9tences de base.\" \/>\n<meta property=\"og:url\" content=\"https:\/\/funoc.be\/?page_id=128\" \/>\n<meta property=\"og:site_name\" content=\"Funoc\" \/>\n<meta property=\"article:publisher\" content=\"https:\/\/www.facebook.com\/la.funoc\" \/>\n<meta property=\"article:modified_time\" content=\"2024-01-15T10:41:05+00:00\" \/>\n<meta property=\"og:image\" content=\"https:\/\/funoc.be\/wp-content\/uploads\/2024\/01\/trouve-ta-formation-cousin.png\" \/>\n\t<meta property=\"og:image:width\" content=\"1920\" \/>\n\t<meta property=\"og:image:height\" content=\"1280\" \/>\n\t<meta property=\"og:image:type\" content=\"image\/png\" \/>\n<meta name=\"twitter:card\" content=\"summary_large_image\" \/>\n<meta name=\"twitter:label1\" content=\"Dur\u00e9e de lecture estim\u00e9e\" \/>\n\t<meta name=\"twitter:data1\" content=\"3 minutes\" \/>\n<script type=\"application\/ld+json\" class=\"yoast-schema-graph\">{\"@context\":\"https:\/\/schema.org\",\"@graph\":[{\"@type\":\"WebPage\",\"@id\":\"https:\/\/funoc.be\/?page_id=128\",\"url\":\"https:\/\/funoc.be\/?page_id=128\",\"name\":\"Formation de base : un tremplin pour ton avenir\",\"isPartOf\":{\"@id\":\"https:\/\/funoc.be\/#website\"},\"datePublished\":\"2023-10-20T10:44:44+00:00\",\"dateModified\":\"2024-01-15T10:41:05+00:00\",\"description\":\"Mets toutes les chances de ton c\u00f4t\u00e9 pour d\u00e9goter un emploi ou une formation avec notre module connaissances et comp\u00e9tences de base.\",\"breadcrumb\":{\"@id\":\"https:\/\/funoc.be\/?page_id=128#breadcrumb\"},\"inLanguage\":\"fr-FR\",\"potentialAction\":[{\"@type\":\"ReadAction\",\"target\":[\"https:\/\/funoc.be\/?page_id=128\"]}]},{\"@type\":\"BreadcrumbList\",\"@id\":\"https:\/\/funoc.be\/?page_id=128#breadcrumb\",\"itemListElement\":[{\"@type\":\"ListItem\",\"position\":1,\"name\":\"Accueil\",\"item\":\"https:\/\/funoc.be\/\"},{\"@type\":\"ListItem\",\"position\":2,\"name\":\"Formation : UN TREMPLIN POUR TON AVENIR | Pr\u00e9pare-toi au monde du travail gr\u00e2ce \u00e0 des connaissances et comp\u00e9tences de base\"}]},{\"@type\":\"WebSite\",\"@id\":\"https:\/\/funoc.be\/#website\",\"url\":\"https:\/\/funoc.be\/\",\"name\":\"FUNOC : la formation \u00e0 Charleroi\",\"description\":\"La formation, c&#039;est FUN&#039; OK ?\",\"publisher\":{\"@id\":\"https:\/\/funoc.be\/#organization\"},\"potentialAction\":[{\"@type\":\"SearchAction\",\"target\":{\"@type\":\"EntryPoint\",\"urlTemplate\":\"https:\/\/funoc.be\/?s={search_term_string}\"},\"query-input\":\"required name=search_term_string\"}],\"inLanguage\":\"fr-FR\"},{\"@type\":\"Organization\",\"@id\":\"https:\/\/funoc.be\/#organization\",\"name\":\"FUNOC : la formation \u00e0 Charleroi\",\"url\":\"https:\/\/funoc.be\/\",\"logo\":{\"@type\":\"ImageObject\",\"inLanguage\":\"fr-FR\",\"@id\":\"https:\/\/funoc.be\/#\/schema\/logo\/image\/\",\"url\":\"https:\/\/funoc.be\/wp-content\/uploads\/2023\/10\/funoc_logo_positif_sansfond_900X900_72pdi.png\",\"contentUrl\":\"https:\/\/funoc.be\/wp-content\/uploads\/2023\/10\/funoc_logo_positif_sansfond_900X900_72pdi.png\",\"width\":900,\"height\":900,\"caption\":\"FUNOC : la formation \u00e0 Charleroi\"},\"image\":{\"@id\":\"https:\/\/funoc.be\/#\/schema\/logo\/image\/\"},\"sameAs\":[\"https:\/\/www.facebook.com\/la.funoc\"]}]}<\/script>\n<!-- \/ Yoast SEO plugin. -->","yoast_head_json":{"title":"Formation de base : un tremplin pour ton avenir","description":"Mets toutes les chances de ton c\u00f4t\u00e9 pour d\u00e9goter un emploi ou une formation avec notre module connaissances et comp\u00e9tences de base.","robots":{"index":"index","follow":"follow","max-snippet":"max-snippet:-1","max-image-preview":"max-image-preview:large","max-video-preview":"max-video-preview:-1"},"canonical":"https:\/\/funoc.be\/?page_id=128","og_locale":"fr_FR","og_type":"article","og_title":"Formation de base : un tremplin pour ton avenir","og_description":"Mets toutes les chances de ton c\u00f4t\u00e9 pour d\u00e9goter un emploi ou une formation avec notre module connaissances et comp\u00e9tences de base.","og_url":"https:\/\/funoc.be\/?page_id=128","og_site_name":"Funoc","article_publisher":"https:\/\/www.facebook.com\/la.funoc","article_modified_time":"2024-01-15T10:41:05+00:00","og_image":[{"width":1920,"height":1280,"url":"https:\/\/funoc.be\/wp-content\/uploads\/2024\/01\/trouve-ta-formation-cousin.png","type":"image\/png"}],"twitter_card":"summary_large_image","twitter_misc":{"Dur\u00e9e de lecture estim\u00e9e":"3 minutes"},"schema":{"@context":"https:\/\/schema.org","@graph":[{"@type":"WebPage","@id":"https:\/\/funoc.be\/?page_id=128","url":"https:\/\/funoc.be\/?page_id=128","name":"Formation de base : un tremplin pour ton avenir","isPartOf":{"@id":"https:\/\/funoc.be\/#website"},"datePublished":"2023-10-20T10:44:44+00:00","dateModified":"2024-01-15T10:41:05+00:00","description":"Mets toutes les chances de ton c\u00f4t\u00e9 pour d\u00e9goter un emploi ou une formation avec notre module connaissances et comp\u00e9tences de base.","breadcrumb":{"@id":"https:\/\/funoc.be\/?page_id=128#breadcrumb"},"inLanguage":"fr-FR","potentialAction":[{"@type":"ReadAction","target":["https:\/\/funoc.be\/?page_id=128"]}]},{"@type":"BreadcrumbList","@id":"https:\/\/funoc.be\/?page_id=128#breadcrumb","itemListElement":[{"@type":"ListItem","position":1,"name":"Accueil","item":"https:\/\/funoc.be\/"},{"@type":"ListItem","position":2,"name":"Formation : UN TREMPLIN POUR TON AVENIR | Pr\u00e9pare-toi au monde du travail gr\u00e2ce \u00e0 des connaissances et comp\u00e9tences de base"}]},{"@type":"WebSite","@id":"https:\/\/funoc.be\/#website","url":"https:\/\/funoc.be\/","name":"FUNOC : la formation \u00e0 Charleroi","description":"La formation, c&#039;est FUN&#039; OK ?","publisher":{"@id":"https:\/\/funoc.be\/#organization"},"potentialAction":[{"@type":"SearchAction","target":{"@type":"EntryPoint","urlTemplate":"https:\/\/funoc.be\/?s={search_term_string}"},"query-input":"required name=search_term_string"}],"inLanguage":"fr-FR"},{"@type":"Organization","@id":"https:\/\/funoc.be\/#organization","name":"FUNOC : la formation \u00e0 Charleroi","url":"https:\/\/funoc.be\/","logo":{"@type":"ImageObject","inLanguage":"fr-FR","@id":"https:\/\/funoc.be\/#\/schema\/logo\/image\/","url":"https:\/\/funoc.be\/wp-content\/uploads\/2023\/10\/funoc_logo_positif_sansfond_900X900_72pdi.png","contentUrl":"https:\/\/funoc.be\/wp-content\/uploads\/2023\/10\/funoc_logo_positif_sansfond_900X900_72pdi.png","width":900,"height":900,"caption":"FUNOC : la formation \u00e0 Charleroi"},"image":{"@id":"https:\/\/funoc.be\/#\/schema\/logo\/image\/"},"sameAs":["https:\/\/www.facebook.com\/la.funoc"]}]}},"_links":{"self":[{"href":"https:\/\/funoc.be\/index.php?rest_route=\/wp\/v2\/pages\/128","targetHints":{"allow":["GET"]}}],"collection":[{"href":"https:\/\/funoc.be\/index.php?rest_route=\/wp\/v2\/pages"}],"about":[{"href":"https:\/\/funoc.be\/index.php?rest_route=\/wp\/v2\/types\/page"}],"author":[{"embeddable":true,"href":"https:\/\/funoc.be\/index.php?rest_route=\/wp\/v2\/users\/2"}],"replies":[{"embeddable":true,"href":"https:\/\/funoc.be\/index.php?rest_route=%2Fwp%2Fv2%2Fcomments&post=128"}],"version-history":[{"count":15,"href":"https:\/\/funoc.be\/index.php?rest_route=\/wp\/v2\/pages\/128\/revisions"}],"predecessor-version":[{"id":338,"href":"https:\/\/funoc.be\/index.php?rest_route=\/wp\/v2\/pages\/128\/revisions\/338"}],"wp:attachment":[{"href":"https:\/\/funoc.be\/index.php?rest_route=%2Fwp%2Fv2%2Fmedia&parent=128"}],"curies":[{"name":"wp","href":"https:\/\/api.w.org\/{rel}","templated":true}]}}