{"id":187,"date":"2023-10-23T09:44:35","date_gmt":"2023-10-23T07:44:35","guid":{"rendered":"https:\/\/funoc-dev.funoc.be\/?page_id=187"},"modified":"2023-10-23T09:44:35","modified_gmt":"2023-10-23T07:44:35","slug":"je-veux-apprendre-a-lire-et-a-ecrire-obtiens-les-connaissances-de-base-en-francais-pour-acceder-a-une-formation-alphabetisation","status":"publish","type":"page","link":"https:\/\/funoc.be\/?page_id=187","title":{"rendered":"JE VEUX APPRENDRE \u00c0 LIRE ET \u00c0 \u00c9CRIRE |Obtiens les connaissances de base en fran\u00e7ais pour acc\u00e9der \u00e0 une formation (alphab\u00e9tisation)"},"content":{"rendered":"\n<p>En Belgique, on consid\u00e8re qu&rsquo;un adulte sur dix \u00e9prouve des difficult\u00e9s pour lire et \u00e9crire. Tu en fais partie ? Ce n&rsquo;est pas un probl\u00e8me (et tu ne dois pas t&rsquo;en vouloir). La Funoc a tout pr\u00e9vu pour t&rsquo;aider sur le chemin de l&rsquo;alphab\u00e9tisation. <\/p>\n\n\n\n<h2 class=\"wp-block-heading\">Objectif<\/h2>\n\n\n\n<ul class=\"wp-block-list\">\n<li>Acqu\u00e9rir des comp\u00e9tences de base en :\n<ul class=\"wp-block-list\">\n<li>Fran\u00e7ais : expression orale, lecture, \u00e9criture (apprendre \u00e0 lire et \u00e0 \u00e9crire)<\/li>\n\n\n\n<li>Logique et math\u00e9matiques<\/li>\n\n\n\n<li>Informatique<\/li>\n\n\n\n<li>Initiation socio \u00e9conomique<\/li>\n<\/ul>\n<\/li>\n\n\n\n<li>Acqu\u00e9rir ou am\u00e9liorer ses comp\u00e9tences sociales, d\u00e9velopper la qualification sociale.<\/li>\n\n\n\n<li>Travailler son projet d&rsquo;insertion socioprofessionnelle, pr\u00e9parer un projet post-formation.<\/li>\n<\/ul>\n\n\n\n<h2 class=\"wp-block-heading\">Contenu de la formation<\/h2>\n\n\n\n<ul class=\"wp-block-list\">\n<li>Alpha non francophones : cours collectifs de fran\u00e7ais et communication, plage sp\u00e9cifique d&rsquo;\u00e9crit.<\/li>\n\n\n\n<li>Alpha francophones : Groupes de niveaux de non lecteur \u00e0 CEB non acquis, cours collectifs de fran\u00e7ais, communication, logique\/math, informatique et initiation socio \u00e9conomique.<\/li>\n<\/ul>\n\n\n\n<h3 class=\"wp-block-heading\">Encadrements sp\u00e9cifiques<\/h3>\n\n\n\n<p>Logop\u00e9die (si dyslexie)<\/p>\n\n\n\n<details class=\"wp-block-details is-layout-flow wp-block-details-is-layout-flow\"><summary>Eur\u00eaka<\/summary>\n<p class=\"has-base-background-color has-background\">Atelier de logique et de r\u00e9flexion pour les d\u00e9butants (\u00e0 la place des maths)<\/p>\n<\/details>\n\n\n\n<details class=\"wp-block-details is-layout-flow wp-block-details-is-layout-flow\"><summary>Alpha expression et communication (multi-niveaux\/tous lecteurs)<\/summary>\n<p class=\"has-base-background-color has-background\">P\u00e9dagogie du projet, travail transversal en fran\u00e7ais, communication, informatique pour aboutir \u00e0 une production collective.<\/p>\n<\/details>\n\n\n\n<details class=\"wp-block-details is-layout-flow wp-block-details-is-layout-flow\"><summary>CERESSA (tous lecteurs\/travail en autonomie)<\/summary>\n<div class=\"wp-block-group has-base-background-color has-background has-global-padding is-layout-constrained wp-container-core-group-is-layout-52009084 wp-block-group-is-layout-constrained\" style=\"padding-top:var(--wp--preset--spacing--40);padding-right:var(--wp--preset--spacing--40);padding-bottom:var(--wp--preset--spacing--40);padding-left:var(--wp--preset--spacing--40)\">\n<p>Ce centre de ressources alpha cible le public qui a un projet d&rsquo;insertion socioprofessionnelle.<\/p>\n\n\n\n<p>P\u00e9dagogie individualis\u00e9e et adapt\u00e9e au projet de chaque stagiaire, possibilit\u00e9 de stages, travail sur les attitudes professionnelles et sur les outils de recehrce active d&#8217;emploi.<\/p>\n<\/div>\n<\/details>\n\n\n\n<h2 class=\"wp-block-heading\">Nos formateurs<\/h2>\n\n\n\n<p>Bient\u00f4t&#8230;<\/p>\n\n\n\n<h2 class=\"wp-block-heading\">Quelques t\u00e9moignages de stagiaires<\/h2>\n\n\n\n<p>\u00c0 venir&#8230;<\/p>\n\n\n\n<p class=\"has-custom-bleu-funoc-color has-text-color has-x-large-font-size\" style=\"font-style:normal;font-weight:700;line-height:1\">Tu veux faire comme eux ? Tout commence par<strong> <\/strong><a href=\"https:\/\/funoc.be\/?page_id=33\">une s\u00e9ance d&rsquo;information<\/a><strong> <\/strong>!<\/p>\n","protected":false},"excerpt":{"rendered":"<p>En Belgique, on consid\u00e8re qu&rsquo;un adulte sur dix \u00e9prouve des difficult\u00e9s pour lire et \u00e9crire. Tu en fais partie ? Ce n&rsquo;est pas un probl\u00e8me (et tu ne dois pas t&rsquo;en vouloir). La Funoc a tout pr\u00e9vu pour t&rsquo;aider sur le chemin de l&rsquo;alphab\u00e9tisation. Objectif Contenu de la formation Encadrements sp\u00e9cifiques Logop\u00e9die (si dyslexie) Nos [&hellip;]<\/p>\n","protected":false},"author":2,"featured_media":0,"parent":0,"menu_order":0,"comment_status":"closed","ping_status":"closed","template":"","meta":{"footnotes":""},"class_list":["post-187","page","type-page","status-publish","hentry"],"yoast_head":"<!-- This site is optimized with the Yoast SEO plugin v21.4 - https:\/\/yoast.com\/wordpress\/plugins\/seo\/ -->\n<title>Apprendre \u00e0 lire et \u00e0 \u00e9crire \u00e0 la FUNOC<\/title>\n<meta name=\"description\" content=\"D\u00e9couvrez notre formation de base pour lire et \u00e9crire en fran\u00e7ais afin d&#039;acc\u00e9der \u00e0 une formation. L&#039;alphab\u00e9tisation \u00e0 la FUNOC.\" \/>\n<meta name=\"robots\" content=\"index, follow, max-snippet:-1, max-image-preview:large, max-video-preview:-1\" \/>\n<link rel=\"canonical\" href=\"https:\/\/funoc.be\/?page_id=187\" \/>\n<meta property=\"og:locale\" content=\"fr_FR\" \/>\n<meta property=\"og:type\" content=\"article\" \/>\n<meta property=\"og:title\" content=\"Apprendre \u00e0 lire et \u00e0 \u00e9crire \u00e0 la FUNOC\" \/>\n<meta property=\"og:description\" content=\"D\u00e9couvrez notre formation de base pour lire et \u00e9crire en fran\u00e7ais afin d&#039;acc\u00e9der \u00e0 une formation. L&#039;alphab\u00e9tisation \u00e0 la FUNOC.\" \/>\n<meta property=\"og:url\" content=\"https:\/\/funoc.be\/?page_id=187\" \/>\n<meta property=\"og:site_name\" content=\"Funoc\" \/>\n<meta property=\"article:publisher\" content=\"https:\/\/www.facebook.com\/la.funoc\" \/>\n<meta property=\"og:image\" content=\"https:\/\/funoc.be\/wp-content\/uploads\/2024\/01\/trouve-ta-formation-cousin.png\" \/>\n\t<meta property=\"og:image:width\" content=\"1920\" \/>\n\t<meta property=\"og:image:height\" content=\"1280\" \/>\n\t<meta property=\"og:image:type\" content=\"image\/png\" \/>\n<meta name=\"twitter:card\" content=\"summary_large_image\" \/>\n<meta name=\"twitter:label1\" content=\"Dur\u00e9e de lecture estim\u00e9e\" \/>\n\t<meta name=\"twitter:data1\" content=\"2 minutes\" \/>\n<script type=\"application\/ld+json\" class=\"yoast-schema-graph\">{\"@context\":\"https:\/\/schema.org\",\"@graph\":[{\"@type\":\"WebPage\",\"@id\":\"https:\/\/funoc.be\/?page_id=187\",\"url\":\"https:\/\/funoc.be\/?page_id=187\",\"name\":\"Apprendre \u00e0 lire et \u00e0 \u00e9crire \u00e0 la FUNOC\",\"isPartOf\":{\"@id\":\"https:\/\/funoc.be\/#website\"},\"datePublished\":\"2023-10-23T07:44:35+00:00\",\"dateModified\":\"2023-10-23T07:44:35+00:00\",\"description\":\"D\u00e9couvrez notre formation de base pour lire et \u00e9crire en fran\u00e7ais afin d'acc\u00e9der \u00e0 une formation. L'alphab\u00e9tisation \u00e0 la FUNOC.\",\"breadcrumb\":{\"@id\":\"https:\/\/funoc.be\/?page_id=187#breadcrumb\"},\"inLanguage\":\"fr-FR\",\"potentialAction\":[{\"@type\":\"ReadAction\",\"target\":[\"https:\/\/funoc.be\/?page_id=187\"]}]},{\"@type\":\"BreadcrumbList\",\"@id\":\"https:\/\/funoc.be\/?page_id=187#breadcrumb\",\"itemListElement\":[{\"@type\":\"ListItem\",\"position\":1,\"name\":\"Accueil\",\"item\":\"https:\/\/funoc.be\/\"},{\"@type\":\"ListItem\",\"position\":2,\"name\":\"JE VEUX APPRENDRE \u00c0 LIRE ET \u00c0 \u00c9CRIRE |Obtiens les connaissances de base en fran\u00e7ais pour acc\u00e9der \u00e0 une formation (alphab\u00e9tisation)\"}]},{\"@type\":\"WebSite\",\"@id\":\"https:\/\/funoc.be\/#website\",\"url\":\"https:\/\/funoc.be\/\",\"name\":\"FUNOC : la formation \u00e0 Charleroi\",\"description\":\"La formation, c&#039;est FUN&#039; OK ?\",\"publisher\":{\"@id\":\"https:\/\/funoc.be\/#organization\"},\"potentialAction\":[{\"@type\":\"SearchAction\",\"target\":{\"@type\":\"EntryPoint\",\"urlTemplate\":\"https:\/\/funoc.be\/?s={search_term_string}\"},\"query-input\":\"required name=search_term_string\"}],\"inLanguage\":\"fr-FR\"},{\"@type\":\"Organization\",\"@id\":\"https:\/\/funoc.be\/#organization\",\"name\":\"FUNOC : la formation \u00e0 Charleroi\",\"url\":\"https:\/\/funoc.be\/\",\"logo\":{\"@type\":\"ImageObject\",\"inLanguage\":\"fr-FR\",\"@id\":\"https:\/\/funoc.be\/#\/schema\/logo\/image\/\",\"url\":\"https:\/\/funoc.be\/wp-content\/uploads\/2023\/10\/funoc_logo_positif_sansfond_900X900_72pdi.png\",\"contentUrl\":\"https:\/\/funoc.be\/wp-content\/uploads\/2023\/10\/funoc_logo_positif_sansfond_900X900_72pdi.png\",\"width\":900,\"height\":900,\"caption\":\"FUNOC : la formation \u00e0 Charleroi\"},\"image\":{\"@id\":\"https:\/\/funoc.be\/#\/schema\/logo\/image\/\"},\"sameAs\":[\"https:\/\/www.facebook.com\/la.funoc\"]}]}<\/script>\n<!-- \/ Yoast SEO plugin. -->","yoast_head_json":{"title":"Apprendre \u00e0 lire et \u00e0 \u00e9crire \u00e0 la FUNOC","description":"D\u00e9couvrez notre formation de base pour lire et \u00e9crire en fran\u00e7ais afin d'acc\u00e9der \u00e0 une formation. L'alphab\u00e9tisation \u00e0 la FUNOC.","robots":{"index":"index","follow":"follow","max-snippet":"max-snippet:-1","max-image-preview":"max-image-preview:large","max-video-preview":"max-video-preview:-1"},"canonical":"https:\/\/funoc.be\/?page_id=187","og_locale":"fr_FR","og_type":"article","og_title":"Apprendre \u00e0 lire et \u00e0 \u00e9crire \u00e0 la FUNOC","og_description":"D\u00e9couvrez notre formation de base pour lire et \u00e9crire en fran\u00e7ais afin d'acc\u00e9der \u00e0 une formation. L'alphab\u00e9tisation \u00e0 la FUNOC.","og_url":"https:\/\/funoc.be\/?page_id=187","og_site_name":"Funoc","article_publisher":"https:\/\/www.facebook.com\/la.funoc","og_image":[{"width":1920,"height":1280,"url":"https:\/\/funoc.be\/wp-content\/uploads\/2024\/01\/trouve-ta-formation-cousin.png","type":"image\/png"}],"twitter_card":"summary_large_image","twitter_misc":{"Dur\u00e9e de lecture estim\u00e9e":"2 minutes"},"schema":{"@context":"https:\/\/schema.org","@graph":[{"@type":"WebPage","@id":"https:\/\/funoc.be\/?page_id=187","url":"https:\/\/funoc.be\/?page_id=187","name":"Apprendre \u00e0 lire et \u00e0 \u00e9crire \u00e0 la FUNOC","isPartOf":{"@id":"https:\/\/funoc.be\/#website"},"datePublished":"2023-10-23T07:44:35+00:00","dateModified":"2023-10-23T07:44:35+00:00","description":"D\u00e9couvrez notre formation de base pour lire et \u00e9crire en fran\u00e7ais afin d'acc\u00e9der \u00e0 une formation. L'alphab\u00e9tisation \u00e0 la FUNOC.","breadcrumb":{"@id":"https:\/\/funoc.be\/?page_id=187#breadcrumb"},"inLanguage":"fr-FR","potentialAction":[{"@type":"ReadAction","target":["https:\/\/funoc.be\/?page_id=187"]}]},{"@type":"BreadcrumbList","@id":"https:\/\/funoc.be\/?page_id=187#breadcrumb","itemListElement":[{"@type":"ListItem","position":1,"name":"Accueil","item":"https:\/\/funoc.be\/"},{"@type":"ListItem","position":2,"name":"JE VEUX APPRENDRE \u00c0 LIRE ET \u00c0 \u00c9CRIRE |Obtiens les connaissances de base en fran\u00e7ais pour acc\u00e9der \u00e0 une formation (alphab\u00e9tisation)"}]},{"@type":"WebSite","@id":"https:\/\/funoc.be\/#website","url":"https:\/\/funoc.be\/","name":"FUNOC : la formation \u00e0 Charleroi","description":"La formation, c&#039;est FUN&#039; OK ?","publisher":{"@id":"https:\/\/funoc.be\/#organization"},"potentialAction":[{"@type":"SearchAction","target":{"@type":"EntryPoint","urlTemplate":"https:\/\/funoc.be\/?s={search_term_string}"},"query-input":"required name=search_term_string"}],"inLanguage":"fr-FR"},{"@type":"Organization","@id":"https:\/\/funoc.be\/#organization","name":"FUNOC : la formation \u00e0 Charleroi","url":"https:\/\/funoc.be\/","logo":{"@type":"ImageObject","inLanguage":"fr-FR","@id":"https:\/\/funoc.be\/#\/schema\/logo\/image\/","url":"https:\/\/funoc.be\/wp-content\/uploads\/2023\/10\/funoc_logo_positif_sansfond_900X900_72pdi.png","contentUrl":"https:\/\/funoc.be\/wp-content\/uploads\/2023\/10\/funoc_logo_positif_sansfond_900X900_72pdi.png","width":900,"height":900,"caption":"FUNOC : la formation \u00e0 Charleroi"},"image":{"@id":"https:\/\/funoc.be\/#\/schema\/logo\/image\/"},"sameAs":["https:\/\/www.facebook.com\/la.funoc"]}]}},"_links":{"self":[{"href":"https:\/\/funoc.be\/index.php?rest_route=\/wp\/v2\/pages\/187","targetHints":{"allow":["GET"]}}],"collection":[{"href":"https:\/\/funoc.be\/index.php?rest_route=\/wp\/v2\/pages"}],"about":[{"href":"https:\/\/funoc.be\/index.php?rest_route=\/wp\/v2\/types\/page"}],"author":[{"embeddable":true,"href":"https:\/\/funoc.be\/index.php?rest_route=\/wp\/v2\/users\/2"}],"replies":[{"embeddable":true,"href":"https:\/\/funoc.be\/index.php?rest_route=%2Fwp%2Fv2%2Fcomments&post=187"}],"version-history":[{"count":1,"href":"https:\/\/funoc.be\/index.php?rest_route=\/wp\/v2\/pages\/187\/revisions"}],"predecessor-version":[{"id":188,"href":"https:\/\/funoc.be\/index.php?rest_route=\/wp\/v2\/pages\/187\/revisions\/188"}],"wp:attachment":[{"href":"https:\/\/funoc.be\/index.php?rest_route=%2Fwp%2Fv2%2Fmedia&parent=187"}],"curies":[{"name":"wp","href":"https:\/\/api.w.org\/{rel}","templated":true}]}}