{"id":190,"date":"2023-10-23T10:03:39","date_gmt":"2023-10-23T08:03:39","guid":{"rendered":"https:\/\/funoc-dev.funoc.be\/?page_id=190"},"modified":"2024-01-16T15:28:56","modified_gmt":"2024-01-16T14:28:56","slug":"trouve-ta-voie-dessine-ton-projet-professionnel-et-personnel","status":"publish","type":"page","link":"https:\/\/funoc.be\/?page_id=190","title":{"rendered":"TROUVE TA VOIE | Dessine ton projet professionnel et personnel"},"content":{"rendered":"\n<p>Besoin d&rsquo;y voir un peu plus clair et de valider tes id\u00e9es ? Notre module orientation est fait pour toi, francophone ou non, avec ou sans exp\u00e9rience professionnelle. Si tu d\u00e9sires travailler et te rassurer sur ton projet d&rsquo;orientation socioprofessionnelle (mais que tu ne poss\u00e8des ni les outils ni les savoir-faire), la Funoc est l\u00e0 pour t&rsquo;aider. <\/p>\n\n\n\n<h2 class=\"wp-block-heading\">Objectifs de l&rsquo;orientation<\/h2>\n\n\n\n<ul class=\"wp-block-list\">\n<li>D\u00e9velopper la formation g\u00e9n\u00e9rale, la qualification sociale, l&rsquo;estime de soi et la r\u00e9insertion socioprofessionnelle.<\/li>\n\n\n\n<li>Acqu\u00e9rir une connaissance du monde de la formation, de l&#8217;emploi et du travail.<\/li>\n\n\n\n<li>Analyser ses aspirations professionnelles, mise en lien avec les comp\u00e9tences acquises et \u00e0 acqu\u00e9rir.<\/li>\n\n\n\n<li>Analyser et r\u00e9soudre.<\/li>\n\n\n\n<li>R\u00e9aliser des stages d&rsquo;acculturation en entreprise et\/ou chez des op\u00e9rateurs de formation.<\/li>\n\n\n\n<li>\u00c9tablir un plan d&rsquo;action post-formation r\u00e9aliste.<\/li>\n\n\n\n<li>Coaching utile pour la mise en \u0153uvre de celui-ci.<\/li>\n<\/ul>\n\n\n\n<h2 class=\"wp-block-heading\">Contenu<\/h2>\n\n\n\n<p>Cours collectifs : ateliers de mise en projet, orientation et d\u00e9veloppement personnel. Cours de fran\u00e7ais \/ cours de math\u00e9matique \/ cours de communication \/ cours d&rsquo;informatique. Entretiens individuels : en lien avec la mise en projet, les freins, l&rsquo;\u00e9volution dans la formation. Stages d&rsquo;acculturation de 90h max reproductible une fois.<\/p>\n\n\n\n<p>R\u00e9alisation et mise en \u0153uvre d&rsquo;un plan d&rsquo;action post-formation.<\/p>\n\n\n\n<p>Les stagiaires son r\u00e9partis dans diff\u00e9rents groupes :<\/p>\n\n\n\n<ul class=\"wp-block-list\">\n<li>Des modules selon leur test de positionnement en fran\u00e7ais.<\/li>\n\n\n\n<li>Un module destin\u00e9 aux personnes tr\u00e8s \u00e9loign\u00e9es de toute d\u00e9marche d&rsquo;insertion socioprofessionnelle en raisons de situations de pr\u00e9carit\u00e9 qu&rsquo;ils g\u00e8rent avec beaucoup de difficult\u00e9s.<\/li>\n\n\n\n<li>Un module destin\u00e9 aux personnes en situation d&rsquo;analphab\u00e9tisme (travail essentiellement visuel).<\/li>\n\n\n\n<li>Un module est destin\u00e9 aux personnes \u00e9trang\u00e8res ou d&rsquo;origine \u00e9trang\u00e8re ayant une exp\u00e9rience professionnelle dans leur pays ayant acc\u00e8s au langage francophone oral mais pas n\u00e9cessairement \u00e9crit.<\/li>\n<\/ul>\n\n\n\n<h2 class=\"wp-block-heading\">Nos formateurs<\/h2>\n\n\n\n<p>\u00c0 venir&#8230;<\/p>\n\n\n\n<h2 class=\"wp-block-heading\">Quelques t\u00e9moignages de stagiaires<\/h2>\n\n\n\n<iframe loading=\"lazy\" src=\"https:\/\/www.facebook.com\/plugins\/video.php?height=314&#038;href=https%3A%2F%2Fwww.facebook.com%2Fla.funoc%2Fvideos%2F220542254173697%2F&#038;show_text=false&#038;width=560&#038;t=0\" width=\"560\" height=\"314\" style=\"border:none;overflow:hidden\" scrolling=\"no\" frameborder=\"0\" allowfullscreen=\"true\" allow=\"autoplay; clipboard-write; encrypted-media; picture-in-picture; web-share\" allowFullScreen=\"true\"><\/iframe>\n\n\n\n<p class=\"has-custom-bleu-funoc-color has-text-color has-x-large-font-size\" style=\"font-style:normal;font-weight:700;line-height:1\">Tu veux faire comme eux ? Tout commence par <a href=\"https:\/\/funoc.be\/?page_id=33\">une s\u00e9ance d&rsquo;information<\/a> !<\/p>\n","protected":false},"excerpt":{"rendered":"<p>Besoin d&rsquo;y voir un peu plus clair et de valider tes id\u00e9es ? Notre module orientation est fait pour toi, francophone ou non, avec ou sans exp\u00e9rience professionnelle. Si tu d\u00e9sires travailler et te rassurer sur ton projet d&rsquo;orientation socioprofessionnelle (mais que tu ne poss\u00e8des ni les outils ni les savoir-faire), la Funoc est l\u00e0 [&hellip;]<\/p>\n","protected":false},"author":2,"featured_media":0,"parent":0,"menu_order":0,"comment_status":"closed","ping_status":"closed","template":"","meta":{"footnotes":""},"class_list":["post-190","page","type-page","status-publish","hentry"],"yoast_head":"<!-- This site is optimized with the Yoast SEO plugin v21.4 - https:\/\/yoast.com\/wordpress\/plugins\/seo\/ -->\n<title>Dessine ton projet professionnel et personnel (orientation)<\/title>\n<meta name=\"description\" content=\"Envie de te lancer ? La Funoc te propose un module d&#039;orientation et de validation de projet complet \u00e0 Charleroi.\" \/>\n<meta name=\"robots\" content=\"index, follow, max-snippet:-1, max-image-preview:large, max-video-preview:-1\" \/>\n<link rel=\"canonical\" href=\"https:\/\/funoc.be\/?page_id=190\" \/>\n<meta property=\"og:locale\" content=\"fr_FR\" \/>\n<meta property=\"og:type\" content=\"article\" \/>\n<meta property=\"og:title\" content=\"Dessine ton projet professionnel et personnel (orientation)\" \/>\n<meta property=\"og:description\" content=\"Envie de te lancer ? La Funoc te propose un module d&#039;orientation et de validation de projet complet \u00e0 Charleroi.\" \/>\n<meta property=\"og:url\" content=\"https:\/\/funoc.be\/?page_id=190\" \/>\n<meta property=\"og:site_name\" content=\"Funoc\" \/>\n<meta property=\"article:publisher\" content=\"https:\/\/www.facebook.com\/la.funoc\" \/>\n<meta property=\"article:modified_time\" content=\"2024-01-16T14:28:56+00:00\" \/>\n<meta property=\"og:image\" content=\"https:\/\/funoc.be\/wp-content\/uploads\/2024\/01\/trouve-ta-formation-cousin.png\" \/>\n\t<meta property=\"og:image:width\" content=\"1920\" \/>\n\t<meta property=\"og:image:height\" content=\"1280\" \/>\n\t<meta property=\"og:image:type\" content=\"image\/png\" \/>\n<meta name=\"twitter:card\" content=\"summary_large_image\" \/>\n<meta name=\"twitter:label1\" content=\"Dur\u00e9e de lecture estim\u00e9e\" \/>\n\t<meta name=\"twitter:data1\" content=\"2 minutes\" \/>\n<script type=\"application\/ld+json\" class=\"yoast-schema-graph\">{\"@context\":\"https:\/\/schema.org\",\"@graph\":[{\"@type\":\"WebPage\",\"@id\":\"https:\/\/funoc.be\/?page_id=190\",\"url\":\"https:\/\/funoc.be\/?page_id=190\",\"name\":\"Dessine ton projet professionnel et personnel (orientation)\",\"isPartOf\":{\"@id\":\"https:\/\/funoc.be\/#website\"},\"datePublished\":\"2023-10-23T08:03:39+00:00\",\"dateModified\":\"2024-01-16T14:28:56+00:00\",\"description\":\"Envie de te lancer ? La Funoc te propose un module d'orientation et de validation de projet complet \u00e0 Charleroi.\",\"breadcrumb\":{\"@id\":\"https:\/\/funoc.be\/?page_id=190#breadcrumb\"},\"inLanguage\":\"fr-FR\",\"potentialAction\":[{\"@type\":\"ReadAction\",\"target\":[\"https:\/\/funoc.be\/?page_id=190\"]}]},{\"@type\":\"BreadcrumbList\",\"@id\":\"https:\/\/funoc.be\/?page_id=190#breadcrumb\",\"itemListElement\":[{\"@type\":\"ListItem\",\"position\":1,\"name\":\"Accueil\",\"item\":\"https:\/\/funoc.be\/\"},{\"@type\":\"ListItem\",\"position\":2,\"name\":\"TROUVE TA VOIE | Dessine ton projet professionnel et personnel\"}]},{\"@type\":\"WebSite\",\"@id\":\"https:\/\/funoc.be\/#website\",\"url\":\"https:\/\/funoc.be\/\",\"name\":\"FUNOC : la formation \u00e0 Charleroi\",\"description\":\"La formation, c&#039;est FUN&#039; OK ?\",\"publisher\":{\"@id\":\"https:\/\/funoc.be\/#organization\"},\"potentialAction\":[{\"@type\":\"SearchAction\",\"target\":{\"@type\":\"EntryPoint\",\"urlTemplate\":\"https:\/\/funoc.be\/?s={search_term_string}\"},\"query-input\":\"required name=search_term_string\"}],\"inLanguage\":\"fr-FR\"},{\"@type\":\"Organization\",\"@id\":\"https:\/\/funoc.be\/#organization\",\"name\":\"FUNOC : la formation \u00e0 Charleroi\",\"url\":\"https:\/\/funoc.be\/\",\"logo\":{\"@type\":\"ImageObject\",\"inLanguage\":\"fr-FR\",\"@id\":\"https:\/\/funoc.be\/#\/schema\/logo\/image\/\",\"url\":\"https:\/\/funoc.be\/wp-content\/uploads\/2023\/10\/funoc_logo_positif_sansfond_900X900_72pdi.png\",\"contentUrl\":\"https:\/\/funoc.be\/wp-content\/uploads\/2023\/10\/funoc_logo_positif_sansfond_900X900_72pdi.png\",\"width\":900,\"height\":900,\"caption\":\"FUNOC : la formation \u00e0 Charleroi\"},\"image\":{\"@id\":\"https:\/\/funoc.be\/#\/schema\/logo\/image\/\"},\"sameAs\":[\"https:\/\/www.facebook.com\/la.funoc\"]}]}<\/script>\n<!-- \/ Yoast SEO plugin. -->","yoast_head_json":{"title":"Dessine ton projet professionnel et personnel (orientation)","description":"Envie de te lancer ? La Funoc te propose un module d'orientation et de validation de projet complet \u00e0 Charleroi.","robots":{"index":"index","follow":"follow","max-snippet":"max-snippet:-1","max-image-preview":"max-image-preview:large","max-video-preview":"max-video-preview:-1"},"canonical":"https:\/\/funoc.be\/?page_id=190","og_locale":"fr_FR","og_type":"article","og_title":"Dessine ton projet professionnel et personnel (orientation)","og_description":"Envie de te lancer ? La Funoc te propose un module d'orientation et de validation de projet complet \u00e0 Charleroi.","og_url":"https:\/\/funoc.be\/?page_id=190","og_site_name":"Funoc","article_publisher":"https:\/\/www.facebook.com\/la.funoc","article_modified_time":"2024-01-16T14:28:56+00:00","og_image":[{"width":1920,"height":1280,"url":"https:\/\/funoc.be\/wp-content\/uploads\/2024\/01\/trouve-ta-formation-cousin.png","type":"image\/png"}],"twitter_card":"summary_large_image","twitter_misc":{"Dur\u00e9e de lecture estim\u00e9e":"2 minutes"},"schema":{"@context":"https:\/\/schema.org","@graph":[{"@type":"WebPage","@id":"https:\/\/funoc.be\/?page_id=190","url":"https:\/\/funoc.be\/?page_id=190","name":"Dessine ton projet professionnel et personnel (orientation)","isPartOf":{"@id":"https:\/\/funoc.be\/#website"},"datePublished":"2023-10-23T08:03:39+00:00","dateModified":"2024-01-16T14:28:56+00:00","description":"Envie de te lancer ? La Funoc te propose un module d'orientation et de validation de projet complet \u00e0 Charleroi.","breadcrumb":{"@id":"https:\/\/funoc.be\/?page_id=190#breadcrumb"},"inLanguage":"fr-FR","potentialAction":[{"@type":"ReadAction","target":["https:\/\/funoc.be\/?page_id=190"]}]},{"@type":"BreadcrumbList","@id":"https:\/\/funoc.be\/?page_id=190#breadcrumb","itemListElement":[{"@type":"ListItem","position":1,"name":"Accueil","item":"https:\/\/funoc.be\/"},{"@type":"ListItem","position":2,"name":"TROUVE TA VOIE | Dessine ton projet professionnel et personnel"}]},{"@type":"WebSite","@id":"https:\/\/funoc.be\/#website","url":"https:\/\/funoc.be\/","name":"FUNOC : la formation \u00e0 Charleroi","description":"La formation, c&#039;est FUN&#039; OK ?","publisher":{"@id":"https:\/\/funoc.be\/#organization"},"potentialAction":[{"@type":"SearchAction","target":{"@type":"EntryPoint","urlTemplate":"https:\/\/funoc.be\/?s={search_term_string}"},"query-input":"required name=search_term_string"}],"inLanguage":"fr-FR"},{"@type":"Organization","@id":"https:\/\/funoc.be\/#organization","name":"FUNOC : la formation \u00e0 Charleroi","url":"https:\/\/funoc.be\/","logo":{"@type":"ImageObject","inLanguage":"fr-FR","@id":"https:\/\/funoc.be\/#\/schema\/logo\/image\/","url":"https:\/\/funoc.be\/wp-content\/uploads\/2023\/10\/funoc_logo_positif_sansfond_900X900_72pdi.png","contentUrl":"https:\/\/funoc.be\/wp-content\/uploads\/2023\/10\/funoc_logo_positif_sansfond_900X900_72pdi.png","width":900,"height":900,"caption":"FUNOC : la formation \u00e0 Charleroi"},"image":{"@id":"https:\/\/funoc.be\/#\/schema\/logo\/image\/"},"sameAs":["https:\/\/www.facebook.com\/la.funoc"]}]}},"_links":{"self":[{"href":"https:\/\/funoc.be\/index.php?rest_route=\/wp\/v2\/pages\/190","targetHints":{"allow":["GET"]}}],"collection":[{"href":"https:\/\/funoc.be\/index.php?rest_route=\/wp\/v2\/pages"}],"about":[{"href":"https:\/\/funoc.be\/index.php?rest_route=\/wp\/v2\/types\/page"}],"author":[{"embeddable":true,"href":"https:\/\/funoc.be\/index.php?rest_route=\/wp\/v2\/users\/2"}],"replies":[{"embeddable":true,"href":"https:\/\/funoc.be\/index.php?rest_route=%2Fwp%2Fv2%2Fcomments&post=190"}],"version-history":[{"count":2,"href":"https:\/\/funoc.be\/index.php?rest_route=\/wp\/v2\/pages\/190\/revisions"}],"predecessor-version":[{"id":358,"href":"https:\/\/funoc.be\/index.php?rest_route=\/wp\/v2\/pages\/190\/revisions\/358"}],"wp:attachment":[{"href":"https:\/\/funoc.be\/index.php?rest_route=%2Fwp%2Fv2%2Fmedia&parent=190"}],"curies":[{"name":"wp","href":"https:\/\/api.w.org\/{rel}","templated":true}]}}