{"id":193,"date":"2023-10-23T10:29:38","date_gmt":"2023-10-23T08:29:38","guid":{"rendered":"https:\/\/funoc-dev.funoc.be\/?page_id=193"},"modified":"2025-04-07T11:00:00","modified_gmt":"2025-04-07T09:00:00","slug":"oui-je-veux-devenir-jardinier-dentretien-electricien-peintre-macon-plafonneur-carreleur-forme-toi-au-metier-de-tes-reves-dans-le-batiment","status":"publish","type":"page","link":"https:\/\/funoc.be\/?page_id=193","title":{"rendered":"OUI JE VEUX DEVENIR\u2026 jardinier d\u2019entretien, \u00e9lectricien, peintre, ma\u00e7on, plafonneur, carreleur | Forme-toi au m\u00e9tier de tes r\u00eaves dans le b\u00e2timent."},"content":{"rendered":"\n<p>Tu es dou\u00e9 en bricolage (ou aimerais le devenir) ou tu as la main verte ? D\u00e9couvres nos formations aux m\u00e9tiers du b\u00e2timent et horticulture !<\/p>\n\n\n\n<div class=\"wp-block-columns is-layout-flex wp-container-core-columns-is-layout-28f84493 wp-block-columns-is-layout-flex\">\n<div class=\"wp-block-column is-layout-flow wp-block-column-is-layout-flow\">\n<div class=\"wp-block-buttons is-content-justification-center is-layout-flex wp-container-core-buttons-is-layout-a89b3969 wp-block-buttons-is-layout-flex\">\n<div class=\"wp-block-button has-custom-width wp-block-button__width-75\"><a class=\"wp-block-button__link wp-element-button\" href=\"#ancrebatiment\">B\u00c2TIMENT<\/a><\/div>\n<\/div>\n<\/div>\n\n\n\n<div class=\"wp-block-column is-layout-flow wp-block-column-is-layout-flow\">\n<div class=\"wp-block-buttons is-content-justification-center is-layout-flex wp-container-core-buttons-is-layout-a89b3969 wp-block-buttons-is-layout-flex\">\n<div class=\"wp-block-button has-custom-width wp-block-button__width-75\"><a class=\"wp-block-button__link wp-element-button\" href=\"#ancrehorticulture\">HORTICULTURE<\/a><\/div>\n<\/div>\n<\/div>\n<\/div>\n\n\n\n<div style=\"height:100px\" aria-hidden=\"true\" class=\"wp-block-spacer\"><\/div>\n\n\n\n<h2 class=\"wp-block-heading\" id=\"ancrebatiment\">LES M\u00c9TIERS DU B\u00c2TIMENT<\/h2>\n\n\n\n<figure class=\"wp-block-image size-full\"><img loading=\"lazy\" decoding=\"async\" width=\"3058\" height=\"2039\" src=\"https:\/\/funoc.be\/wp-content\/uploads\/2025\/04\/IMG_20240924_140847.jpg\" alt=\"\" class=\"wp-image-551\"\/><\/figure>\n\n\n\n<p>\u00c9lectricit\u00e9, peinture, plafonnage, ma\u00e7onnerie ou carrelage, les m\u00e9tiers du b\u00e2timent sont nombreux et vari\u00e9s. De plus, c&rsquo;est un secteur o\u00f9 la demande est toujours tr\u00e8s forte. Une formation dans l&rsquo;une de ces fili\u00e8res est donc une excellente option d&rsquo;objectif socio professionnel. Tu es int\u00e9ress\u00e9(e) par les m\u00e9tiers manuels ? Lis la suite \ud83d\ude42<\/p>\n\n\n\n<h3 class=\"wp-block-heading\">Objectifs<\/h3>\n\n\n\n<ul class=\"wp-block-list\">\n<li>Acqu\u00e9rir un comportement professionnel.<\/li>\n\n\n\n<li>Acqu\u00e9rir des comp\u00e9tences de base dans une technique du m\u00e9tier du b\u00e2timent et am\u00e9liorer sa formation g\u00e9n\u00e9rale.<\/li>\n\n\n\n<li>\u00catre en mesure de postuler ensuite pour un emploi ou poursuivre une formation qualifiante dans un autre organisme (Forem, Promotion Sociale, IFAPME).<\/li>\n<\/ul>\n\n\n\n<h3 class=\"wp-block-heading\">Contenu de la formation aux m\u00e9tiers du b\u00e2timent<\/h3>\n\n\n\n<ul class=\"wp-block-list\">\n<li>Formation technique en atelier et\/ou sur chantiers\/\u00e9cole.<\/li>\n\n\n\n<li>Cours de fran\u00e7ais\/communication.<\/li>\n\n\n\n<li>Remise \u00e0 niveau en math\u00e9matiques et math\u00e9matiques appliqu\u00e9es aux m\u00e9tiers du b\u00e2timent.<\/li>\n\n\n\n<li>Travail sur le projet professionnel.<\/li>\n\n\n\n<li>Possibilit\u00e9 d&rsquo;effectuer un stage en entreprise.<\/li>\n\n\n\n<li>Possibilit\u00e9 d&rsquo;acqu\u00e9rir le VCA.<\/li>\n<\/ul>\n\n\n\n<h3 class=\"wp-block-heading\">Contenu des cours techniques (en atelier et\/ou sur chantier-\u00e9cole)<\/h3>\n\n\n\n<h4 class=\"wp-block-heading\">Comp\u00e9tences communes \u00e0 toutes les techniques<\/h4>\n\n\n\n<ul class=\"wp-block-list\">\n<li>Acquisition d&rsquo;un comportement professionnel (respecter les consignes de s\u00e9curit\u00e9 et d&rsquo;ergonomie, travailler en \u00e9quipe, g\u00e9rer un horaire, respecter le mat\u00e9riel, organiser son travail,&#8230;).<\/li>\n\n\n\n<li>Ma\u00eetriser des techniques g\u00e9n\u00e9rales (lire et comprendre des repr\u00e9sentations de base, prendre des mesures, utiliser l&rsquo;outillage,&#8230;).<\/li>\n\n\n\n<li>Gestion de la logistique de base (installer le poste de travail, g\u00e9rer les d\u00e9chets,&#8230;).<\/li>\n\n\n\n<li>D\u00e9veloppement de l&rsquo;autonomie sociale (d\u00e9velopper l&rsquo;estime de soi, d\u00e9velopper des strat\u00e9gies de r\u00e9solution de probl\u00e8mes, communiquer, s&rsquo;int\u00e9grer sur le march\u00e9 de l&#8217;emploi,&#8230;).<\/li>\n<\/ul>\n\n\n\n<h4 class=\"wp-block-heading\">Comp\u00e9tences sp\u00e9cifiques \u00e0 chaque m\u00e9tier<\/h4>\n\n\n\n<details class=\"wp-block-details is-layout-flow wp-block-details-is-layout-flow\"><summary>Plafonnage<\/summary>\n<p class=\"has-base-background-color has-background\">Pr\u00e9paration de supports &#8211; application de sous-couches &#8211; application manuelle de la couche de finition ext\u00e9rieure &#8211; mise en \u0153uvre des couches de finition ext\u00e9rieure \u00e0 base de ciment et de cr\u00e9pis &#8211; pose de plaques de pl\u00e2tre &#8211; montage des cloisons int\u00e9rieures en carreaux de pl\u00e2tre.<\/p>\n<\/details>\n\n\n\n<details class=\"wp-block-details is-layout-flow wp-block-details-is-layout-flow\"><summary>Ma\u00e7onnerie\/carrelage<\/summary>\n<p class=\"has-base-background-color has-background\">Participation \u00e0 la r\u00e9alisation de la ma\u00e7onnerie &#8211; r\u00e9alisation des travaux de jointement &#8211; participation aux travaux d&rsquo;\u00e9gouttage &#8211; participation \u00e0 la pose de planchers, hourdis et pr\u00e9-dalles.<\/p>\n<\/details>\n\n\n\n<details class=\"wp-block-details is-layout-flow wp-block-details-is-layout-flow\"><summary>Menuiserie bois\/alu<\/summary>\n<p class=\"has-base-background-color has-background\">Pr\u00e9paration des activit\u00e9s de construction et de montage &#8211; op\u00e9rations de transformation du bois et de l&rsquo;alu &#8211; assemblage et \u00e9quipement des \u00e9l\u00e9ments de menuiserie bois ou alu &#8211; placement de menuiseries bois telles que cloisons, meubles de cuisine, portes et ch\u00e2ssis.<\/p>\n<\/details>\n\n\n\n<details class=\"wp-block-details is-layout-flow wp-block-details-is-layout-flow\"><summary>Peinture<\/summary>\n<p class=\"has-base-background-color has-background\">Pr\u00e9paration des supports &#8211; application des peintures &#8211; application de rev\u00eatements muraux.<\/p>\n<\/details>\n\n\n\n<details class=\"wp-block-details is-layout-flow wp-block-details-is-layout-flow\"><summary>Sanitaire\/chauffage<\/summary>\n<p class=\"has-base-background-color has-background\">Ex\u00e9cution des travaux pr\u00e9paratoires \u00e0 l&rsquo;installation des \u00e9quipements &#8211; mise en \u0153uvre des diff\u00e9rentes tuyauteries &#8211; montage d&rsquo;installations sp\u00e9cifiques.<\/p>\n<\/details>\n\n\n\n<details class=\"wp-block-details is-layout-flow wp-block-details-is-layout-flow\"><summary>Electricit\u00e9 (aide-\u00e9lectricien)<\/summary>\n<p class=\"has-base-background-color has-background\">Pr\u00e9paration des l&rsquo;installation domestique &#8211; placement des \u00e9quipements de l&rsquo;installation domestique &#8211; participation \u00e0 la maintenance des installations.<\/p>\n<\/details>\n\n\n\n<details class=\"wp-block-details is-layout-flow wp-block-details-is-layout-flow\"><summary>Isolation<\/summary>\n<p class=\"has-base-background-color has-background\">R\u00e9alisation d&rsquo;une \u00e9tanch\u00e9it\u00e9 d&rsquo;air &#8211; r\u00e9alisation de l&rsquo;\u00e9tanch\u00e9it\u00e9 \u00e0 l&rsquo;air des membranes entre elles et par rapport au b\u00e2ti &#8211; r\u00e9alisation d&rsquo;une isolation thermique appliqu\u00e9e &#8211; r\u00e9alisation d&rsquo;une \u00e9tanch\u00e9it\u00e9 \u00e0 l&rsquo;eau et au vent de l&rsquo;enveloppe ext\u00e9rieure &#8211; r\u00e9alisation d&rsquo;une structure en bois ou m\u00e9tallique &#8211; initiation \u00e0 l&rsquo;utilisation d&rsquo;une cam\u00e9ra thermique.<\/p>\n<\/details>\n\n\n\n<h3 class=\"wp-block-heading\">Nos formateurs aux m\u00e9tiers du b\u00e2timent<\/h3>\n\n\n\n<p><strong>Benjamin<\/strong><\/p>\n\n\n\n<iframe loading=\"lazy\" src=\"https:\/\/www.facebook.com\/plugins\/video.php?height=314&#038;href=https%3A%2F%2Fwww.facebook.com%2Fla.funoc%2Fvideos%2F527307622806456%2F&#038;show_text=false&#038;width=560&#038;t=0\" width=\"560\" height=\"314\" style=\"border:none;overflow:hidden\" scrolling=\"no\" frameborder=\"0\" allowfullscreen=\"true\" allow=\"autoplay; clipboard-write; encrypted-media; picture-in-picture; web-share\" allowFullScreen=\"true\"><\/iframe>\n\n\n\n<h3 class=\"wp-block-heading\">Quelques t\u00e9moignages de stagiaires<\/h3>\n\n\n\n<p><strong>Jessica<\/strong><\/p>\n\n\n\n<iframe loading=\"lazy\" src=\"https:\/\/www.facebook.com\/plugins\/video.php?height=314&#038;href=https%3A%2F%2Fwww.facebook.com%2Fla.funoc%2Fvideos%2F9115173268523481%2F&#038;show_text=false&#038;width=560&#038;t=0\" width=\"560\" height=\"314\" style=\"border:none;overflow:hidden\" scrolling=\"no\" frameborder=\"0\" allowfullscreen=\"true\" allow=\"autoplay; clipboard-write; encrypted-media; picture-in-picture; web-share\" allowFullScreen=\"true\"><\/iframe>\n\n\n\n<div style=\"height:100px\" aria-hidden=\"true\" class=\"wp-block-spacer\"><\/div>\n\n\n\n<h2 class=\"wp-block-heading\" id=\"ancrehorticulture\">HORTICULTURE<\/h2>\n\n\n\n<p>Passionn\u00e9(e) de nature et de travail \u00e0 l&rsquo;ext\u00e9rieur ? Les m\u00e9tiers verts t&rsquo;attendent. D\u00e9couvre notre formation !<\/p>\n\n\n\n<h3 class=\"wp-block-heading\">Objectifs<\/h3>\n\n\n\n<ul class=\"wp-block-list\">\n<li>Acqu\u00e9rir un comportement professionnel.<\/li>\n\n\n\n<li>Am\u00e9liorer sa formation g\u00e9n\u00e9rale et acqu\u00e9rir des comp\u00e9tences dans les domaines suivants : horticulture g\u00e9n\u00e9rale &#8211; am\u00e9nagement parc et jardins &#8211; floriculture &#8211; culture biologique &#8211; entretien du mat\u00e9riel horticole &#8211; m\u00e9canique des petits moteurs.<\/li>\n\n\n\n<li>Obtenir une certification (en partenariat avec les Aum\u00f4niers du Travail de Charleroi) de \u00ab\u00a0jardinier d&rsquo;entretien\u00a0\u00bb de l&rsquo;enseignement de la promotion sociale de la Communaut\u00e9 Wallonie-Bruxelles.<\/li>\n\n\n\n<li>Acc\u00e9der \u00e0 des m\u00e9tiers porteur d&#8217;emplois.<\/li>\n<\/ul>\n\n\n\n<h3 class=\"wp-block-heading\">Contenu<\/h3>\n\n\n\n<ul class=\"wp-block-list\">\n<li>Formation technique sur chantier\/\u00e9cole et en salle de cours en partenariat avec les ATC qui se d\u00e9roule sur 2 ans \u00e0 raison de 30h\/semaine.<\/li>\n\n\n\n<li>Remise \u00e0 niveau en fran\u00e7ais et math\u00e9matiques en lien avec les comp\u00e9tences n\u00e9cessaires en lien avec les techniques de l&rsquo;horticulture.<\/li>\n\n\n\n<li>Stages en entreprises (2 stages de 4 semaines) &#8211; visites de chantiers et travail sur chantiers.<\/li>\n\n\n\n<li>\u00c9laboration d&rsquo;un projet professionnel.<\/li>\n<\/ul>\n\n\n\n<h3 class=\"wp-block-heading\">Contenu des cours techniques (sur chantiers\/\u00e9cole ou en salle de cours)<\/h3>\n\n\n\n<ul class=\"wp-block-list\">\n<li>Acquisition d&rsquo;un comportement professionnel (respecter les consignes de s\u00e9curit\u00e9 et d&rsquo;ergonomie, travailler en \u00e9quipe, g\u00e9rer un horaire, respecter le mat\u00e9riel, organiser son travail,&#8230;).<\/li>\n\n\n\n<li>Ma\u00eetrise des techniques g\u00e9n\u00e9rales (lire et comprendre des repr\u00e9sentations de base, prendre des mesures, utiliser l&rsquo;outillage,&#8230;).<\/li>\n\n\n\n<li>Gestion de la logistique de base.<\/li>\n\n\n\n<li>D\u00e9veloppement de l&rsquo;autonomie sociale (d\u00e9velopper l&rsquo;estime de soi, d\u00e9velopper des strat\u00e9gies de r\u00e9solution de probl\u00e8mes, communiquer, s&rsquo;int\u00e9grer sur le march\u00e9 de l&#8217;emploie,&#8230;).<\/li>\n\n\n\n<li>Conduite et inspection d&rsquo;une culture coop\u00e9rative, potag\u00e8re et fruiti\u00e8re.<\/li>\n\n\n\n<li>Mise en \u0153uvre techniques ou op\u00e9rations li\u00e9es : \u00e0 la pr\u00e9paration des sols, aux semis et aux plantations &#8211; \u00e0 l&rsquo;entretien des parcelles, massifs, plates-bades, parterres et vergers &#8211; \u00e0 la multiplication des plantes &#8211; \u00e0 la fertilisation &#8211; \u00e0 la protection des v\u00e9g\u00e9taux, \u00e0 l&rsquo;implantation et \u00e0 l&rsquo;entretien d&rsquo;une pelouse &#8211; \u00e0 la r\u00e9alisation des travaux d&rsquo;infrastructure d&rsquo;un espace vert &#8211; au maintien op\u00e9rationnel des outils, machines, mat\u00e9riels et infrastructures.<\/li>\n<\/ul>\n\n\n\n<h3 class=\"wp-block-heading\">Nos formateurs en horticulture<\/h3>\n\n\n\n<p><strong>Julien<\/strong><\/p>\n\n\n\n<iframe loading=\"lazy\" src=\"https:\/\/www.facebook.com\/plugins\/video.php?height=314&#038;href=https%3A%2F%2Fwww.facebook.com%2Fla.funoc%2Fvideos%2F534430618831076%2F&#038;show_text=false&#038;width=560&#038;t=0\" width=\"560\" height=\"314\" style=\"border:none;overflow:hidden\" scrolling=\"no\" frameborder=\"0\" allowfullscreen=\"true\" allow=\"autoplay; clipboard-write; encrypted-media; picture-in-picture; web-share\" allowFullScreen=\"true\"><\/iframe>\n\n\n\n<h3 class=\"wp-block-heading\">Quelques t\u00e9moignages de stagiaires aux m\u00e9tiers du b\u00e2timent<\/h3>\n\n\n\n<p><strong>Johan<\/strong><\/p>\n\n\n\n<iframe loading=\"lazy\" src=\"https:\/\/www.facebook.com\/plugins\/video.php?height=314&#038;href=https%3A%2F%2Fwww.facebook.com%2Fla.funoc%2Fvideos%2F1274807933441544%2F&#038;show_text=false&#038;width=560&#038;t=0\" width=\"560\" height=\"314\" style=\"border:none;overflow:hidden\" scrolling=\"no\" frameborder=\"0\" allowfullscreen=\"true\" allow=\"autoplay; clipboard-write; encrypted-media; picture-in-picture; web-share\" allowFullScreen=\"true\"><\/iframe>\n\n\n\n<p><strong>Michael<\/strong><\/p>\n\n\n\n<iframe loading=\"lazy\" src=\"https:\/\/www.facebook.com\/plugins\/video.php?height=314&#038;href=https%3A%2F%2Fwww.facebook.com%2Fla.funoc%2Fvideos%2F611714364344092%2F&#038;show_text=false&#038;width=560&#038;t=0\" width=\"560\" height=\"314\" style=\"border:none;overflow:hidden\" scrolling=\"no\" frameborder=\"0\" allowfullscreen=\"true\" allow=\"autoplay; clipboard-write; encrypted-media; picture-in-picture; web-share\" allowFullScreen=\"true\"><\/iframe>\n\n\n\n<div style=\"height:42px\" aria-hidden=\"true\" class=\"wp-block-spacer\"><\/div>\n\n\n\n<p class=\"has-custom-bleu-funoc-color has-text-color has-x-large-font-size\" style=\"font-style:normal;font-weight:700;line-height:1\">Tu veux faire comme eux ? Tout commence par <a href=\"https:\/\/funoc.be\/?page_id=33\">une s\u00e9ance d&rsquo;information<\/a> !<\/p>\n","protected":false},"excerpt":{"rendered":"<p>Tu es dou\u00e9 en bricolage (ou aimerais le devenir) ou tu as la main verte ? D\u00e9couvres nos formations aux m\u00e9tiers du b\u00e2timent et horticulture ! LES M\u00c9TIERS DU B\u00c2TIMENT \u00c9lectricit\u00e9, peinture, plafonnage, ma\u00e7onnerie ou carrelage, les m\u00e9tiers du b\u00e2timent sont nombreux et vari\u00e9s. De plus, c&rsquo;est un secteur o\u00f9 la demande est toujours tr\u00e8s [&hellip;]<\/p>\n","protected":false},"author":2,"featured_media":0,"parent":0,"menu_order":0,"comment_status":"closed","ping_status":"closed","template":"","meta":{"footnotes":""},"class_list":["post-193","page","type-page","status-publish","hentry"],"yoast_head":"<!-- This site is optimized with the Yoast SEO plugin v21.4 - https:\/\/yoast.com\/wordpress\/plugins\/seo\/ -->\n<title>FUNOC : formation aux m\u00e9tiers du b\u00e2timent<\/title>\n<meta name=\"description\" content=\"Tu veux devenir menuisier, \u00e9lectriciens, carreleur ou horticulteur ? La Funoc te forme aux m\u00e9tiers du b\u00e2timent \u00e0 Charleroi.\" \/>\n<meta name=\"robots\" content=\"index, follow, max-snippet:-1, max-image-preview:large, max-video-preview:-1\" \/>\n<link rel=\"canonical\" href=\"https:\/\/funoc.be\/?page_id=193\" \/>\n<meta property=\"og:locale\" content=\"fr_FR\" \/>\n<meta property=\"og:type\" content=\"article\" \/>\n<meta property=\"og:title\" content=\"FUNOC : formation aux m\u00e9tiers du b\u00e2timent\" \/>\n<meta property=\"og:description\" content=\"Tu veux devenir menuisier, \u00e9lectriciens, carreleur ou horticulteur ? La Funoc te forme aux m\u00e9tiers du b\u00e2timent \u00e0 Charleroi.\" \/>\n<meta property=\"og:url\" content=\"https:\/\/funoc.be\/?page_id=193\" \/>\n<meta property=\"og:site_name\" content=\"Funoc\" \/>\n<meta property=\"article:publisher\" content=\"https:\/\/www.facebook.com\/la.funoc\" \/>\n<meta property=\"article:modified_time\" content=\"2025-04-07T09:00:00+00:00\" \/>\n<meta property=\"og:image\" content=\"https:\/\/funoc.be\/wp-content\/uploads\/2025\/04\/IMG_20240924_140847.jpg\" \/>\n<meta name=\"twitter:card\" content=\"summary_large_image\" \/>\n<meta name=\"twitter:label1\" content=\"Dur\u00e9e de lecture estim\u00e9e\" \/>\n\t<meta name=\"twitter:data1\" content=\"5 minutes\" \/>\n<script type=\"application\/ld+json\" class=\"yoast-schema-graph\">{\"@context\":\"https:\/\/schema.org\",\"@graph\":[{\"@type\":\"WebPage\",\"@id\":\"https:\/\/funoc.be\/?page_id=193\",\"url\":\"https:\/\/funoc.be\/?page_id=193\",\"name\":\"FUNOC : formation aux m\u00e9tiers du b\u00e2timent\",\"isPartOf\":{\"@id\":\"https:\/\/funoc.be\/#website\"},\"datePublished\":\"2023-10-23T08:29:38+00:00\",\"dateModified\":\"2025-04-07T09:00:00+00:00\",\"description\":\"Tu veux devenir menuisier, \u00e9lectriciens, carreleur ou horticulteur ? La Funoc te forme aux m\u00e9tiers du b\u00e2timent \u00e0 Charleroi.\",\"breadcrumb\":{\"@id\":\"https:\/\/funoc.be\/?page_id=193#breadcrumb\"},\"inLanguage\":\"fr-FR\",\"potentialAction\":[{\"@type\":\"ReadAction\",\"target\":[\"https:\/\/funoc.be\/?page_id=193\"]}]},{\"@type\":\"BreadcrumbList\",\"@id\":\"https:\/\/funoc.be\/?page_id=193#breadcrumb\",\"itemListElement\":[{\"@type\":\"ListItem\",\"position\":1,\"name\":\"Accueil\",\"item\":\"https:\/\/funoc.be\/\"},{\"@type\":\"ListItem\",\"position\":2,\"name\":\"OUI JE VEUX DEVENIR\u2026 jardinier d\u2019entretien, \u00e9lectricien, peintre, ma\u00e7on, plafonneur, carreleur | Forme-toi au m\u00e9tier de tes r\u00eaves dans le b\u00e2timent.\"}]},{\"@type\":\"WebSite\",\"@id\":\"https:\/\/funoc.be\/#website\",\"url\":\"https:\/\/funoc.be\/\",\"name\":\"FUNOC : la formation \u00e0 Charleroi\",\"description\":\"La formation, c&#039;est FUN&#039; OK ?\",\"publisher\":{\"@id\":\"https:\/\/funoc.be\/#organization\"},\"potentialAction\":[{\"@type\":\"SearchAction\",\"target\":{\"@type\":\"EntryPoint\",\"urlTemplate\":\"https:\/\/funoc.be\/?s={search_term_string}\"},\"query-input\":\"required name=search_term_string\"}],\"inLanguage\":\"fr-FR\"},{\"@type\":\"Organization\",\"@id\":\"https:\/\/funoc.be\/#organization\",\"name\":\"FUNOC : la formation \u00e0 Charleroi\",\"url\":\"https:\/\/funoc.be\/\",\"logo\":{\"@type\":\"ImageObject\",\"inLanguage\":\"fr-FR\",\"@id\":\"https:\/\/funoc.be\/#\/schema\/logo\/image\/\",\"url\":\"https:\/\/funoc.be\/wp-content\/uploads\/2023\/10\/funoc_logo_positif_sansfond_900X900_72pdi.png\",\"contentUrl\":\"https:\/\/funoc.be\/wp-content\/uploads\/2023\/10\/funoc_logo_positif_sansfond_900X900_72pdi.png\",\"width\":900,\"height\":900,\"caption\":\"FUNOC : la formation \u00e0 Charleroi\"},\"image\":{\"@id\":\"https:\/\/funoc.be\/#\/schema\/logo\/image\/\"},\"sameAs\":[\"https:\/\/www.facebook.com\/la.funoc\"]}]}<\/script>\n<!-- \/ Yoast SEO plugin. -->","yoast_head_json":{"title":"FUNOC : formation aux m\u00e9tiers du b\u00e2timent","description":"Tu veux devenir menuisier, \u00e9lectriciens, carreleur ou horticulteur ? La Funoc te forme aux m\u00e9tiers du b\u00e2timent \u00e0 Charleroi.","robots":{"index":"index","follow":"follow","max-snippet":"max-snippet:-1","max-image-preview":"max-image-preview:large","max-video-preview":"max-video-preview:-1"},"canonical":"https:\/\/funoc.be\/?page_id=193","og_locale":"fr_FR","og_type":"article","og_title":"FUNOC : formation aux m\u00e9tiers du b\u00e2timent","og_description":"Tu veux devenir menuisier, \u00e9lectriciens, carreleur ou horticulteur ? La Funoc te forme aux m\u00e9tiers du b\u00e2timent \u00e0 Charleroi.","og_url":"https:\/\/funoc.be\/?page_id=193","og_site_name":"Funoc","article_publisher":"https:\/\/www.facebook.com\/la.funoc","article_modified_time":"2025-04-07T09:00:00+00:00","og_image":[{"url":"https:\/\/funoc.be\/wp-content\/uploads\/2025\/04\/IMG_20240924_140847.jpg"}],"twitter_card":"summary_large_image","twitter_misc":{"Dur\u00e9e de lecture estim\u00e9e":"5 minutes"},"schema":{"@context":"https:\/\/schema.org","@graph":[{"@type":"WebPage","@id":"https:\/\/funoc.be\/?page_id=193","url":"https:\/\/funoc.be\/?page_id=193","name":"FUNOC : formation aux m\u00e9tiers du b\u00e2timent","isPartOf":{"@id":"https:\/\/funoc.be\/#website"},"datePublished":"2023-10-23T08:29:38+00:00","dateModified":"2025-04-07T09:00:00+00:00","description":"Tu veux devenir menuisier, \u00e9lectriciens, carreleur ou horticulteur ? La Funoc te forme aux m\u00e9tiers du b\u00e2timent \u00e0 Charleroi.","breadcrumb":{"@id":"https:\/\/funoc.be\/?page_id=193#breadcrumb"},"inLanguage":"fr-FR","potentialAction":[{"@type":"ReadAction","target":["https:\/\/funoc.be\/?page_id=193"]}]},{"@type":"BreadcrumbList","@id":"https:\/\/funoc.be\/?page_id=193#breadcrumb","itemListElement":[{"@type":"ListItem","position":1,"name":"Accueil","item":"https:\/\/funoc.be\/"},{"@type":"ListItem","position":2,"name":"OUI JE VEUX DEVENIR\u2026 jardinier d\u2019entretien, \u00e9lectricien, peintre, ma\u00e7on, plafonneur, carreleur | Forme-toi au m\u00e9tier de tes r\u00eaves dans le b\u00e2timent."}]},{"@type":"WebSite","@id":"https:\/\/funoc.be\/#website","url":"https:\/\/funoc.be\/","name":"FUNOC : la formation \u00e0 Charleroi","description":"La formation, c&#039;est FUN&#039; OK ?","publisher":{"@id":"https:\/\/funoc.be\/#organization"},"potentialAction":[{"@type":"SearchAction","target":{"@type":"EntryPoint","urlTemplate":"https:\/\/funoc.be\/?s={search_term_string}"},"query-input":"required name=search_term_string"}],"inLanguage":"fr-FR"},{"@type":"Organization","@id":"https:\/\/funoc.be\/#organization","name":"FUNOC : la formation \u00e0 Charleroi","url":"https:\/\/funoc.be\/","logo":{"@type":"ImageObject","inLanguage":"fr-FR","@id":"https:\/\/funoc.be\/#\/schema\/logo\/image\/","url":"https:\/\/funoc.be\/wp-content\/uploads\/2023\/10\/funoc_logo_positif_sansfond_900X900_72pdi.png","contentUrl":"https:\/\/funoc.be\/wp-content\/uploads\/2023\/10\/funoc_logo_positif_sansfond_900X900_72pdi.png","width":900,"height":900,"caption":"FUNOC : la formation \u00e0 Charleroi"},"image":{"@id":"https:\/\/funoc.be\/#\/schema\/logo\/image\/"},"sameAs":["https:\/\/www.facebook.com\/la.funoc"]}]}},"_links":{"self":[{"href":"https:\/\/funoc.be\/index.php?rest_route=\/wp\/v2\/pages\/193","targetHints":{"allow":["GET"]}}],"collection":[{"href":"https:\/\/funoc.be\/index.php?rest_route=\/wp\/v2\/pages"}],"about":[{"href":"https:\/\/funoc.be\/index.php?rest_route=\/wp\/v2\/types\/page"}],"author":[{"embeddable":true,"href":"https:\/\/funoc.be\/index.php?rest_route=\/wp\/v2\/users\/2"}],"replies":[{"embeddable":true,"href":"https:\/\/funoc.be\/index.php?rest_route=%2Fwp%2Fv2%2Fcomments&post=193"}],"version-history":[{"count":6,"href":"https:\/\/funoc.be\/index.php?rest_route=\/wp\/v2\/pages\/193\/revisions"}],"predecessor-version":[{"id":552,"href":"https:\/\/funoc.be\/index.php?rest_route=\/wp\/v2\/pages\/193\/revisions\/552"}],"wp:attachment":[{"href":"https:\/\/funoc.be\/index.php?rest_route=%2Fwp%2Fv2%2Fmedia&parent=193"}],"curies":[{"name":"wp","href":"https:\/\/api.w.org\/{rel}","templated":true}]}}