{"id":202,"date":"2023-10-23T12:46:07","date_gmt":"2023-10-23T10:46:07","guid":{"rendered":"https:\/\/funoc-dev.funoc.be\/?page_id=202"},"modified":"2023-10-23T12:46:07","modified_gmt":"2023-10-23T10:46:07","slug":"formation-oui-je-veux-devenir-connaissance-de-gestion-de-base-vendeur-secretaire-forme-toi-au-metier-de-tes-reves-en-entreprise","status":"publish","type":"page","link":"https:\/\/funoc.be\/?page_id=202","title":{"rendered":"Formation : OUI JE VEUX DEVENIR\u2026 connaissance de gestion de base, vendeur, secr\u00e9taire | Forme-toi au m\u00e9tier de tes r\u00eaves en entreprise."},"content":{"rendered":"\n<p>Envie de jouer un r\u00f4le important en entreprise ? Tu aimes le contact ? Envisage de devenir vendeur, secr\u00e9taire ou d&rsquo;obtenir ta gestion de base. Nous allons t&rsquo;aider \u00e0 y arriver. <\/p>\n\n\n\n<h2 class=\"wp-block-heading\">Objectif<\/h2>\n\n\n\n<ul class=\"wp-block-list\">\n<li>Assurer un travail administratif \u00e0 l&rsquo;aide d&rsquo;outil bureautique.<\/li>\n\n\n\n<li>Accueillir, renseigner et orienter des interlocuteurs.<\/li>\n\n\n\n<li>Assurer le traitement du courrier entrant et sortant.<\/li>\n\n\n\n<li>Participer \u00e0 l&rsquo;organisation du service.<\/li>\n\n\n\n<li>S&rsquo;int\u00e9grer et \u00e9voluer en entreprise.<\/li>\n<\/ul>\n\n\n\n<h2 class=\"wp-block-heading\">Contenu<\/h2>\n\n\n\n<p>Formation d&rsquo;environ 5 mois \u00e0 raison de 30h\/semaine en EVi (Entreprise Virtuelles).<\/p>\n\n\n\n<p>Simulation d&rsquo;entreprise comprenant :<\/p>\n\n\n\n<ul class=\"wp-block-list\">\n<li>Des cours th\u00e9oriques.<\/li>\n\n\n\n<li>Des mises en situations.<\/li>\n<\/ul>\n\n\n\n<p>Acc\u00e8s au dispositif JOB TREMPLIN de la FUNOC > formation de 5 mois comprenant :<\/p>\n\n\n\n<ul class=\"wp-block-list\">\n<li>Des ateliers de pr\u00e9paration aux stages en entreprises.<\/li>\n\n\n\n<li>3 mois de stages en entreprises.<\/li>\n<\/ul>\n\n\n\n<h2 class=\"wp-block-heading\">Aspect m\u00e9thodologiques de la formation<\/h2>\n\n\n\n<details class=\"wp-block-details is-layout-flow wp-block-details-is-layout-flow\"><summary>Les entreprises virtuelles (EVi)<\/summary>\n<div class=\"wp-block-group has-base-background-color has-background has-global-padding is-layout-constrained wp-container-core-group-is-layout-52009084 wp-block-group-is-layout-constrained\" style=\"padding-top:var(--wp--preset--spacing--40);padding-right:var(--wp--preset--spacing--40);padding-bottom:var(--wp--preset--spacing--40);padding-left:var(--wp--preset--spacing--40)\">\n<p>L&rsquo;entreprise virtuelle (EVi) se veut un outil de formation pour le m\u00e9tier employ\u00e9(e) administratif(ve) et d&rsquo;accueil. Il s&rsquo;agit d&rsquo;entreprises fictives qui reproduisent en grandeur nature toutes les fonctions d&rsquo;une entreprise.<\/p>\n\n\n\n<p>La p\u00e9dagogie de l&rsquo;EVi int\u00e8gre 3 situations diff\u00e9rentes d&rsquo;apprentissage : le transfert des connaissances de base, la mise en situation r\u00e9elle et la formation \u00e0 projet.<\/p>\n\n\n\n<p>Les entreprises d&rsquo;entra\u00eenement \u00e9tudient le march\u00e9, n\u00e9gocient des contrats, cr\u00e9ent des mod\u00e8les, font de la publicit\u00e9, s&rsquo;approvisionnent en mati\u00e8res premi\u00e8res, transportent, stockent, planifient, \u00e9tudient les m\u00e9thodes de fabrication, lancent la production, vendent leurs produits, paient leurs salari\u00e9s, leurs imp\u00f4ts, leurs cotisations, sociales, etc.<\/p>\n\n\n\n<p>L&rsquo;entreprise virtuelle met les stagiaires en situation r\u00e9elle tout en mobilisant efficacit\u00e9, initiative et responsabilit\u00e9.<\/p>\n\n\n\n<p>Deux entreprises ont \u00e9t\u00e9 cr\u00e9\u00e9es \u00e0 la FUNOC :  <\/p>\n\n\n\n<ul class=\"wp-block-list\">\n<li>Euro-libris dont la sp\u00e9cialit\u00e9 est l&rsquo;\u00e9dition et la commercialisation de bande dessin\u00e9es.<\/li>\n\n\n\n<li>Net Eclair dont la sp\u00e9cialit\u00e9 est la blanchisserie.<\/li>\n<\/ul>\n\n\n\n<p><strong>Les diff\u00e9rents d\u00e9partements : <\/strong><\/p>\n\n\n\n<ul class=\"wp-block-list\">\n<li>Le service Secr\u00e9tariat<\/li>\n\n\n\n<li>Le service Personnel<\/li>\n\n\n\n<li>Le service Vente<\/li>\n\n\n\n<li>Le service Achat<\/li>\n\n\n\n<li>Le service Promotion<\/li>\n\n\n\n<li>Le service Comptabilit\u00e9<\/li>\n<\/ul>\n<\/div>\n<\/details>\n\n\n\n<details class=\"wp-block-details is-layout-flow wp-block-details-is-layout-flow\"><summary>Job Tremplin : stages en entreprises<\/summary>\n<div class=\"wp-block-group has-base-background-color has-background has-global-padding is-layout-constrained wp-container-core-group-is-layout-52009084 wp-block-group-is-layout-constrained\" style=\"padding-top:var(--wp--preset--spacing--40);padding-right:var(--wp--preset--spacing--40);padding-bottom:var(--wp--preset--spacing--40);padding-left:var(--wp--preset--spacing--40)\">\n<p>Le dispositif Job Tremplin permet d&rsquo;effectuer des stages en entreprises r\u00e9elles afin de se former dans un environnement professionnel, et permet d&rsquo;outiller les stagiaires \u00e0 la recherche active d&#8217;emploi (CV, entretien d&#8217;embauche, lettre de motivation,&#8230;).<\/p>\n\n\n\n<p><strong>Contenu :<\/strong><\/p>\n\n\n\n<ul class=\"wp-block-list\">\n<li>Pr\u00e9paration aux stages : visites en entreprises, recherche de stage (entretien d&rsquo;information), r\u00e9visions de notions de base, travail sur les attitudes professionnelles et les repr\u00e9sentations m\u00e9tiers, confiance en soi, techniques de recherche d&#8217;emploi, aides \u00e0 l&#8217;embauche&#8230; (dur\u00e9e d&rsquo;environ 7 semaines).<\/li>\n\n\n\n<li>Stage de formation professionnel maximum 520 heures.<\/li>\n\n\n\n<li>D\u00e9terminations de projet post-formation sur base des \u00e9valuations.<\/li>\n<\/ul>\n\n\n\n<p><strong>Objectifs : <\/strong><\/p>\n\n\n\n<ul class=\"wp-block-list\">\n<li>Formation qualifiante.<\/li>\n\n\n\n<li>Recherche active d&#8217;emploi (notamment \u00e0 la MIREC).<\/li>\n\n\n\n<li>Emploi.<\/li>\n\n\n\n<li>Validation des comp\u00e9tences dans un centre agr\u00e9e.<\/li>\n<\/ul>\n<\/div>\n<\/details>\n\n\n\n<details class=\"wp-block-details is-layout-flow wp-block-details-is-layout-flow\"><summary>Communication en entreprise<\/summary>\n<div class=\"wp-block-group has-base-background-color has-background has-global-padding is-layout-constrained wp-container-core-group-is-layout-52009084 wp-block-group-is-layout-constrained\" style=\"padding-top:var(--wp--preset--spacing--40);padding-right:var(--wp--preset--spacing--40);padding-bottom:var(--wp--preset--spacing--40);padding-left:var(--wp--preset--spacing--40)\">\n<p><strong>Contenu :<\/strong><\/p>\n\n\n\n<ul class=\"wp-block-list\">\n<li>Th\u00e9orie (cours de fran\u00e7ais et communication, l&rsquo;analyse critique de l&rsquo;image, la promotion de produits, la publicit\u00e9, etc.).<\/li>\n\n\n\n<li>Exercices et r\u00e9alisation de projets concrets &#8211; exercices d&rsquo;expression orale.<\/li>\n\n\n\n<li>Pr\u00e9sentation orale des projets r\u00e9alis\u00e9s.<\/li>\n\n\n\n<li>R\u00e9alisation d&rsquo;un portfolio.<\/li>\n<\/ul>\n\n\n\n<p><strong>Objectifs : <\/strong><\/p>\n\n\n\n<ul class=\"wp-block-list\">\n<li>D\u00e9velopper les comp\u00e9tences en communication au sein de l&rsquo;entreprise.<\/li>\n\n\n\n<li>Communication \u00e9crite : r\u00e9diger, r\u00e9sumer, synth\u00e9tiser, utiliser le traitement de texte et le courrier \u00e9lectronique.<\/li>\n\n\n\n<li>Communication orale : prendre la parole en public, argumenter, transmettre un message.<\/li>\n\n\n\n<li>Communication graphique : r\u00e9aliser des documents \u00e0 l&rsquo;aide de logiciels comme Indesign, Libre Office, Impress, et Photoshop.<\/li>\n<\/ul>\n<\/div>\n<\/details>\n\n\n\n<h2 class=\"wp-block-heading\">Vente<\/h2>\n\n\n\n<h4 class=\"wp-block-heading\">Public<\/h4>\n\n\n\n<p>Pr\u00e9requis : Niveau CEB<\/p>\n\n\n\n<h4 class=\"wp-block-heading\">Objectifs<\/h4>\n\n\n\n<ul class=\"wp-block-list\">\n<li>Assurer l&rsquo;accueil et l&rsquo;information des clients.<\/li>\n\n\n\n<li>Argumenter et conclure une vente.<\/li>\n\n\n\n<li>Assurer la gestion du poste caisse.<\/li>\n\n\n\n<li>Manutentionner des marchandises.<\/li>\n\n\n\n<li>Assurer la pr\u00e9sentation, la mise ne valeur et le r\u00e9assort de produits.<\/li>\n<\/ul>\n\n\n\n<h4 class=\"wp-block-heading\">Contenu :<\/h4>\n\n\n\n<p>Formation d&rsquo;environ 12 semaines comprenant : <\/p>\n\n\n\n<ul class=\"wp-block-list\">\n<li>des cours th\u00e9oriques et pr\u00e9paration aux stages en magasin (27h\/semaine).<\/li>\n\n\n\n<li>des stages en magasin (36h\/semaine).<\/li>\n<\/ul>\n\n\n\n<p>Des activit\u00e9s sont organis\u00e9es tout au long de la formation : visites, rencontres avec des partenaires, CV, entretiens d&#8217;embauche, etc.<\/p>\n\n\n\n<h4 class=\"wp-block-heading\">Partenariat<\/h4>\n\n\n\n<p>Collaboration avec la Mirec pour l&rsquo;insertion professionnelle.<\/p>\n\n\n\n<h2 class=\"wp-block-heading\">Nos formateurs<\/h2>\n\n\n\n<p>\u00c0 venir&#8230;<\/p>\n\n\n\n<h2 class=\"wp-block-heading\">Quelques t\u00e9moignages de stagiaires<\/h2>\n\n\n\n<p><strong>Jennifer<\/strong><\/p>\n\n\n\n<iframe loading=\"lazy\" src=\"https:\/\/www.facebook.com\/plugins\/video.php?height=314&#038;href=https%3A%2F%2Fwww.facebook.com%2Fla.funoc%2Fvideos%2F1968074720191194%2F&#038;show_text=false&#038;width=560&#038;t=0\" width=\"560\" height=\"314\" style=\"border:none;overflow:hidden\" scrolling=\"no\" frameborder=\"0\" allowfullscreen=\"true\" allow=\"autoplay; clipboard-write; encrypted-media; picture-in-picture; web-share\" allowFullScreen=\"true\"><\/iframe>\n\n\n\n<p><strong>Laurence<\/strong><\/p>\n\n\n\n<iframe loading=\"lazy\" src=\"https:\/\/www.facebook.com\/plugins\/video.php?height=314&#038;href=https%3A%2F%2Fwww.facebook.com%2Fla.funoc%2Fvideos%2F234730632601100%2F&#038;show_text=false&#038;width=560&#038;t=0\" width=\"560\" height=\"314\" style=\"border:none;overflow:hidden\" scrolling=\"no\" frameborder=\"0\" allowfullscreen=\"true\" allow=\"autoplay; clipboard-write; encrypted-media; picture-in-picture; web-share\" allowFullScreen=\"true\"><\/iframe>\n\n\n\n<p><strong>Patricia<\/strong><\/p>\n\n\n\n<iframe loading=\"lazy\" src=\"https:\/\/www.facebook.com\/plugins\/video.php?height=314&#038;href=https%3A%2F%2Fwww.facebook.com%2Fla.funoc%2Fvideos%2F603623185079957%2F&#038;show_text=false&#038;width=560&#038;t=0\" width=\"560\" height=\"314\" style=\"border:none;overflow:hidden\" scrolling=\"no\" frameborder=\"0\" allowfullscreen=\"true\" allow=\"autoplay; clipboard-write; encrypted-media; picture-in-picture; web-share\" allowFullScreen=\"true\"><\/iframe>\n\n\n\n<div style=\"height:45px\" aria-hidden=\"true\" class=\"wp-block-spacer\"><\/div>\n\n\n\n<p class=\"has-custom-bleu-funoc-color has-text-color has-x-large-font-size\" style=\"font-style:normal;font-weight:700;line-height:1\">Tu veux faire comme eux ? Tout commence par <a href=\"https:\/\/funoc.be\/?page_id=33\">une s\u00e9ance d&rsquo;information<\/a> !<\/p>\n","protected":false},"excerpt":{"rendered":"<p>Envie de jouer un r\u00f4le important en entreprise ? Tu aimes le contact ? Envisage de devenir vendeur, secr\u00e9taire ou d&rsquo;obtenir ta gestion de base. Nous allons t&rsquo;aider \u00e0 y arriver. Objectif Contenu Formation d&rsquo;environ 5 mois \u00e0 raison de 30h\/semaine en EVi (Entreprise Virtuelles). Simulation d&rsquo;entreprise comprenant : Acc\u00e8s au dispositif JOB TREMPLIN de [&hellip;]<\/p>\n","protected":false},"author":2,"featured_media":0,"parent":0,"menu_order":0,"comment_status":"closed","ping_status":"closed","template":"","meta":{"footnotes":""},"class_list":["post-202","page","type-page","status-publish","hentry"],"yoast_head":"<!-- This site is optimized with the Yoast SEO plugin v21.4 - https:\/\/yoast.com\/wordpress\/plugins\/seo\/ -->\n<title>Formation gestion de base, vente, secr\u00e9tariat \u00e0 la FUNOC<\/title>\n<meta name=\"description\" content=\"Forme-toi \u00e0 la gestion de base, la vente ou le secr\u00e9tariat \u00e0 la Funoc et lance-toi dans le m\u00e9tier de tes r\u00eaves \u00e0 Charleroi.\" \/>\n<meta name=\"robots\" content=\"index, follow, max-snippet:-1, max-image-preview:large, max-video-preview:-1\" \/>\n<link rel=\"canonical\" href=\"https:\/\/funoc.be\/?page_id=202\" \/>\n<meta property=\"og:locale\" content=\"fr_FR\" \/>\n<meta property=\"og:type\" content=\"article\" \/>\n<meta property=\"og:title\" content=\"Formation gestion de base, vente, secr\u00e9tariat \u00e0 la FUNOC\" \/>\n<meta property=\"og:description\" content=\"Forme-toi \u00e0 la gestion de base, la vente ou le secr\u00e9tariat \u00e0 la Funoc et lance-toi dans le m\u00e9tier de tes r\u00eaves \u00e0 Charleroi.\" \/>\n<meta property=\"og:url\" content=\"https:\/\/funoc.be\/?page_id=202\" \/>\n<meta property=\"og:site_name\" content=\"Funoc\" \/>\n<meta property=\"article:publisher\" content=\"https:\/\/www.facebook.com\/la.funoc\" \/>\n<meta property=\"og:image\" content=\"https:\/\/funoc.be\/wp-content\/uploads\/2024\/01\/trouve-ta-formation-cousin.png\" \/>\n\t<meta property=\"og:image:width\" content=\"1920\" \/>\n\t<meta property=\"og:image:height\" content=\"1280\" \/>\n\t<meta property=\"og:image:type\" content=\"image\/png\" \/>\n<meta name=\"twitter:card\" content=\"summary_large_image\" \/>\n<meta name=\"twitter:label1\" content=\"Dur\u00e9e de lecture estim\u00e9e\" \/>\n\t<meta name=\"twitter:data1\" content=\"4 minutes\" \/>\n<script type=\"application\/ld+json\" class=\"yoast-schema-graph\">{\"@context\":\"https:\/\/schema.org\",\"@graph\":[{\"@type\":\"WebPage\",\"@id\":\"https:\/\/funoc.be\/?page_id=202\",\"url\":\"https:\/\/funoc.be\/?page_id=202\",\"name\":\"Formation gestion de base, vente, secr\u00e9tariat \u00e0 la FUNOC\",\"isPartOf\":{\"@id\":\"https:\/\/funoc.be\/#website\"},\"datePublished\":\"2023-10-23T10:46:07+00:00\",\"dateModified\":\"2023-10-23T10:46:07+00:00\",\"description\":\"Forme-toi \u00e0 la gestion de base, la vente ou le secr\u00e9tariat \u00e0 la Funoc et lance-toi dans le m\u00e9tier de tes r\u00eaves \u00e0 Charleroi.\",\"breadcrumb\":{\"@id\":\"https:\/\/funoc.be\/?page_id=202#breadcrumb\"},\"inLanguage\":\"fr-FR\",\"potentialAction\":[{\"@type\":\"ReadAction\",\"target\":[\"https:\/\/funoc.be\/?page_id=202\"]}]},{\"@type\":\"BreadcrumbList\",\"@id\":\"https:\/\/funoc.be\/?page_id=202#breadcrumb\",\"itemListElement\":[{\"@type\":\"ListItem\",\"position\":1,\"name\":\"Accueil\",\"item\":\"https:\/\/funoc.be\/\"},{\"@type\":\"ListItem\",\"position\":2,\"name\":\"Formation : OUI JE VEUX DEVENIR\u2026 connaissance de gestion de base, vendeur, secr\u00e9taire | Forme-toi au m\u00e9tier de tes r\u00eaves en entreprise.\"}]},{\"@type\":\"WebSite\",\"@id\":\"https:\/\/funoc.be\/#website\",\"url\":\"https:\/\/funoc.be\/\",\"name\":\"FUNOC : la formation \u00e0 Charleroi\",\"description\":\"La formation, c&#039;est FUN&#039; OK ?\",\"publisher\":{\"@id\":\"https:\/\/funoc.be\/#organization\"},\"potentialAction\":[{\"@type\":\"SearchAction\",\"target\":{\"@type\":\"EntryPoint\",\"urlTemplate\":\"https:\/\/funoc.be\/?s={search_term_string}\"},\"query-input\":\"required name=search_term_string\"}],\"inLanguage\":\"fr-FR\"},{\"@type\":\"Organization\",\"@id\":\"https:\/\/funoc.be\/#organization\",\"name\":\"FUNOC : la formation \u00e0 Charleroi\",\"url\":\"https:\/\/funoc.be\/\",\"logo\":{\"@type\":\"ImageObject\",\"inLanguage\":\"fr-FR\",\"@id\":\"https:\/\/funoc.be\/#\/schema\/logo\/image\/\",\"url\":\"https:\/\/funoc.be\/wp-content\/uploads\/2023\/10\/funoc_logo_positif_sansfond_900X900_72pdi.png\",\"contentUrl\":\"https:\/\/funoc.be\/wp-content\/uploads\/2023\/10\/funoc_logo_positif_sansfond_900X900_72pdi.png\",\"width\":900,\"height\":900,\"caption\":\"FUNOC : la formation \u00e0 Charleroi\"},\"image\":{\"@id\":\"https:\/\/funoc.be\/#\/schema\/logo\/image\/\"},\"sameAs\":[\"https:\/\/www.facebook.com\/la.funoc\"]}]}<\/script>\n<!-- \/ Yoast SEO plugin. -->","yoast_head_json":{"title":"Formation gestion de base, vente, secr\u00e9tariat \u00e0 la FUNOC","description":"Forme-toi \u00e0 la gestion de base, la vente ou le secr\u00e9tariat \u00e0 la Funoc et lance-toi dans le m\u00e9tier de tes r\u00eaves \u00e0 Charleroi.","robots":{"index":"index","follow":"follow","max-snippet":"max-snippet:-1","max-image-preview":"max-image-preview:large","max-video-preview":"max-video-preview:-1"},"canonical":"https:\/\/funoc.be\/?page_id=202","og_locale":"fr_FR","og_type":"article","og_title":"Formation gestion de base, vente, secr\u00e9tariat \u00e0 la FUNOC","og_description":"Forme-toi \u00e0 la gestion de base, la vente ou le secr\u00e9tariat \u00e0 la Funoc et lance-toi dans le m\u00e9tier de tes r\u00eaves \u00e0 Charleroi.","og_url":"https:\/\/funoc.be\/?page_id=202","og_site_name":"Funoc","article_publisher":"https:\/\/www.facebook.com\/la.funoc","og_image":[{"width":1920,"height":1280,"url":"https:\/\/funoc.be\/wp-content\/uploads\/2024\/01\/trouve-ta-formation-cousin.png","type":"image\/png"}],"twitter_card":"summary_large_image","twitter_misc":{"Dur\u00e9e de lecture estim\u00e9e":"4 minutes"},"schema":{"@context":"https:\/\/schema.org","@graph":[{"@type":"WebPage","@id":"https:\/\/funoc.be\/?page_id=202","url":"https:\/\/funoc.be\/?page_id=202","name":"Formation gestion de base, vente, secr\u00e9tariat \u00e0 la FUNOC","isPartOf":{"@id":"https:\/\/funoc.be\/#website"},"datePublished":"2023-10-23T10:46:07+00:00","dateModified":"2023-10-23T10:46:07+00:00","description":"Forme-toi \u00e0 la gestion de base, la vente ou le secr\u00e9tariat \u00e0 la Funoc et lance-toi dans le m\u00e9tier de tes r\u00eaves \u00e0 Charleroi.","breadcrumb":{"@id":"https:\/\/funoc.be\/?page_id=202#breadcrumb"},"inLanguage":"fr-FR","potentialAction":[{"@type":"ReadAction","target":["https:\/\/funoc.be\/?page_id=202"]}]},{"@type":"BreadcrumbList","@id":"https:\/\/funoc.be\/?page_id=202#breadcrumb","itemListElement":[{"@type":"ListItem","position":1,"name":"Accueil","item":"https:\/\/funoc.be\/"},{"@type":"ListItem","position":2,"name":"Formation : OUI JE VEUX DEVENIR\u2026 connaissance de gestion de base, vendeur, secr\u00e9taire | Forme-toi au m\u00e9tier de tes r\u00eaves en entreprise."}]},{"@type":"WebSite","@id":"https:\/\/funoc.be\/#website","url":"https:\/\/funoc.be\/","name":"FUNOC : la formation \u00e0 Charleroi","description":"La formation, c&#039;est FUN&#039; OK ?","publisher":{"@id":"https:\/\/funoc.be\/#organization"},"potentialAction":[{"@type":"SearchAction","target":{"@type":"EntryPoint","urlTemplate":"https:\/\/funoc.be\/?s={search_term_string}"},"query-input":"required name=search_term_string"}],"inLanguage":"fr-FR"},{"@type":"Organization","@id":"https:\/\/funoc.be\/#organization","name":"FUNOC : la formation \u00e0 Charleroi","url":"https:\/\/funoc.be\/","logo":{"@type":"ImageObject","inLanguage":"fr-FR","@id":"https:\/\/funoc.be\/#\/schema\/logo\/image\/","url":"https:\/\/funoc.be\/wp-content\/uploads\/2023\/10\/funoc_logo_positif_sansfond_900X900_72pdi.png","contentUrl":"https:\/\/funoc.be\/wp-content\/uploads\/2023\/10\/funoc_logo_positif_sansfond_900X900_72pdi.png","width":900,"height":900,"caption":"FUNOC : la formation \u00e0 Charleroi"},"image":{"@id":"https:\/\/funoc.be\/#\/schema\/logo\/image\/"},"sameAs":["https:\/\/www.facebook.com\/la.funoc"]}]}},"_links":{"self":[{"href":"https:\/\/funoc.be\/index.php?rest_route=\/wp\/v2\/pages\/202","targetHints":{"allow":["GET"]}}],"collection":[{"href":"https:\/\/funoc.be\/index.php?rest_route=\/wp\/v2\/pages"}],"about":[{"href":"https:\/\/funoc.be\/index.php?rest_route=\/wp\/v2\/types\/page"}],"author":[{"embeddable":true,"href":"https:\/\/funoc.be\/index.php?rest_route=\/wp\/v2\/users\/2"}],"replies":[{"embeddable":true,"href":"https:\/\/funoc.be\/index.php?rest_route=%2Fwp%2Fv2%2Fcomments&post=202"}],"version-history":[{"count":1,"href":"https:\/\/funoc.be\/index.php?rest_route=\/wp\/v2\/pages\/202\/revisions"}],"predecessor-version":[{"id":203,"href":"https:\/\/funoc.be\/index.php?rest_route=\/wp\/v2\/pages\/202\/revisions\/203"}],"wp:attachment":[{"href":"https:\/\/funoc.be\/index.php?rest_route=%2Fwp%2Fv2%2Fmedia&parent=202"}],"curies":[{"name":"wp","href":"https:\/\/api.w.org\/{rel}","templated":true}]}}