{"id":209,"date":"2023-10-23T13:06:56","date_gmt":"2023-10-23T11:06:56","guid":{"rendered":"https:\/\/funoc-dev.funoc.be\/?page_id=209"},"modified":"2025-04-14T12:35:05","modified_gmt":"2025-04-14T10:35:05","slug":"ducineda","status":"publish","type":"page","link":"https:\/\/funoc.be\/?page_id=209","title":{"rendered":"DuCin\u00e9Da : initiation aux m\u00e9tiers du cin\u00e9ma"},"content":{"rendered":"\n<p>Tu r\u00eaves de travailler dans le cin\u00e9ma ? Ce projet est fait pour toi ! Charleroi est une terre d\u2019avenir pour l\u2019industrie du cin\u00e9ma. Investis-toi dans une formation qui fait la diff\u00e9rence. <\/p>\n\n\n\n<h2 class=\"wp-block-heading\">DuCin\u00e9Da<\/h2>\n\n\n\n<p>DuCin\u00e9Da, c\u2019est une initiation de 30 semaines (1 an) aux diff\u00e9rents m\u00e9tiers de la fiction tel que :  <\/p>\n\n\n\n<ul class=\"wp-block-list\">\n<li>Sc\u00e9nariste<\/li>\n\n\n\n<li>R\u00e9alisateur.rice<\/li>\n\n\n\n<li>Acteur.rice <\/li>\n\n\n\n<li>Technicien.ne (r\u00e9gie, image, son)<\/li>\n<\/ul>\n\n\n\n<p>Avec un double objectif : une premi\u00e8re exp\u00e9rience concr\u00e8te de production et un tremplin vers ta future carri\u00e8re.<\/p>\n\n\n\n<h2 class=\"wp-block-heading\">C\u2019est ouvert \u00e0 qui ?<\/h2>\n\n\n\n<p>Aux demandeur.se.s d\u2019emploi et jeunes dipl\u00f4m\u00e9.e.s du secondaire, entre 18 et 29 ans, domicili\u00e9.e.s dans le Grand Charleroi.<\/p>\n\n\n\n<h2 class=\"wp-block-heading\">Comment postuler ?<\/h2>\n\n\n\n<p>Envoie-nous un email \u00e0 <a href=\"mailto:ducineda@funoc.be\">ducineda@funoc.be<\/a><\/p>\n\n\n\n<p>Un seul crit\u00e8re retiendra notre attention : ta motivation !<br>Laisse-nous \u00e9galement tes coordonn\u00e9es afin de pouvoir te recontacter pour l\u2019entretien. <em>D\u00e9fraiement par le Forem<\/em>.<\/p>\n\n\n\n<p><strong>+ infos<\/strong><\/p>\n\n\n\n<p>DuCin\u00e9Da est un parcours int\u00e9gr\u00e9 d\u2019insertion socioprofessionnelle de jeunes de 18 \u00e0 29 ans \u00e0 travers la mise en place d\u2019une formation immersive aux m\u00e9tiers de l\u2019audiovisuel. Un groupe de15 participants par an, encadr\u00e9 par des professionnels du secteur (pr\u00e9-qualification et qualification de pointe), se forme par le biais de l\u2019\u00e9criture et la r\u00e9alisation de son propre court m\u00e9trage. Inspir\u00e9 des principes de la p\u00e9dagogie de projet, ce dispositif se construit par un aller-retour permanent entre r\u00e9flexions cr\u00e9atives et acquisitions de comp\u00e9tences et qualifications. Les stagiaires s\u2019essayent au travail collaboratif, \u00e0 la gestion de projet et \u00e0 la coordination des \u00e9tapes de production.<\/p>\n\n\n\n<p>La formation constitue en elle-m\u00eame, par la r\u00e9alisation du court m\u00e9trage, une exp\u00e9rience de mise en situation professionnelle. La rencontre et la collaboration avec les acteurs de la production belge (d\u00e9couverte de l\u2019\u00e9cosyst\u00e8me) visent \u00e0 ouvrir des perspectives d\u2019entr\u00e9e en stage ou d\u2019insertion \u00e0 l\u2019emploi, notamment par le biais du tournage pr\u00e9vu en fin de la formation. Il pr\u00e9pare en outre \u00e0 l\u2019entr\u00e9e en formation qualifiante, voire aux examens d\u2019entr\u00e9e des \u00e9coles sp\u00e9cialis\u00e9es dans les m\u00e9tiers du cin\u00e9ma.<\/p>\n\n\n\n<p><strong>Ce projet est co-financ\u00e9 par le Fond Social Europ\u00e9en. En 2023, DuCin\u00e9Da a accueilli 15 participants.<\/strong><\/p>\n\n\n\n<p><\/p>\n","protected":false},"excerpt":{"rendered":"<p>Tu r\u00eaves de travailler dans le cin\u00e9ma ? Ce projet est fait pour toi ! Charleroi est une terre d\u2019avenir pour l\u2019industrie du cin\u00e9ma. Investis-toi dans une formation qui fait la diff\u00e9rence. DuCin\u00e9Da DuCin\u00e9Da, c\u2019est une initiation de 30 semaines (1 an) aux diff\u00e9rents m\u00e9tiers de la fiction tel que : Avec un double objectif [&hellip;]<\/p>\n","protected":false},"author":2,"featured_media":0,"parent":0,"menu_order":0,"comment_status":"closed","ping_status":"closed","template":"","meta":{"footnotes":""},"class_list":["post-209","page","type-page","status-publish","hentry"],"yoast_head":"<!-- This site is optimized with the Yoast SEO plugin v21.4 - https:\/\/yoast.com\/wordpress\/plugins\/seo\/ -->\n<title>DuCin\u00e9Da : initiation aux m\u00e9tiers du cin\u00e9ma<\/title>\n<meta name=\"description\" content=\"Venez vous initier aux m\u00e9tiers du cin\u00e9ma \u00e0 la Funoc avec notre nouvelle formation DuCin\u00e9Da \u00e0 Charleroi anim\u00e9 par Moch\u00e9lan.\" \/>\n<meta name=\"robots\" content=\"index, follow, max-snippet:-1, max-image-preview:large, max-video-preview:-1\" \/>\n<link rel=\"canonical\" href=\"https:\/\/funoc.be\/?page_id=209\" \/>\n<meta property=\"og:locale\" content=\"fr_FR\" \/>\n<meta property=\"og:type\" content=\"article\" \/>\n<meta property=\"og:title\" content=\"DuCin\u00e9Da : initiation aux m\u00e9tiers du cin\u00e9ma\" \/>\n<meta property=\"og:description\" content=\"Venez vous initier aux m\u00e9tiers du cin\u00e9ma \u00e0 la Funoc avec notre nouvelle formation DuCin\u00e9Da \u00e0 Charleroi anim\u00e9 par Moch\u00e9lan.\" \/>\n<meta property=\"og:url\" content=\"https:\/\/funoc.be\/?page_id=209\" \/>\n<meta property=\"og:site_name\" content=\"Funoc\" \/>\n<meta property=\"article:publisher\" content=\"https:\/\/www.facebook.com\/la.funoc\" \/>\n<meta property=\"article:modified_time\" content=\"2025-04-14T10:35:05+00:00\" \/>\n<meta property=\"og:image\" content=\"https:\/\/funoc.be\/wp-content\/uploads\/2024\/01\/trouve-ta-formation-cousin.png\" \/>\n\t<meta property=\"og:image:width\" content=\"1920\" \/>\n\t<meta property=\"og:image:height\" content=\"1280\" \/>\n\t<meta property=\"og:image:type\" content=\"image\/png\" \/>\n<meta name=\"twitter:card\" content=\"summary_large_image\" \/>\n<meta name=\"twitter:label1\" content=\"Dur\u00e9e de lecture estim\u00e9e\" \/>\n\t<meta name=\"twitter:data1\" content=\"2 minutes\" \/>\n<script type=\"application\/ld+json\" class=\"yoast-schema-graph\">{\"@context\":\"https:\/\/schema.org\",\"@graph\":[{\"@type\":\"WebPage\",\"@id\":\"https:\/\/funoc.be\/?page_id=209\",\"url\":\"https:\/\/funoc.be\/?page_id=209\",\"name\":\"DuCin\u00e9Da : initiation aux m\u00e9tiers du cin\u00e9ma\",\"isPartOf\":{\"@id\":\"https:\/\/funoc.be\/#website\"},\"datePublished\":\"2023-10-23T11:06:56+00:00\",\"dateModified\":\"2025-04-14T10:35:05+00:00\",\"description\":\"Venez vous initier aux m\u00e9tiers du cin\u00e9ma \u00e0 la Funoc avec notre nouvelle formation DuCin\u00e9Da \u00e0 Charleroi anim\u00e9 par Moch\u00e9lan.\",\"breadcrumb\":{\"@id\":\"https:\/\/funoc.be\/?page_id=209#breadcrumb\"},\"inLanguage\":\"fr-FR\",\"potentialAction\":[{\"@type\":\"ReadAction\",\"target\":[\"https:\/\/funoc.be\/?page_id=209\"]}]},{\"@type\":\"BreadcrumbList\",\"@id\":\"https:\/\/funoc.be\/?page_id=209#breadcrumb\",\"itemListElement\":[{\"@type\":\"ListItem\",\"position\":1,\"name\":\"Accueil\",\"item\":\"https:\/\/funoc.be\/\"},{\"@type\":\"ListItem\",\"position\":2,\"name\":\"DuCin\u00e9Da : initiation aux m\u00e9tiers du cin\u00e9ma\"}]},{\"@type\":\"WebSite\",\"@id\":\"https:\/\/funoc.be\/#website\",\"url\":\"https:\/\/funoc.be\/\",\"name\":\"FUNOC : la formation \u00e0 Charleroi\",\"description\":\"La formation, c&#039;est FUN&#039; OK ?\",\"publisher\":{\"@id\":\"https:\/\/funoc.be\/#organization\"},\"potentialAction\":[{\"@type\":\"SearchAction\",\"target\":{\"@type\":\"EntryPoint\",\"urlTemplate\":\"https:\/\/funoc.be\/?s={search_term_string}\"},\"query-input\":\"required name=search_term_string\"}],\"inLanguage\":\"fr-FR\"},{\"@type\":\"Organization\",\"@id\":\"https:\/\/funoc.be\/#organization\",\"name\":\"FUNOC : la formation \u00e0 Charleroi\",\"url\":\"https:\/\/funoc.be\/\",\"logo\":{\"@type\":\"ImageObject\",\"inLanguage\":\"fr-FR\",\"@id\":\"https:\/\/funoc.be\/#\/schema\/logo\/image\/\",\"url\":\"https:\/\/funoc.be\/wp-content\/uploads\/2023\/10\/funoc_logo_positif_sansfond_900X900_72pdi.png\",\"contentUrl\":\"https:\/\/funoc.be\/wp-content\/uploads\/2023\/10\/funoc_logo_positif_sansfond_900X900_72pdi.png\",\"width\":900,\"height\":900,\"caption\":\"FUNOC : la formation \u00e0 Charleroi\"},\"image\":{\"@id\":\"https:\/\/funoc.be\/#\/schema\/logo\/image\/\"},\"sameAs\":[\"https:\/\/www.facebook.com\/la.funoc\"]}]}<\/script>\n<!-- \/ Yoast SEO plugin. -->","yoast_head_json":{"title":"DuCin\u00e9Da : initiation aux m\u00e9tiers du cin\u00e9ma","description":"Venez vous initier aux m\u00e9tiers du cin\u00e9ma \u00e0 la Funoc avec notre nouvelle formation DuCin\u00e9Da \u00e0 Charleroi anim\u00e9 par Moch\u00e9lan.","robots":{"index":"index","follow":"follow","max-snippet":"max-snippet:-1","max-image-preview":"max-image-preview:large","max-video-preview":"max-video-preview:-1"},"canonical":"https:\/\/funoc.be\/?page_id=209","og_locale":"fr_FR","og_type":"article","og_title":"DuCin\u00e9Da : initiation aux m\u00e9tiers du cin\u00e9ma","og_description":"Venez vous initier aux m\u00e9tiers du cin\u00e9ma \u00e0 la Funoc avec notre nouvelle formation DuCin\u00e9Da \u00e0 Charleroi anim\u00e9 par Moch\u00e9lan.","og_url":"https:\/\/funoc.be\/?page_id=209","og_site_name":"Funoc","article_publisher":"https:\/\/www.facebook.com\/la.funoc","article_modified_time":"2025-04-14T10:35:05+00:00","og_image":[{"width":1920,"height":1280,"url":"https:\/\/funoc.be\/wp-content\/uploads\/2024\/01\/trouve-ta-formation-cousin.png","type":"image\/png"}],"twitter_card":"summary_large_image","twitter_misc":{"Dur\u00e9e de lecture estim\u00e9e":"2 minutes"},"schema":{"@context":"https:\/\/schema.org","@graph":[{"@type":"WebPage","@id":"https:\/\/funoc.be\/?page_id=209","url":"https:\/\/funoc.be\/?page_id=209","name":"DuCin\u00e9Da : initiation aux m\u00e9tiers du cin\u00e9ma","isPartOf":{"@id":"https:\/\/funoc.be\/#website"},"datePublished":"2023-10-23T11:06:56+00:00","dateModified":"2025-04-14T10:35:05+00:00","description":"Venez vous initier aux m\u00e9tiers du cin\u00e9ma \u00e0 la Funoc avec notre nouvelle formation DuCin\u00e9Da \u00e0 Charleroi anim\u00e9 par Moch\u00e9lan.","breadcrumb":{"@id":"https:\/\/funoc.be\/?page_id=209#breadcrumb"},"inLanguage":"fr-FR","potentialAction":[{"@type":"ReadAction","target":["https:\/\/funoc.be\/?page_id=209"]}]},{"@type":"BreadcrumbList","@id":"https:\/\/funoc.be\/?page_id=209#breadcrumb","itemListElement":[{"@type":"ListItem","position":1,"name":"Accueil","item":"https:\/\/funoc.be\/"},{"@type":"ListItem","position":2,"name":"DuCin\u00e9Da : initiation aux m\u00e9tiers du cin\u00e9ma"}]},{"@type":"WebSite","@id":"https:\/\/funoc.be\/#website","url":"https:\/\/funoc.be\/","name":"FUNOC : la formation \u00e0 Charleroi","description":"La formation, c&#039;est FUN&#039; OK ?","publisher":{"@id":"https:\/\/funoc.be\/#organization"},"potentialAction":[{"@type":"SearchAction","target":{"@type":"EntryPoint","urlTemplate":"https:\/\/funoc.be\/?s={search_term_string}"},"query-input":"required name=search_term_string"}],"inLanguage":"fr-FR"},{"@type":"Organization","@id":"https:\/\/funoc.be\/#organization","name":"FUNOC : la formation \u00e0 Charleroi","url":"https:\/\/funoc.be\/","logo":{"@type":"ImageObject","inLanguage":"fr-FR","@id":"https:\/\/funoc.be\/#\/schema\/logo\/image\/","url":"https:\/\/funoc.be\/wp-content\/uploads\/2023\/10\/funoc_logo_positif_sansfond_900X900_72pdi.png","contentUrl":"https:\/\/funoc.be\/wp-content\/uploads\/2023\/10\/funoc_logo_positif_sansfond_900X900_72pdi.png","width":900,"height":900,"caption":"FUNOC : la formation \u00e0 Charleroi"},"image":{"@id":"https:\/\/funoc.be\/#\/schema\/logo\/image\/"},"sameAs":["https:\/\/www.facebook.com\/la.funoc"]}]}},"_links":{"self":[{"href":"https:\/\/funoc.be\/index.php?rest_route=\/wp\/v2\/pages\/209","targetHints":{"allow":["GET"]}}],"collection":[{"href":"https:\/\/funoc.be\/index.php?rest_route=\/wp\/v2\/pages"}],"about":[{"href":"https:\/\/funoc.be\/index.php?rest_route=\/wp\/v2\/types\/page"}],"author":[{"embeddable":true,"href":"https:\/\/funoc.be\/index.php?rest_route=\/wp\/v2\/users\/2"}],"replies":[{"embeddable":true,"href":"https:\/\/funoc.be\/index.php?rest_route=%2Fwp%2Fv2%2Fcomments&post=209"}],"version-history":[{"count":2,"href":"https:\/\/funoc.be\/index.php?rest_route=\/wp\/v2\/pages\/209\/revisions"}],"predecessor-version":[{"id":563,"href":"https:\/\/funoc.be\/index.php?rest_route=\/wp\/v2\/pages\/209\/revisions\/563"}],"wp:attachment":[{"href":"https:\/\/funoc.be\/index.php?rest_route=%2Fwp%2Fv2%2Fmedia&parent=209"}],"curies":[{"name":"wp","href":"https:\/\/api.w.org\/{rel}","templated":true}]}}