{"id":22,"date":"2023-10-19T21:33:56","date_gmt":"2023-10-19T19:33:56","guid":{"rendered":"https:\/\/funoc-dev.funoc.be\/?page_id=22"},"modified":"2025-10-08T09:03:21","modified_gmt":"2025-10-08T07:03:21","slug":"formation","status":"publish","type":"page","link":"https:\/\/funoc.be\/?page_id=22","title":{"rendered":"FORMATION"},"content":{"rendered":"\n<p>Envie de suivre une formation ? De reprendre les commandes de ta vie ? Tu es au bon endroit. La FUNOC est sp\u00e9cialis\u00e9e dans la r\u00e9insertion socioprofessionnelle et nous acceptons TOUT LE MONDE (il faut juste \u00eatre inscrit(e) au Forem). Tu d\u00e9sires te former en horticulture, \u00e0 la vente, la ma\u00e7onnerie ou tu aimerais imaginer ton propre projet ? Chez nous, c&rsquo;est possible m\u00eame si tu n&rsquo;y crois pas encore.<\/p>\n\n\n\n<figure class=\"wp-block-image size-full\"><img loading=\"lazy\" decoding=\"async\" width=\"1942\" height=\"1294\" src=\"https:\/\/funoc.be\/wp-content\/uploads\/2025\/04\/marie3.jpg\" alt=\"marie \u00e0 trouv\u00e9 sa formation \u00e0 la funoc\" class=\"wp-image-554\"\/><\/figure>\n\n\n\n<p>Trouve TA formation ci-dessous, ose et surtout n&rsquo;oublie pas : LA FORMATION, C&rsquo;EST FUN OK ?! <\/p>\n\n\n\n<div class=\"wp-block-group has-global-padding is-layout-constrained wp-block-group-is-layout-constrained\">\n<h2 class=\"wp-block-heading\">Fili\u00e8re 1: TROUVE TA VOIE<\/h2>\n\n\n\n<p>Dessine ton projet professionnel et personnel. <\/p>\n\n\n\n<div class=\"wp-block-buttons is-layout-flex wp-block-buttons-is-layout-flex\">\n<div class=\"wp-block-button\"><a class=\"wp-block-button__link wp-element-button\" href=\"https:\/\/funoc.be\/?page_id=190\">Je me lance ! &gt;<\/a><\/div>\n<\/div>\n<\/div>\n\n\n\n<div style=\"height:30px\" aria-hidden=\"true\" class=\"wp-block-spacer\"><\/div>\n\n\n\n<div class=\"wp-block-group has-global-padding is-layout-constrained wp-block-group-is-layout-constrained\">\n<h2 class=\"wp-block-heading\">Fili\u00e8re 2&nbsp;: JE VEUX APPRENDRE \u00c0 LIRE ET \u00c0 \u00c9CRIRE<\/h2>\n\n\n\n<p>Obtiens les connaissances de base en fran\u00e7ais pour acc\u00e9der \u00e0 une formation. <\/p>\n\n\n\n<div class=\"wp-block-buttons is-layout-flex wp-block-buttons-is-layout-flex\">\n<div class=\"wp-block-button\"><a class=\"wp-block-button__link wp-element-button\" href=\"https:\/\/funoc.be\/?page_id=187\">Oui, je le veux&#8230; &gt;<\/a><\/div>\n<\/div>\n<\/div>\n\n\n\n<div style=\"height:30px\" aria-hidden=\"true\" class=\"wp-block-spacer\"><\/div>\n\n\n\n<div class=\"wp-block-group has-global-padding is-layout-constrained wp-block-group-is-layout-constrained\">\n<h2 class=\"wp-block-heading\">Fili\u00e8re 3&nbsp;: FRANCAIS LANGUE \u00c9TRANG\u00c8RE<\/h2>\n\n\n\n<p>Apprendre le fran\u00e7ais de base. <\/p>\n\n\n\n<div class=\"wp-block-buttons is-layout-flex wp-block-buttons-is-layout-flex\">\n<div class=\"wp-block-button\"><a class=\"wp-block-button__link wp-element-button\" href=\"https:\/\/funoc.be\/?page_id=125\">Learn now ! &gt;<\/a><\/div>\n<\/div>\n<\/div>\n\n\n\n<div style=\"height:30px\" aria-hidden=\"true\" class=\"wp-block-spacer\"><\/div>\n\n\n\n<div class=\"wp-block-group has-global-padding is-layout-constrained wp-block-group-is-layout-constrained\">\n<h2 class=\"wp-block-heading\">Fili\u00e8re 4&nbsp;: UN TREMPLIN POUR TON AVENIR<\/h2>\n\n\n\n<p>Pr\u00e9pare-toi au monde du travail gr\u00e2ce \u00e0 des connaissances et comp\u00e9tences de base (+ permis de conduire). <\/p>\n\n\n\n<div class=\"wp-block-buttons is-layout-flex wp-block-buttons-is-layout-flex\">\n<div class=\"wp-block-button\"><a class=\"wp-block-button__link wp-element-button\" href=\"https:\/\/funoc.be\/?page_id=128\">C&rsquo;est parti &gt;<\/a><\/div>\n<\/div>\n<\/div>\n\n\n\n<div style=\"height:30px\" aria-hidden=\"true\" class=\"wp-block-spacer\"><\/div>\n\n\n\n<div class=\"wp-block-group has-global-padding is-layout-constrained wp-block-group-is-layout-constrained\">\n<h2 class=\"wp-block-heading\">Fili\u00e8re 5&nbsp;: OUI JE VEUX DEVENIR\u2026 jardinier d\u2019entretien, \u00e9lectricien, peintre, ma\u00e7on, plafonneur, carreleur <\/h2>\n\n\n\n<p>Forme-toi au m\u00e9tier de tes r\u00eaves dans le b\u00e2timent. <\/p>\n\n\n\n<div class=\"wp-block-buttons is-layout-flex wp-block-buttons-is-layout-flex\">\n<div class=\"wp-block-button\"><a class=\"wp-block-button__link wp-element-button\" href=\"https:\/\/funoc.be\/?page_id=193\">En savoir plus &gt;<\/a><\/div>\n<\/div>\n\n\n\n<div class=\"wp-block-buttons is-layout-flex wp-block-buttons-is-layout-flex\">\n<div class=\"wp-block-button is-style-outline is-style-outline--1\"><a class=\"wp-block-button__link wp-element-button\" href=\"https:\/\/funoc.be\/?page_id=597\" style=\"border-width:3px;border-radius:30px\">(NEW) Ouvrier de production en plasturgie<\/a><\/div>\n<\/div>\n\n\n\n<div class=\"wp-block-buttons is-layout-flex wp-block-buttons-is-layout-flex\">\n<div class=\"wp-block-button is-style-outline is-style-outline--2\"><a class=\"wp-block-button__link wp-element-button\" href=\"https:\/\/funoc.be\/?page_id=576\" style=\"border-width:3px;border-radius:30px\">(NEW) Ouvrier polyvalent<\/a><\/div>\n\n\n\n<div class=\"wp-block-button is-style-outline is-style-outline--3\"><a class=\"wp-block-button__link wp-element-button\" href=\"https:\/\/funoc.be\/?page_id=580\" style=\"border-width:3px;border-radius:30px\">(NEW) \u00c9lectricien r\u00e9sidentiel<\/a><\/div>\n<\/div>\n<\/div>\n\n\n\n<div style=\"height:30px\" aria-hidden=\"true\" class=\"wp-block-spacer\"><\/div>\n\n\n\n<div class=\"wp-block-group has-global-padding is-layout-constrained wp-block-group-is-layout-constrained\">\n<h2 class=\"wp-block-heading\">Fili\u00e8re 6&nbsp;: OUI JE VEUX DEVENIR\u2026 connaissances de gestion de base, vendeur, secr\u00e9taire<\/h2>\n\n\n\n<p>Forme-toi au m\u00e9tier de tes r\u00eaves en entreprise. <\/p>\n\n\n\n<div class=\"wp-block-buttons is-layout-flex wp-block-buttons-is-layout-flex\">\n<div class=\"wp-block-button\"><a class=\"wp-block-button__link wp-element-button\" href=\"https:\/\/funoc.be\/?page_id=202\">Let&rsquo;s go ! &gt;<\/a><\/div>\n<\/div>\n<\/div>\n\n\n\n<div style=\"height:30px\" aria-hidden=\"true\" class=\"wp-block-spacer\"><\/div>\n\n\n\n<div style=\"height:30px\" aria-hidden=\"true\" class=\"wp-block-spacer\"><\/div>\n\n\n\n<div style=\"height:30px\" aria-hidden=\"true\" class=\"wp-block-spacer\"><\/div>\n\n\n\n<h2 class=\"wp-block-heading\">La formation \u00e0 la FUNOC<\/h2>\n\n\n\n<p>Chez nous, tu n&rsquo;es pas un simple num\u00e9ro. \u00c0 la FUNOC nous nous int\u00e9ressons r\u00e9ellement \u00e0 toi. Ta r\u00e9ussite, c&rsquo;est notre r\u00e9ussite. Chez nous, on t&rsquo;oriente, on te forme mais surtout on t&rsquo;aide \u00e0 te remettre debout et \u00e0 d\u00e9finir un parcours de vie qui fait sens pour toi.  Jette un \u0153il aux diff\u00e9rentes formations que nous donnons actuellement (voir ci-dessus) et n&rsquo;h\u00e9site pas \u00e0 <a href=\"https:\/\/funoc.be\/?page_id=42\">nous contacter<\/a> pour trouver la formation qui te convient ! <\/p>\n\n\n\n<h3 class=\"wp-block-heading\">Tu h\u00e9sites encore ? C&rsquo;est normal. Pourquoi ne pas venir nous rendre visite \u00e0 l&rsquo;occasion d&rsquo;une de <a href=\"https:\/\/funoc.be\/?page_id=33\">nos s\u00e9ances d&rsquo;info<\/a> ? C&rsquo;est gratuit, sans rendez-vous et \u00e7a ne t&rsquo;engage \u00e0 rien. Nous avons la formation qu&rsquo;il te faut.<\/h3>\n","protected":false},"excerpt":{"rendered":"<p>Envie de suivre une formation ? De reprendre les commandes de ta vie ? Tu es au bon endroit. La FUNOC est sp\u00e9cialis\u00e9e dans la r\u00e9insertion socioprofessionnelle et nous acceptons TOUT LE MONDE (il faut juste \u00eatre inscrit(e) au Forem). Tu d\u00e9sires te former en horticulture, \u00e0 la vente, la ma\u00e7onnerie ou tu aimerais imaginer [&hellip;]<\/p>\n","protected":false},"author":2,"featured_media":0,"parent":0,"menu_order":0,"comment_status":"closed","ping_status":"closed","template":"","meta":{"footnotes":""},"class_list":["post-22","page","type-page","status-publish","hentry"],"yoast_head":"<!-- This site is optimized with the Yoast SEO plugin v21.4 - https:\/\/yoast.com\/wordpress\/plugins\/seo\/ -->\n<title>Formation \u00e0 la Funoc<\/title>\n<meta name=\"description\" content=\"D\u00e9couvre ta prochaine formation \u00e0 la Funoc de Charleroi : horticulture, b\u00e2timent, vente, secr\u00e9tariat, orientation,...\" \/>\n<meta name=\"robots\" content=\"index, follow, max-snippet:-1, max-image-preview:large, max-video-preview:-1\" \/>\n<link rel=\"canonical\" href=\"https:\/\/funoc.be\/?page_id=22\" \/>\n<meta property=\"og:locale\" content=\"fr_FR\" \/>\n<meta property=\"og:type\" content=\"article\" \/>\n<meta property=\"og:title\" content=\"Formation \u00e0 la Funoc\" \/>\n<meta property=\"og:description\" content=\"D\u00e9couvre ta prochaine formation \u00e0 la Funoc de Charleroi : horticulture, b\u00e2timent, vente, secr\u00e9tariat, orientation,...\" \/>\n<meta property=\"og:url\" content=\"https:\/\/funoc.be\/?page_id=22\" \/>\n<meta property=\"og:site_name\" content=\"Funoc\" \/>\n<meta property=\"article:publisher\" content=\"https:\/\/www.facebook.com\/la.funoc\" \/>\n<meta property=\"article:modified_time\" content=\"2025-10-08T07:03:21+00:00\" \/>\n<meta property=\"og:image\" content=\"https:\/\/funoc.be\/wp-content\/uploads\/2025\/04\/marie3.jpg\" \/>\n<meta name=\"twitter:card\" content=\"summary_large_image\" \/>\n<meta name=\"twitter:label1\" content=\"Dur\u00e9e de lecture estim\u00e9e\" \/>\n\t<meta name=\"twitter:data1\" content=\"2 minutes\" \/>\n<script type=\"application\/ld+json\" class=\"yoast-schema-graph\">{\"@context\":\"https:\/\/schema.org\",\"@graph\":[{\"@type\":\"WebPage\",\"@id\":\"https:\/\/funoc.be\/?page_id=22\",\"url\":\"https:\/\/funoc.be\/?page_id=22\",\"name\":\"Formation \u00e0 la Funoc\",\"isPartOf\":{\"@id\":\"https:\/\/funoc.be\/#website\"},\"datePublished\":\"2023-10-19T19:33:56+00:00\",\"dateModified\":\"2025-10-08T07:03:21+00:00\",\"description\":\"D\u00e9couvre ta prochaine formation \u00e0 la Funoc de Charleroi : horticulture, b\u00e2timent, vente, secr\u00e9tariat, orientation,...\",\"breadcrumb\":{\"@id\":\"https:\/\/funoc.be\/?page_id=22#breadcrumb\"},\"inLanguage\":\"fr-FR\",\"potentialAction\":[{\"@type\":\"ReadAction\",\"target\":[\"https:\/\/funoc.be\/?page_id=22\"]}]},{\"@type\":\"BreadcrumbList\",\"@id\":\"https:\/\/funoc.be\/?page_id=22#breadcrumb\",\"itemListElement\":[{\"@type\":\"ListItem\",\"position\":1,\"name\":\"Accueil\",\"item\":\"https:\/\/funoc.be\/\"},{\"@type\":\"ListItem\",\"position\":2,\"name\":\"FORMATION\"}]},{\"@type\":\"WebSite\",\"@id\":\"https:\/\/funoc.be\/#website\",\"url\":\"https:\/\/funoc.be\/\",\"name\":\"FUNOC : la formation \u00e0 Charleroi\",\"description\":\"La formation, c&#039;est FUN&#039; OK ?\",\"publisher\":{\"@id\":\"https:\/\/funoc.be\/#organization\"},\"potentialAction\":[{\"@type\":\"SearchAction\",\"target\":{\"@type\":\"EntryPoint\",\"urlTemplate\":\"https:\/\/funoc.be\/?s={search_term_string}\"},\"query-input\":\"required name=search_term_string\"}],\"inLanguage\":\"fr-FR\"},{\"@type\":\"Organization\",\"@id\":\"https:\/\/funoc.be\/#organization\",\"name\":\"FUNOC : la formation \u00e0 Charleroi\",\"url\":\"https:\/\/funoc.be\/\",\"logo\":{\"@type\":\"ImageObject\",\"inLanguage\":\"fr-FR\",\"@id\":\"https:\/\/funoc.be\/#\/schema\/logo\/image\/\",\"url\":\"https:\/\/funoc.be\/wp-content\/uploads\/2023\/10\/funoc_logo_positif_sansfond_900X900_72pdi.png\",\"contentUrl\":\"https:\/\/funoc.be\/wp-content\/uploads\/2023\/10\/funoc_logo_positif_sansfond_900X900_72pdi.png\",\"width\":900,\"height\":900,\"caption\":\"FUNOC : la formation \u00e0 Charleroi\"},\"image\":{\"@id\":\"https:\/\/funoc.be\/#\/schema\/logo\/image\/\"},\"sameAs\":[\"https:\/\/www.facebook.com\/la.funoc\"]}]}<\/script>\n<!-- \/ Yoast SEO plugin. -->","yoast_head_json":{"title":"Formation \u00e0 la Funoc","description":"D\u00e9couvre ta prochaine formation \u00e0 la Funoc de Charleroi : horticulture, b\u00e2timent, vente, secr\u00e9tariat, orientation,...","robots":{"index":"index","follow":"follow","max-snippet":"max-snippet:-1","max-image-preview":"max-image-preview:large","max-video-preview":"max-video-preview:-1"},"canonical":"https:\/\/funoc.be\/?page_id=22","og_locale":"fr_FR","og_type":"article","og_title":"Formation \u00e0 la Funoc","og_description":"D\u00e9couvre ta prochaine formation \u00e0 la Funoc de Charleroi : horticulture, b\u00e2timent, vente, secr\u00e9tariat, orientation,...","og_url":"https:\/\/funoc.be\/?page_id=22","og_site_name":"Funoc","article_publisher":"https:\/\/www.facebook.com\/la.funoc","article_modified_time":"2025-10-08T07:03:21+00:00","og_image":[{"url":"https:\/\/funoc.be\/wp-content\/uploads\/2025\/04\/marie3.jpg"}],"twitter_card":"summary_large_image","twitter_misc":{"Dur\u00e9e de lecture estim\u00e9e":"2 minutes"},"schema":{"@context":"https:\/\/schema.org","@graph":[{"@type":"WebPage","@id":"https:\/\/funoc.be\/?page_id=22","url":"https:\/\/funoc.be\/?page_id=22","name":"Formation \u00e0 la Funoc","isPartOf":{"@id":"https:\/\/funoc.be\/#website"},"datePublished":"2023-10-19T19:33:56+00:00","dateModified":"2025-10-08T07:03:21+00:00","description":"D\u00e9couvre ta prochaine formation \u00e0 la Funoc de Charleroi : horticulture, b\u00e2timent, vente, secr\u00e9tariat, orientation,...","breadcrumb":{"@id":"https:\/\/funoc.be\/?page_id=22#breadcrumb"},"inLanguage":"fr-FR","potentialAction":[{"@type":"ReadAction","target":["https:\/\/funoc.be\/?page_id=22"]}]},{"@type":"BreadcrumbList","@id":"https:\/\/funoc.be\/?page_id=22#breadcrumb","itemListElement":[{"@type":"ListItem","position":1,"name":"Accueil","item":"https:\/\/funoc.be\/"},{"@type":"ListItem","position":2,"name":"FORMATION"}]},{"@type":"WebSite","@id":"https:\/\/funoc.be\/#website","url":"https:\/\/funoc.be\/","name":"FUNOC : la formation \u00e0 Charleroi","description":"La formation, c&#039;est FUN&#039; OK ?","publisher":{"@id":"https:\/\/funoc.be\/#organization"},"potentialAction":[{"@type":"SearchAction","target":{"@type":"EntryPoint","urlTemplate":"https:\/\/funoc.be\/?s={search_term_string}"},"query-input":"required name=search_term_string"}],"inLanguage":"fr-FR"},{"@type":"Organization","@id":"https:\/\/funoc.be\/#organization","name":"FUNOC : la formation \u00e0 Charleroi","url":"https:\/\/funoc.be\/","logo":{"@type":"ImageObject","inLanguage":"fr-FR","@id":"https:\/\/funoc.be\/#\/schema\/logo\/image\/","url":"https:\/\/funoc.be\/wp-content\/uploads\/2023\/10\/funoc_logo_positif_sansfond_900X900_72pdi.png","contentUrl":"https:\/\/funoc.be\/wp-content\/uploads\/2023\/10\/funoc_logo_positif_sansfond_900X900_72pdi.png","width":900,"height":900,"caption":"FUNOC : la formation \u00e0 Charleroi"},"image":{"@id":"https:\/\/funoc.be\/#\/schema\/logo\/image\/"},"sameAs":["https:\/\/www.facebook.com\/la.funoc"]}]}},"_links":{"self":[{"href":"https:\/\/funoc.be\/index.php?rest_route=\/wp\/v2\/pages\/22","targetHints":{"allow":["GET"]}}],"collection":[{"href":"https:\/\/funoc.be\/index.php?rest_route=\/wp\/v2\/pages"}],"about":[{"href":"https:\/\/funoc.be\/index.php?rest_route=\/wp\/v2\/types\/page"}],"author":[{"embeddable":true,"href":"https:\/\/funoc.be\/index.php?rest_route=\/wp\/v2\/users\/2"}],"replies":[{"embeddable":true,"href":"https:\/\/funoc.be\/index.php?rest_route=%2Fwp%2Fv2%2Fcomments&post=22"}],"version-history":[{"count":19,"href":"https:\/\/funoc.be\/index.php?rest_route=\/wp\/v2\/pages\/22\/revisions"}],"predecessor-version":[{"id":601,"href":"https:\/\/funoc.be\/index.php?rest_route=\/wp\/v2\/pages\/22\/revisions\/601"}],"wp:attachment":[{"href":"https:\/\/funoc.be\/index.php?rest_route=%2Fwp%2Fv2%2Fmedia&parent=22"}],"curies":[{"name":"wp","href":"https:\/\/api.w.org\/{rel}","templated":true}]}}