{"id":224,"date":"2023-10-23T15:53:31","date_gmt":"2023-10-23T13:53:31","guid":{"rendered":"https:\/\/funoc-dev.funoc.be\/?page_id=224"},"modified":"2023-10-23T15:53:31","modified_gmt":"2023-10-23T13:53:31","slug":"mentions-legales","status":"publish","type":"page","link":"https:\/\/funoc.be\/?page_id=224","title":{"rendered":"Mentions l\u00e9gales"},"content":{"rendered":"\n<div class=\"wp-block-group has-global-padding is-layout-constrained wp-block-group-is-layout-constrained\">\n<div class=\"wp-block-group is-vertical is-layout-flex wp-container-core-group-is-layout-fe9cc265 wp-block-group-is-layout-flex\">\n<p><strong>Funoc<\/strong><\/p>\n\n\n\n<p>Formation pour l&rsquo;Universit\u00e9 Ouverte de Charleroi<\/p>\n\n\n\n<p>Asbl<\/p>\n\n\n\n<p>19 avenue des Alli\u00e9s <\/p>\n\n\n\n<p>6000 Charleroi<\/p>\n\n\n\n<p>funoc@funoc.be<\/p>\n\n\n\n<p>071 270 600<br>N\u00b0 d\u2019entreprise : 0417777515<\/p>\n\n\n\n<p>Agr\u00e9ment CISP N\u00b0084 <\/p>\n\n\n\n<p>\u00c9diteur responsable :  Thierry Tournoy, directeur g\u00e9n\u00e9ral<\/p>\n<\/div>\n<\/div>\n","protected":false},"excerpt":{"rendered":"<p>Funoc Formation pour l&rsquo;Universit\u00e9 Ouverte de Charleroi Asbl 19 avenue des Alli\u00e9s 6000 Charleroi funoc@funoc.be 071 270 600N\u00b0 d\u2019entreprise : 0417777515 Agr\u00e9ment CISP N\u00b0084 \u00c9diteur responsable : Thierry Tournoy, directeur g\u00e9n\u00e9ral<\/p>\n","protected":false},"author":2,"featured_media":0,"parent":0,"menu_order":0,"comment_status":"closed","ping_status":"closed","template":"","meta":{"footnotes":""},"class_list":["post-224","page","type-page","status-publish","hentry"],"yoast_head":"<!-- This site is optimized with the Yoast SEO plugin v21.4 - https:\/\/yoast.com\/wordpress\/plugins\/seo\/ -->\n<title>Mentions l\u00e9gales - Funoc<\/title>\n<meta name=\"robots\" content=\"index, follow, max-snippet:-1, max-image-preview:large, max-video-preview:-1\" \/>\n<link rel=\"canonical\" href=\"https:\/\/funoc.be\/?page_id=224\" \/>\n<meta property=\"og:locale\" content=\"fr_FR\" \/>\n<meta property=\"og:type\" content=\"article\" \/>\n<meta property=\"og:title\" content=\"Mentions l\u00e9gales - Funoc\" \/>\n<meta property=\"og:description\" content=\"Funoc Formation pour l&rsquo;Universit\u00e9 Ouverte de Charleroi Asbl 19 avenue des Alli\u00e9s 6000 Charleroi funoc@funoc.be 071 270 600N\u00b0 d\u2019entreprise : 0417777515 Agr\u00e9ment CISP N\u00b0084 \u00c9diteur responsable : Thierry Tournoy, directeur g\u00e9n\u00e9ral\" \/>\n<meta property=\"og:url\" content=\"https:\/\/funoc.be\/?page_id=224\" \/>\n<meta property=\"og:site_name\" content=\"Funoc\" \/>\n<meta property=\"article:publisher\" content=\"https:\/\/www.facebook.com\/la.funoc\" \/>\n<meta property=\"og:image\" content=\"https:\/\/funoc.be\/wp-content\/uploads\/2024\/01\/trouve-ta-formation-cousin.png\" \/>\n\t<meta property=\"og:image:width\" content=\"1920\" \/>\n\t<meta property=\"og:image:height\" content=\"1280\" \/>\n\t<meta property=\"og:image:type\" content=\"image\/png\" \/>\n<meta name=\"twitter:card\" content=\"summary_large_image\" \/>\n<meta name=\"twitter:label1\" content=\"Dur\u00e9e de lecture estim\u00e9e\" \/>\n\t<meta name=\"twitter:data1\" content=\"1 minute\" \/>\n<script type=\"application\/ld+json\" class=\"yoast-schema-graph\">{\"@context\":\"https:\/\/schema.org\",\"@graph\":[{\"@type\":\"WebPage\",\"@id\":\"https:\/\/funoc.be\/?page_id=224\",\"url\":\"https:\/\/funoc.be\/?page_id=224\",\"name\":\"Mentions l\u00e9gales - Funoc\",\"isPartOf\":{\"@id\":\"https:\/\/funoc.be\/#website\"},\"datePublished\":\"2023-10-23T13:53:31+00:00\",\"dateModified\":\"2023-10-23T13:53:31+00:00\",\"breadcrumb\":{\"@id\":\"https:\/\/funoc.be\/?page_id=224#breadcrumb\"},\"inLanguage\":\"fr-FR\",\"potentialAction\":[{\"@type\":\"ReadAction\",\"target\":[\"https:\/\/funoc.be\/?page_id=224\"]}]},{\"@type\":\"BreadcrumbList\",\"@id\":\"https:\/\/funoc.be\/?page_id=224#breadcrumb\",\"itemListElement\":[{\"@type\":\"ListItem\",\"position\":1,\"name\":\"Accueil\",\"item\":\"https:\/\/funoc.be\/\"},{\"@type\":\"ListItem\",\"position\":2,\"name\":\"Mentions l\u00e9gales\"}]},{\"@type\":\"WebSite\",\"@id\":\"https:\/\/funoc.be\/#website\",\"url\":\"https:\/\/funoc.be\/\",\"name\":\"FUNOC : la formation \u00e0 Charleroi\",\"description\":\"La formation, c&#039;est FUN&#039; OK ?\",\"publisher\":{\"@id\":\"https:\/\/funoc.be\/#organization\"},\"potentialAction\":[{\"@type\":\"SearchAction\",\"target\":{\"@type\":\"EntryPoint\",\"urlTemplate\":\"https:\/\/funoc.be\/?s={search_term_string}\"},\"query-input\":\"required name=search_term_string\"}],\"inLanguage\":\"fr-FR\"},{\"@type\":\"Organization\",\"@id\":\"https:\/\/funoc.be\/#organization\",\"name\":\"FUNOC : la formation \u00e0 Charleroi\",\"url\":\"https:\/\/funoc.be\/\",\"logo\":{\"@type\":\"ImageObject\",\"inLanguage\":\"fr-FR\",\"@id\":\"https:\/\/funoc.be\/#\/schema\/logo\/image\/\",\"url\":\"https:\/\/funoc.be\/wp-content\/uploads\/2023\/10\/funoc_logo_positif_sansfond_900X900_72pdi.png\",\"contentUrl\":\"https:\/\/funoc.be\/wp-content\/uploads\/2023\/10\/funoc_logo_positif_sansfond_900X900_72pdi.png\",\"width\":900,\"height\":900,\"caption\":\"FUNOC : la formation \u00e0 Charleroi\"},\"image\":{\"@id\":\"https:\/\/funoc.be\/#\/schema\/logo\/image\/\"},\"sameAs\":[\"https:\/\/www.facebook.com\/la.funoc\"]}]}<\/script>\n<!-- \/ Yoast SEO plugin. -->","yoast_head_json":{"title":"Mentions l\u00e9gales - Funoc","robots":{"index":"index","follow":"follow","max-snippet":"max-snippet:-1","max-image-preview":"max-image-preview:large","max-video-preview":"max-video-preview:-1"},"canonical":"https:\/\/funoc.be\/?page_id=224","og_locale":"fr_FR","og_type":"article","og_title":"Mentions l\u00e9gales - Funoc","og_description":"Funoc Formation pour l&rsquo;Universit\u00e9 Ouverte de Charleroi Asbl 19 avenue des Alli\u00e9s 6000 Charleroi funoc@funoc.be 071 270 600N\u00b0 d\u2019entreprise : 0417777515 Agr\u00e9ment CISP N\u00b0084 \u00c9diteur responsable : Thierry Tournoy, directeur g\u00e9n\u00e9ral","og_url":"https:\/\/funoc.be\/?page_id=224","og_site_name":"Funoc","article_publisher":"https:\/\/www.facebook.com\/la.funoc","og_image":[{"width":1920,"height":1280,"url":"https:\/\/funoc.be\/wp-content\/uploads\/2024\/01\/trouve-ta-formation-cousin.png","type":"image\/png"}],"twitter_card":"summary_large_image","twitter_misc":{"Dur\u00e9e de lecture estim\u00e9e":"1 minute"},"schema":{"@context":"https:\/\/schema.org","@graph":[{"@type":"WebPage","@id":"https:\/\/funoc.be\/?page_id=224","url":"https:\/\/funoc.be\/?page_id=224","name":"Mentions l\u00e9gales - Funoc","isPartOf":{"@id":"https:\/\/funoc.be\/#website"},"datePublished":"2023-10-23T13:53:31+00:00","dateModified":"2023-10-23T13:53:31+00:00","breadcrumb":{"@id":"https:\/\/funoc.be\/?page_id=224#breadcrumb"},"inLanguage":"fr-FR","potentialAction":[{"@type":"ReadAction","target":["https:\/\/funoc.be\/?page_id=224"]}]},{"@type":"BreadcrumbList","@id":"https:\/\/funoc.be\/?page_id=224#breadcrumb","itemListElement":[{"@type":"ListItem","position":1,"name":"Accueil","item":"https:\/\/funoc.be\/"},{"@type":"ListItem","position":2,"name":"Mentions l\u00e9gales"}]},{"@type":"WebSite","@id":"https:\/\/funoc.be\/#website","url":"https:\/\/funoc.be\/","name":"FUNOC : la formation \u00e0 Charleroi","description":"La formation, c&#039;est FUN&#039; OK ?","publisher":{"@id":"https:\/\/funoc.be\/#organization"},"potentialAction":[{"@type":"SearchAction","target":{"@type":"EntryPoint","urlTemplate":"https:\/\/funoc.be\/?s={search_term_string}"},"query-input":"required name=search_term_string"}],"inLanguage":"fr-FR"},{"@type":"Organization","@id":"https:\/\/funoc.be\/#organization","name":"FUNOC : la formation \u00e0 Charleroi","url":"https:\/\/funoc.be\/","logo":{"@type":"ImageObject","inLanguage":"fr-FR","@id":"https:\/\/funoc.be\/#\/schema\/logo\/image\/","url":"https:\/\/funoc.be\/wp-content\/uploads\/2023\/10\/funoc_logo_positif_sansfond_900X900_72pdi.png","contentUrl":"https:\/\/funoc.be\/wp-content\/uploads\/2023\/10\/funoc_logo_positif_sansfond_900X900_72pdi.png","width":900,"height":900,"caption":"FUNOC : la formation \u00e0 Charleroi"},"image":{"@id":"https:\/\/funoc.be\/#\/schema\/logo\/image\/"},"sameAs":["https:\/\/www.facebook.com\/la.funoc"]}]}},"_links":{"self":[{"href":"https:\/\/funoc.be\/index.php?rest_route=\/wp\/v2\/pages\/224","targetHints":{"allow":["GET"]}}],"collection":[{"href":"https:\/\/funoc.be\/index.php?rest_route=\/wp\/v2\/pages"}],"about":[{"href":"https:\/\/funoc.be\/index.php?rest_route=\/wp\/v2\/types\/page"}],"author":[{"embeddable":true,"href":"https:\/\/funoc.be\/index.php?rest_route=\/wp\/v2\/users\/2"}],"replies":[{"embeddable":true,"href":"https:\/\/funoc.be\/index.php?rest_route=%2Fwp%2Fv2%2Fcomments&post=224"}],"version-history":[{"count":1,"href":"https:\/\/funoc.be\/index.php?rest_route=\/wp\/v2\/pages\/224\/revisions"}],"predecessor-version":[{"id":225,"href":"https:\/\/funoc.be\/index.php?rest_route=\/wp\/v2\/pages\/224\/revisions\/225"}],"wp:attachment":[{"href":"https:\/\/funoc.be\/index.php?rest_route=%2Fwp%2Fv2%2Fmedia&parent=224"}],"curies":[{"name":"wp","href":"https:\/\/api.w.org\/{rel}","templated":true}]}}