{"id":282,"date":"2023-11-15T09:18:51","date_gmt":"2023-11-15T08:18:51","guid":{"rendered":"https:\/\/funoc-dev.funoc.be\/?page_id=282"},"modified":"2024-01-16T15:24:32","modified_gmt":"2024-01-16T14:24:32","slug":"lessentiel-le-site-journal-deducation-permanente-de-la-funoc","status":"publish","type":"page","link":"https:\/\/funoc.be\/?page_id=282","title":{"rendered":"L&rsquo;Essentiel : le site\/journal d&rsquo;\u00e9ducation permanente de la Funoc"},"content":{"rendered":"\n<p>Une information simple comme bonjour. \u00c9crire pour \u00eatre compris. Ce sont les mots d&rsquo;ordre de l&rsquo;Essentiel, notre site d&rsquo;actualit\u00e9 r\u00e9dig\u00e9 dans un langage simple. <\/p>\n\n\n\n<h2 class=\"wp-block-heading\">L&rsquo;Essentiel : qu&rsquo;est-ce que c&rsquo;est ?<\/h2>\n\n\n\n<p>L\u2019Essentiel est donc un site d&rsquo;actualit\u00e9 qui publie des cahiers sur des th\u00e8mes divers. Des th\u00e9matiques qui nous concernent tous. Des th\u00e9matiques d\u2019actualit\u00e9 : la formation du gouvernement, la commune, la construction durable, les d\u00e9bats autour de l\u2019\u00e9nergie\u2026<\/p>\n\n\n\n<p>L\u2019Essentiel est n\u00e9 en 1990, ann\u00e9e internationale de l\u2019alphab\u00e9tisation. \u00c0 cette \u00e9poque L\u2019Essentiel \u00e9tait un journal p\u00e9dagogique sur papier, un journal r\u00e9dig\u00e9 en fran\u00e7ais facile paraissant tous les mois. Avant d\u2019\u00eatre \u00e9dit\u00e9 aussi sur Internet \u00e0 partir de 2001. L\u2019Essentiel papier comme le site sont con\u00e7us comme des outils d\u2019information p\u00e9dagogique, accessibles \u00e0 tous, sans pr\u00e9requis n\u00e9cessaire.<\/p>\n\n\n\n<h2 class=\"wp-block-heading\">C&rsquo;est pour qui ?<\/h2>\n\n\n\n<p>L\u2019Essentiel et son site s\u2019adressent d\u2019abord \u00e0 un public peu familiaris\u00e9 avec l\u2019acte de lecture, et pas du tout familiaris\u00e9 \u00e0 la lecture de la presse \u00e9crite. Mais en fait, c\u2019est pour tout le monde\u2026 Le site s\u2019adresse effectivement \u00e0 tous ceux qui cherchent une information simple et accessible. Une information en fran\u00e7ais facile.<\/p>\n\n\n\n<p>En 1990, \u00e0 ses d\u00e9buts sur papier, notre journal \u00e9tait surtout diffus\u00e9 dans des centres de formation d\u2019adultes, dans des associations diverses (administrations communales,\u00a0CPAS, centres de guidance, centres culturels, centres de sant\u00e9 mentale, centres familiaux, mouvements de jeunes\u2026), dans des biblioth\u00e8ques\u2026Aujourd\u2019hui, le site est utilis\u00e9 et nourri par des animateurs, des formateurs, des particuliers, des groupes d\u2019apprenants.<\/p>\n\n\n\n<p>Envie de d\u00e9couvrir l&rsquo;actualit\u00e9 avec des mots simples ? Besoin de textes pour travailler en classe ? C&rsquo;est ici. Deux formules s&rsquo;offrent \u00e0 vous.<\/p>\n\n\n\n<div style=\"height:27px\" aria-hidden=\"true\" class=\"wp-block-spacer\"><\/div>\n\n\n\n<div class=\"wp-block-columns is-layout-flex wp-container-core-columns-is-layout-28f84493 wp-block-columns-is-layout-flex\">\n<div class=\"wp-block-column is-layout-flow wp-block-column-is-layout-flow\">\n<div class=\"wp-block-buttons is-content-justification-center is-layout-flex wp-container-core-buttons-is-layout-a89b3969 wp-block-buttons-is-layout-flex\">\n<div class=\"wp-block-button has-custom-width wp-block-button__width-100 has-custom-font-size has-large-font-size\"><a class=\"wp-block-button__link has-text-align-center wp-element-button\" href=\"https:\/\/www.journalessentiel.be\/\" target=\"_blank\" rel=\"noreferrer noopener\">Lire l&rsquo;ESSENTIEL<\/a><\/div>\n<\/div>\n<\/div>\n\n\n\n<div class=\"wp-block-column is-layout-flow wp-block-column-is-layout-flow\">\n<div class=\"wp-block-buttons is-content-justification-center is-layout-flex wp-container-core-buttons-is-layout-a89b3969 wp-block-buttons-is-layout-flex\">\n<div class=\"wp-block-button has-custom-font-size has-large-font-size\"><a class=\"wp-block-button__link wp-element-button\">S&rsquo;abonner \u00e0 la Newsletter<\/a><\/div>\n<\/div>\n<\/div>\n<\/div>\n\n\n\n<div style=\"height:100px\" aria-hidden=\"true\" class=\"wp-block-spacer\"><\/div>\n","protected":false},"excerpt":{"rendered":"<p>Une information simple comme bonjour. \u00c9crire pour \u00eatre compris. Ce sont les mots d&rsquo;ordre de l&rsquo;Essentiel, notre site d&rsquo;actualit\u00e9 r\u00e9dig\u00e9 dans un langage simple. L&rsquo;Essentiel : qu&rsquo;est-ce que c&rsquo;est ? L\u2019Essentiel est donc un site d&rsquo;actualit\u00e9 qui publie des cahiers sur des th\u00e8mes divers. Des th\u00e9matiques qui nous concernent tous. Des th\u00e9matiques d\u2019actualit\u00e9 : la [&hellip;]<\/p>\n","protected":false},"author":2,"featured_media":0,"parent":0,"menu_order":0,"comment_status":"closed","ping_status":"closed","template":"","meta":{"footnotes":""},"class_list":["post-282","page","type-page","status-publish","hentry"],"yoast_head":"<!-- This site is optimized with the Yoast SEO plugin v21.4 - https:\/\/yoast.com\/wordpress\/plugins\/seo\/ -->\n<title>L&#039;Essentiel : le site journal d&#039;\u00e9ducation permanente de la Funoc<\/title>\n<meta name=\"description\" content=\"Une information simple comme bonjour. Ce sont les mots d&#039;ordre de l&#039;Essentiel, le site d&#039;actualit\u00e9 de la Funoc r\u00e9dig\u00e9 dans un langage simple.\" \/>\n<meta name=\"robots\" content=\"index, follow, max-snippet:-1, max-image-preview:large, max-video-preview:-1\" \/>\n<link rel=\"canonical\" href=\"https:\/\/funoc.be\/?page_id=282\" \/>\n<meta property=\"og:locale\" content=\"fr_FR\" \/>\n<meta property=\"og:type\" content=\"article\" \/>\n<meta property=\"og:title\" content=\"L&#039;Essentiel : le site journal d&#039;\u00e9ducation permanente de la Funoc\" \/>\n<meta property=\"og:description\" content=\"Une information simple comme bonjour. Ce sont les mots d&#039;ordre de l&#039;Essentiel, le site d&#039;actualit\u00e9 de la Funoc r\u00e9dig\u00e9 dans un langage simple.\" \/>\n<meta property=\"og:url\" content=\"https:\/\/funoc.be\/?page_id=282\" \/>\n<meta property=\"og:site_name\" content=\"Funoc\" \/>\n<meta property=\"article:publisher\" content=\"https:\/\/www.facebook.com\/la.funoc\" \/>\n<meta property=\"article:modified_time\" content=\"2024-01-16T14:24:32+00:00\" \/>\n<meta property=\"og:image\" content=\"https:\/\/funoc.be\/wp-content\/uploads\/2024\/01\/trouve-ta-formation-cousin.png\" \/>\n\t<meta property=\"og:image:width\" content=\"1920\" \/>\n\t<meta property=\"og:image:height\" content=\"1280\" \/>\n\t<meta property=\"og:image:type\" content=\"image\/png\" \/>\n<meta name=\"twitter:card\" content=\"summary_large_image\" \/>\n<meta name=\"twitter:label1\" content=\"Dur\u00e9e de lecture estim\u00e9e\" \/>\n\t<meta name=\"twitter:data1\" content=\"2 minutes\" \/>\n<script type=\"application\/ld+json\" class=\"yoast-schema-graph\">{\"@context\":\"https:\/\/schema.org\",\"@graph\":[{\"@type\":\"WebPage\",\"@id\":\"https:\/\/funoc.be\/?page_id=282\",\"url\":\"https:\/\/funoc.be\/?page_id=282\",\"name\":\"L'Essentiel : le site journal d'\u00e9ducation permanente de la Funoc\",\"isPartOf\":{\"@id\":\"https:\/\/funoc.be\/#website\"},\"datePublished\":\"2023-11-15T08:18:51+00:00\",\"dateModified\":\"2024-01-16T14:24:32+00:00\",\"description\":\"Une information simple comme bonjour. Ce sont les mots d'ordre de l'Essentiel, le site d'actualit\u00e9 de la Funoc r\u00e9dig\u00e9 dans un langage simple.\",\"breadcrumb\":{\"@id\":\"https:\/\/funoc.be\/?page_id=282#breadcrumb\"},\"inLanguage\":\"fr-FR\",\"potentialAction\":[{\"@type\":\"ReadAction\",\"target\":[\"https:\/\/funoc.be\/?page_id=282\"]}]},{\"@type\":\"BreadcrumbList\",\"@id\":\"https:\/\/funoc.be\/?page_id=282#breadcrumb\",\"itemListElement\":[{\"@type\":\"ListItem\",\"position\":1,\"name\":\"Accueil\",\"item\":\"https:\/\/funoc.be\/\"},{\"@type\":\"ListItem\",\"position\":2,\"name\":\"L&rsquo;Essentiel : le site\/journal d&rsquo;\u00e9ducation permanente de la Funoc\"}]},{\"@type\":\"WebSite\",\"@id\":\"https:\/\/funoc.be\/#website\",\"url\":\"https:\/\/funoc.be\/\",\"name\":\"FUNOC : la formation \u00e0 Charleroi\",\"description\":\"La formation, c&#039;est FUN&#039; OK ?\",\"publisher\":{\"@id\":\"https:\/\/funoc.be\/#organization\"},\"potentialAction\":[{\"@type\":\"SearchAction\",\"target\":{\"@type\":\"EntryPoint\",\"urlTemplate\":\"https:\/\/funoc.be\/?s={search_term_string}\"},\"query-input\":\"required name=search_term_string\"}],\"inLanguage\":\"fr-FR\"},{\"@type\":\"Organization\",\"@id\":\"https:\/\/funoc.be\/#organization\",\"name\":\"FUNOC : la formation \u00e0 Charleroi\",\"url\":\"https:\/\/funoc.be\/\",\"logo\":{\"@type\":\"ImageObject\",\"inLanguage\":\"fr-FR\",\"@id\":\"https:\/\/funoc.be\/#\/schema\/logo\/image\/\",\"url\":\"https:\/\/funoc.be\/wp-content\/uploads\/2023\/10\/funoc_logo_positif_sansfond_900X900_72pdi.png\",\"contentUrl\":\"https:\/\/funoc.be\/wp-content\/uploads\/2023\/10\/funoc_logo_positif_sansfond_900X900_72pdi.png\",\"width\":900,\"height\":900,\"caption\":\"FUNOC : la formation \u00e0 Charleroi\"},\"image\":{\"@id\":\"https:\/\/funoc.be\/#\/schema\/logo\/image\/\"},\"sameAs\":[\"https:\/\/www.facebook.com\/la.funoc\"]}]}<\/script>\n<!-- \/ Yoast SEO plugin. -->","yoast_head_json":{"title":"L'Essentiel : le site journal d'\u00e9ducation permanente de la Funoc","description":"Une information simple comme bonjour. Ce sont les mots d'ordre de l'Essentiel, le site d'actualit\u00e9 de la Funoc r\u00e9dig\u00e9 dans un langage simple.","robots":{"index":"index","follow":"follow","max-snippet":"max-snippet:-1","max-image-preview":"max-image-preview:large","max-video-preview":"max-video-preview:-1"},"canonical":"https:\/\/funoc.be\/?page_id=282","og_locale":"fr_FR","og_type":"article","og_title":"L'Essentiel : le site journal d'\u00e9ducation permanente de la Funoc","og_description":"Une information simple comme bonjour. Ce sont les mots d'ordre de l'Essentiel, le site d'actualit\u00e9 de la Funoc r\u00e9dig\u00e9 dans un langage simple.","og_url":"https:\/\/funoc.be\/?page_id=282","og_site_name":"Funoc","article_publisher":"https:\/\/www.facebook.com\/la.funoc","article_modified_time":"2024-01-16T14:24:32+00:00","og_image":[{"width":1920,"height":1280,"url":"https:\/\/funoc.be\/wp-content\/uploads\/2024\/01\/trouve-ta-formation-cousin.png","type":"image\/png"}],"twitter_card":"summary_large_image","twitter_misc":{"Dur\u00e9e de lecture estim\u00e9e":"2 minutes"},"schema":{"@context":"https:\/\/schema.org","@graph":[{"@type":"WebPage","@id":"https:\/\/funoc.be\/?page_id=282","url":"https:\/\/funoc.be\/?page_id=282","name":"L'Essentiel : le site journal d'\u00e9ducation permanente de la Funoc","isPartOf":{"@id":"https:\/\/funoc.be\/#website"},"datePublished":"2023-11-15T08:18:51+00:00","dateModified":"2024-01-16T14:24:32+00:00","description":"Une information simple comme bonjour. Ce sont les mots d'ordre de l'Essentiel, le site d'actualit\u00e9 de la Funoc r\u00e9dig\u00e9 dans un langage simple.","breadcrumb":{"@id":"https:\/\/funoc.be\/?page_id=282#breadcrumb"},"inLanguage":"fr-FR","potentialAction":[{"@type":"ReadAction","target":["https:\/\/funoc.be\/?page_id=282"]}]},{"@type":"BreadcrumbList","@id":"https:\/\/funoc.be\/?page_id=282#breadcrumb","itemListElement":[{"@type":"ListItem","position":1,"name":"Accueil","item":"https:\/\/funoc.be\/"},{"@type":"ListItem","position":2,"name":"L&rsquo;Essentiel : le site\/journal d&rsquo;\u00e9ducation permanente de la Funoc"}]},{"@type":"WebSite","@id":"https:\/\/funoc.be\/#website","url":"https:\/\/funoc.be\/","name":"FUNOC : la formation \u00e0 Charleroi","description":"La formation, c&#039;est FUN&#039; OK ?","publisher":{"@id":"https:\/\/funoc.be\/#organization"},"potentialAction":[{"@type":"SearchAction","target":{"@type":"EntryPoint","urlTemplate":"https:\/\/funoc.be\/?s={search_term_string}"},"query-input":"required name=search_term_string"}],"inLanguage":"fr-FR"},{"@type":"Organization","@id":"https:\/\/funoc.be\/#organization","name":"FUNOC : la formation \u00e0 Charleroi","url":"https:\/\/funoc.be\/","logo":{"@type":"ImageObject","inLanguage":"fr-FR","@id":"https:\/\/funoc.be\/#\/schema\/logo\/image\/","url":"https:\/\/funoc.be\/wp-content\/uploads\/2023\/10\/funoc_logo_positif_sansfond_900X900_72pdi.png","contentUrl":"https:\/\/funoc.be\/wp-content\/uploads\/2023\/10\/funoc_logo_positif_sansfond_900X900_72pdi.png","width":900,"height":900,"caption":"FUNOC : la formation \u00e0 Charleroi"},"image":{"@id":"https:\/\/funoc.be\/#\/schema\/logo\/image\/"},"sameAs":["https:\/\/www.facebook.com\/la.funoc"]}]}},"_links":{"self":[{"href":"https:\/\/funoc.be\/index.php?rest_route=\/wp\/v2\/pages\/282","targetHints":{"allow":["GET"]}}],"collection":[{"href":"https:\/\/funoc.be\/index.php?rest_route=\/wp\/v2\/pages"}],"about":[{"href":"https:\/\/funoc.be\/index.php?rest_route=\/wp\/v2\/types\/page"}],"author":[{"embeddable":true,"href":"https:\/\/funoc.be\/index.php?rest_route=\/wp\/v2\/users\/2"}],"replies":[{"embeddable":true,"href":"https:\/\/funoc.be\/index.php?rest_route=%2Fwp%2Fv2%2Fcomments&post=282"}],"version-history":[{"count":4,"href":"https:\/\/funoc.be\/index.php?rest_route=\/wp\/v2\/pages\/282\/revisions"}],"predecessor-version":[{"id":354,"href":"https:\/\/funoc.be\/index.php?rest_route=\/wp\/v2\/pages\/282\/revisions\/354"}],"wp:attachment":[{"href":"https:\/\/funoc.be\/index.php?rest_route=%2Fwp%2Fv2%2Fmedia&parent=282"}],"curies":[{"name":"wp","href":"https:\/\/api.w.org\/{rel}","templated":true}]}}