{"id":291,"date":"2023-11-15T13:37:34","date_gmt":"2023-11-15T12:37:34","guid":{"rendered":"https:\/\/funoc-dev.funoc.be\/?page_id=291"},"modified":"2026-01-28T10:27:48","modified_gmt":"2026-01-28T09:27:48","slug":"bienvenue-a-la-funoc","status":"publish","type":"page","link":"https:\/\/funoc.be\/","title":{"rendered":"Bienvenue \u00e0 la FUNOC !"},"content":{"rendered":"\n<div class=\"wp-block-cover alignwide wp-duotone-rgb23611052-rgb23611052-1\" style=\"margin-top:0;padding-top:4vw;padding-right:4vw;padding-bottom:4vw;padding-left:4vw;min-height:50vh;aspect-ratio:unset;\"><span aria-hidden=\"true\" class=\"wp-block-cover__background has-custom-bleu-funoc-background-color has-background-dim-90 has-background-dim\"><\/span><div class=\"wp-block-cover__inner-container has-global-padding is-layout-constrained wp-container-core-cover-is-layout-2b4fc1e3 wp-block-cover-is-layout-constrained\">\n<div class=\"wp-block-group is-layout-flow wp-container-core-group-is-layout-d6743c7d wp-block-group-is-layout-flow\">\n<p class=\"has-text-align-center has-text-color\" style=\"color:#ffb23d;font-size:clamp(41.23px, 2.577rem + ((1vw - 3.2px) * 4.178), 78px);font-style:normal;font-weight:700;letter-spacing:-2px;line-height:0.9;text-transform:uppercase\">soutenez<\/p>\n\n\n\n<p class=\"has-text-align-center has-text-color\" style=\"color:#ffb23d;font-size:clamp(42.068px, 2.629rem + ((1vw - 3.2px) * 4.31), 80px);font-style:normal;font-weight:700;letter-spacing:-2px;line-height:0.9;text-transform:uppercase\">la funoc<\/p>\n\n\n\n<div style=\"height:48px\" aria-hidden=\"true\" class=\"wp-block-spacer\"><\/div>\n\n\n\n<div class=\"wp-block-columns is-layout-flex wp-container-core-columns-is-layout-28f84493 wp-block-columns-is-layout-flex\">\n<div class=\"wp-block-column is-layout-flow wp-block-column-is-layout-flow\">\n<div class=\"wp-block-buttons is-content-justification-center is-layout-flex wp-container-core-buttons-is-layout-a89b3969 wp-block-buttons-is-layout-flex\">\n<div class=\"wp-block-button\"><a class=\"wp-block-button__link has-text-color has-background has-custom-font-size wp-element-button\" href=\"https:\/\/funoc.be\/?page_id=610\" style=\"border-top-left-radius:30px;border-top-right-radius:30px;border-bottom-left-radius:30px;border-bottom-right-radius:30px;color:#2c3066;background-color:#ffb23d;padding-top:32px;padding-right:48px;padding-bottom:32px;padding-left:48px;font-size:clamp(14px, 0.875rem + ((1vw - 3.2px) * 0.227), 16px);font-style:normal;font-weight:700;letter-spacing:1px;text-transform:uppercase\">Lire les t\u00e9moignages<\/a><\/div>\n<\/div>\n<\/div>\n\n\n\n<div class=\"wp-block-column is-layout-flow wp-block-column-is-layout-flow\">\n<div class=\"wp-block-buttons is-content-justification-center is-layout-flex wp-container-core-buttons-is-layout-a89b3969 wp-block-buttons-is-layout-flex\">\n<div class=\"wp-block-button\"><a class=\"wp-block-button__link has-text-color has-background has-custom-font-size wp-element-button\" href=\"https:\/\/funoc.be\/?page_id=610\" style=\"border-top-left-radius:30px;border-top-right-radius:30px;border-bottom-left-radius:30px;border-bottom-right-radius:30px;color:#2c3066;background-color:#ffb23d;padding-top:32px;padding-right:48px;padding-bottom:32px;padding-left:48px;font-size:clamp(14px, 0.875rem + ((1vw - 3.2px) * 0.227), 16px);font-style:normal;font-weight:700;letter-spacing:1px;text-transform:uppercase\">Laisser un t\u00e9moignage<\/a><\/div>\n<\/div>\n<\/div>\n<\/div>\n<\/div>\n<\/div><\/div>\n\n\n\n<p class=\"has-large-font-size\">Comment pouvons-nous t&rsquo;aider ? Tu cherches une <a href=\"https:\/\/funoc.be\/?page_id=22\">formation<\/a> ? Tu veux assister \u00e0 une <a href=\"https:\/\/funoc.be\/?page_id=33\">s\u00e9ance d&rsquo;information<\/a> ou simplement <a href=\"https:\/\/funoc.be\/?page_id=42\">poser une question<\/a> ? Nous sommes l\u00e0 pour t&rsquo;aider !<\/p>\n\n\n\n<p>Si c&rsquo;est la premi\u00e8re fois que tu viens ici, voici quelques petites choses \u00e0 savoir sur la FUNOC : <\/p>\n\n\n\n<p>La FUNOC est <mark style=\"background-color:#f36e32\" class=\"has-inline-color\">un centre de formation<\/mark>. Ici, on apprend \u00e9videmment et on acquiert des comp\u00e9tences mais le plus important est de d&rsquo;abord retrouver confiance en soi et en les autres. \u00c0 la FUNOC, tu <mark style=\"background-color:#f36e32\" class=\"has-inline-color\">rencontres des gens<\/mark>, tu cr\u00e9es des liens, tu reprends quelques bonnes habitudes PUIS tu apprends un m\u00e9tier. <\/p>\n\n\n\n<p>\u00c0 chaque instant, quelqu&rsquo;un est disponible pour t&rsquo;aider. Depuis la premi\u00e8re s\u00e9ance d&rsquo;information jusqu&rsquo;au jour o\u00f9 tu nous quitteras (snif), <mark style=\"background-color:#f36e32\" class=\"has-inline-color\">tu ne seras jamais seul(e)<\/mark>. Il y aura toujours un formateur(trice) ou un membre de l&rsquo;\u00e9quipe pour t&rsquo;accompagner dans tes d\u00e9marches ou tes moments de doute (et dans tes succ\u00e8s \u00e9videmment). <\/p>\n\n\n\n<p>La FUNOC est une asbl \u00e0 part. Elle est n\u00e9e des mouvements ouvriers carolos. C&rsquo;est dans son ADN d&rsquo;aider les autres. Chez nous, on s&rsquo;adapte \u00e0 toi, pas l&rsquo;inverse. Chez nous, <mark style=\"background-color:#f36e32\" class=\"has-inline-color\">tu es la priorit\u00e9<\/mark>. En vrai. Le premier pas est le plus difficile&#8230; tu dois juste pousser une porte ! Regarde <a href=\"https:\/\/www.youtube.com\/channel\/UClY2QxKpPnAWydWDZYH0mvQ\" target=\"_blank\" rel=\"noreferrer noopener\">les t\u00e9moignages de nos stagiaires et de nos formateurs<\/a>.<\/p>\n\n\n\n<p class=\"has-text-align-center has-large-font-size\">VIENS \u00c0 UNE <a href=\"https:\/\/funoc.be\/?page_id=33\">S\u00c9ANCE D&rsquo;INFO<\/a> ET DEMANDE HAFIDA ! C&rsquo;EST AU 17 AVENUE DES ALLI\u00c9S \u00c0 6000 CHARLEROI TOUS LES LUNDIS, MERCREDIS ET VENDREDIS \u00c0 9H30. PAS BESOIN DE RENDEZ-VOUS, C&rsquo;EST GRATUIT ET SANS ENGAGEMENT. ON T&rsquo;ATTEND !<\/p>\n\n\n\n<div class=\"wp-block-buttons has-custom-font-size has-x-large-font-size is-content-justification-center is-layout-flex wp-container-core-buttons-is-layout-a89b3969 wp-block-buttons-is-layout-flex\">\n<div class=\"wp-block-button\"><a class=\"wp-block-button__link wp-element-button\" href=\"https:\/\/www.google.com\/maps\/dir\/50.4168448,4.4498944\/FUNOC+-+Si%C3%A8ge+social+-+S%C3%A9ance+d'information+et+d'inscription,+Av.+des+Alli%C3%A9s+17%2F19,+6000+Charleroi\/@50.4149831,4.4335891,15z\/data=!3m1!4b1!4m9!4m8!1m1!4e1!1m5!1m1!1s0x47c2260a7f9c74cd:0xb024759c38636d23!2m2!1d4.4397537!2d50.4110538?entry=ttu\" target=\"_blank\" rel=\"noreferrer noopener\">ALLER \u00c0 LA FUNOC<\/a><\/div>\n<\/div>\n","protected":false},"excerpt":{"rendered":"<p>Comment pouvons-nous t&rsquo;aider ? Tu cherches une formation ? Tu veux assister \u00e0 une s\u00e9ance d&rsquo;information ou simplement poser une question ? Nous sommes l\u00e0 pour t&rsquo;aider ! Si c&rsquo;est la premi\u00e8re fois que tu viens ici, voici quelques petites choses \u00e0 savoir sur la FUNOC : La FUNOC est un centre de formation. Ici, [&hellip;]<\/p>\n","protected":false},"author":2,"featured_media":0,"parent":0,"menu_order":0,"comment_status":"closed","ping_status":"closed","template":"","meta":{"footnotes":""},"class_list":["post-291","page","type-page","status-publish","hentry"],"yoast_head":"<!-- This site is optimized with the Yoast SEO plugin v21.4 - https:\/\/yoast.com\/wordpress\/plugins\/seo\/ -->\n<title>La FUNOC oriente et forme les carolos !<\/title>\n<meta name=\"description\" content=\"La FUNOC est le centre d&#039;insertion socio-professionnel le plus cool de Charleroi. Comment pouvons-nous t&#039;aider ? La formation c&#039;est fun ok ?\" \/>\n<meta name=\"robots\" content=\"index, follow, max-snippet:-1, max-image-preview:large, max-video-preview:-1\" \/>\n<link rel=\"canonical\" href=\"https:\/\/funoc.be\/\" \/>\n<meta property=\"og:locale\" content=\"fr_FR\" \/>\n<meta property=\"og:type\" content=\"article\" \/>\n<meta property=\"og:title\" content=\"La FUNOC : Carolo, forme-toi !\" \/>\n<meta property=\"og:description\" content=\"Formation pour l\u2019UNiversit\u00e9 Ouverte Charleroi &gt; CISP &gt; Formation et orientation \u00e0 Charleroi.\" \/>\n<meta property=\"og:url\" content=\"https:\/\/funoc.be\/\" \/>\n<meta property=\"og:site_name\" content=\"Funoc\" \/>\n<meta property=\"article:publisher\" content=\"https:\/\/www.facebook.com\/la.funoc\" \/>\n<meta property=\"article:modified_time\" content=\"2026-01-28T09:27:48+00:00\" \/>\n<meta property=\"og:image\" content=\"https:\/\/funoc.be\/wp-content\/uploads\/2024\/01\/trouve-ta-formation-cousin.png\" \/>\n\t<meta property=\"og:image:width\" content=\"1920\" \/>\n\t<meta property=\"og:image:height\" content=\"1280\" \/>\n\t<meta property=\"og:image:type\" content=\"image\/png\" \/>\n<meta name=\"twitter:card\" content=\"summary_large_image\" \/>\n<meta name=\"twitter:label1\" content=\"Dur\u00e9e de lecture estim\u00e9e\" \/>\n\t<meta name=\"twitter:data1\" content=\"2 minutes\" \/>\n<script type=\"application\/ld+json\" class=\"yoast-schema-graph\">{\"@context\":\"https:\/\/schema.org\",\"@graph\":[{\"@type\":\"WebPage\",\"@id\":\"https:\/\/funoc.be\/\",\"url\":\"https:\/\/funoc.be\/\",\"name\":\"La FUNOC oriente et forme les carolos !\",\"isPartOf\":{\"@id\":\"https:\/\/funoc.be\/#website\"},\"datePublished\":\"2023-11-15T12:37:34+00:00\",\"dateModified\":\"2026-01-28T09:27:48+00:00\",\"description\":\"La FUNOC est le centre d'insertion socio-professionnel le plus cool de Charleroi. Comment pouvons-nous t'aider ? La formation c'est fun ok ?\",\"breadcrumb\":{\"@id\":\"https:\/\/funoc.be\/#breadcrumb\"},\"inLanguage\":\"fr-FR\",\"potentialAction\":[{\"@type\":\"ReadAction\",\"target\":[\"https:\/\/funoc.be\/\"]}]},{\"@type\":\"BreadcrumbList\",\"@id\":\"https:\/\/funoc.be\/#breadcrumb\",\"itemListElement\":[{\"@type\":\"ListItem\",\"position\":1,\"name\":\"Accueil\",\"item\":\"https:\/\/funoc.be\/\"},{\"@type\":\"ListItem\",\"position\":2,\"name\":\"Bienvenue \u00e0 la FUNOC !\"}]},{\"@type\":\"WebSite\",\"@id\":\"https:\/\/funoc.be\/#website\",\"url\":\"https:\/\/funoc.be\/\",\"name\":\"FUNOC : la formation \u00e0 Charleroi\",\"description\":\"La formation, c&#039;est FUN&#039; OK ?\",\"publisher\":{\"@id\":\"https:\/\/funoc.be\/#organization\"},\"potentialAction\":[{\"@type\":\"SearchAction\",\"target\":{\"@type\":\"EntryPoint\",\"urlTemplate\":\"https:\/\/funoc.be\/?s={search_term_string}\"},\"query-input\":\"required name=search_term_string\"}],\"inLanguage\":\"fr-FR\"},{\"@type\":\"Organization\",\"@id\":\"https:\/\/funoc.be\/#organization\",\"name\":\"FUNOC : la formation \u00e0 Charleroi\",\"url\":\"https:\/\/funoc.be\/\",\"logo\":{\"@type\":\"ImageObject\",\"inLanguage\":\"fr-FR\",\"@id\":\"https:\/\/funoc.be\/#\/schema\/logo\/image\/\",\"url\":\"https:\/\/funoc.be\/wp-content\/uploads\/2023\/10\/funoc_logo_positif_sansfond_900X900_72pdi.png\",\"contentUrl\":\"https:\/\/funoc.be\/wp-content\/uploads\/2023\/10\/funoc_logo_positif_sansfond_900X900_72pdi.png\",\"width\":900,\"height\":900,\"caption\":\"FUNOC : la formation \u00e0 Charleroi\"},\"image\":{\"@id\":\"https:\/\/funoc.be\/#\/schema\/logo\/image\/\"},\"sameAs\":[\"https:\/\/www.facebook.com\/la.funoc\"]}]}<\/script>\n<!-- \/ Yoast SEO plugin. -->","yoast_head_json":{"title":"La FUNOC oriente et forme les carolos !","description":"La FUNOC est le centre d'insertion socio-professionnel le plus cool de Charleroi. Comment pouvons-nous t'aider ? La formation c'est fun ok ?","robots":{"index":"index","follow":"follow","max-snippet":"max-snippet:-1","max-image-preview":"max-image-preview:large","max-video-preview":"max-video-preview:-1"},"canonical":"https:\/\/funoc.be\/","og_locale":"fr_FR","og_type":"article","og_title":"La FUNOC : Carolo, forme-toi !","og_description":"Formation pour l\u2019UNiversit\u00e9 Ouverte Charleroi > CISP > Formation et orientation \u00e0 Charleroi.","og_url":"https:\/\/funoc.be\/","og_site_name":"Funoc","article_publisher":"https:\/\/www.facebook.com\/la.funoc","article_modified_time":"2026-01-28T09:27:48+00:00","og_image":[{"width":1920,"height":1280,"url":"https:\/\/funoc.be\/wp-content\/uploads\/2024\/01\/trouve-ta-formation-cousin.png","type":"image\/png"}],"twitter_card":"summary_large_image","twitter_misc":{"Dur\u00e9e de lecture estim\u00e9e":"2 minutes"},"schema":{"@context":"https:\/\/schema.org","@graph":[{"@type":"WebPage","@id":"https:\/\/funoc.be\/","url":"https:\/\/funoc.be\/","name":"La FUNOC oriente et forme les carolos !","isPartOf":{"@id":"https:\/\/funoc.be\/#website"},"datePublished":"2023-11-15T12:37:34+00:00","dateModified":"2026-01-28T09:27:48+00:00","description":"La FUNOC est le centre d'insertion socio-professionnel le plus cool de Charleroi. Comment pouvons-nous t'aider ? La formation c'est fun ok ?","breadcrumb":{"@id":"https:\/\/funoc.be\/#breadcrumb"},"inLanguage":"fr-FR","potentialAction":[{"@type":"ReadAction","target":["https:\/\/funoc.be\/"]}]},{"@type":"BreadcrumbList","@id":"https:\/\/funoc.be\/#breadcrumb","itemListElement":[{"@type":"ListItem","position":1,"name":"Accueil","item":"https:\/\/funoc.be\/"},{"@type":"ListItem","position":2,"name":"Bienvenue \u00e0 la FUNOC !"}]},{"@type":"WebSite","@id":"https:\/\/funoc.be\/#website","url":"https:\/\/funoc.be\/","name":"FUNOC : la formation \u00e0 Charleroi","description":"La formation, c&#039;est FUN&#039; OK ?","publisher":{"@id":"https:\/\/funoc.be\/#organization"},"potentialAction":[{"@type":"SearchAction","target":{"@type":"EntryPoint","urlTemplate":"https:\/\/funoc.be\/?s={search_term_string}"},"query-input":"required name=search_term_string"}],"inLanguage":"fr-FR"},{"@type":"Organization","@id":"https:\/\/funoc.be\/#organization","name":"FUNOC : la formation \u00e0 Charleroi","url":"https:\/\/funoc.be\/","logo":{"@type":"ImageObject","inLanguage":"fr-FR","@id":"https:\/\/funoc.be\/#\/schema\/logo\/image\/","url":"https:\/\/funoc.be\/wp-content\/uploads\/2023\/10\/funoc_logo_positif_sansfond_900X900_72pdi.png","contentUrl":"https:\/\/funoc.be\/wp-content\/uploads\/2023\/10\/funoc_logo_positif_sansfond_900X900_72pdi.png","width":900,"height":900,"caption":"FUNOC : la formation \u00e0 Charleroi"},"image":{"@id":"https:\/\/funoc.be\/#\/schema\/logo\/image\/"},"sameAs":["https:\/\/www.facebook.com\/la.funoc"]}]}},"_links":{"self":[{"href":"https:\/\/funoc.be\/index.php?rest_route=\/wp\/v2\/pages\/291","targetHints":{"allow":["GET"]}}],"collection":[{"href":"https:\/\/funoc.be\/index.php?rest_route=\/wp\/v2\/pages"}],"about":[{"href":"https:\/\/funoc.be\/index.php?rest_route=\/wp\/v2\/types\/page"}],"author":[{"embeddable":true,"href":"https:\/\/funoc.be\/index.php?rest_route=\/wp\/v2\/users\/2"}],"replies":[{"embeddable":true,"href":"https:\/\/funoc.be\/index.php?rest_route=%2Fwp%2Fv2%2Fcomments&post=291"}],"version-history":[{"count":28,"href":"https:\/\/funoc.be\/index.php?rest_route=\/wp\/v2\/pages\/291\/revisions"}],"predecessor-version":[{"id":661,"href":"https:\/\/funoc.be\/index.php?rest_route=\/wp\/v2\/pages\/291\/revisions\/661"}],"wp:attachment":[{"href":"https:\/\/funoc.be\/index.php?rest_route=%2Fwp%2Fv2%2Fmedia&parent=291"}],"curies":[{"name":"wp","href":"https:\/\/api.w.org\/{rel}","templated":true}]}}