{"id":300,"date":"2023-11-15T14:30:46","date_gmt":"2023-11-15T13:30:46","guid":{"rendered":"https:\/\/funoc-dev.funoc.be\/?page_id=300"},"modified":"2023-11-16T10:26:22","modified_gmt":"2023-11-16T09:26:22","slug":"lactualite-de-la-funoc","status":"publish","type":"page","link":"https:\/\/funoc.be\/?page_id=300","title":{"rendered":"L&rsquo;actualit\u00e9 de la FUNOC"},"content":{"rendered":"\n<p>Retrouvez ci-dessous toute l&rsquo;actualit\u00e9 de notre asbl.<\/p>\n\n\n\n<div class=\"wp-block-query is-layout-flow wp-block-query-is-layout-flow\"><ul class=\"wp-block-post-template is-layout-flow wp-block-post-template-is-layout-flow\"><li class=\"wp-block-post post-662 post type-post status-publish format-standard hentry category-non-classe\">\n\n\n<div class=\"wp-block-post-date\"><time datetime=\"2026-02-17T09:36:34+01:00\">17 f\u00e9vrier 2026<\/time><\/div>\n\n<h2 class=\"wp-block-post-title\"><a href=\"https:\/\/funoc.be\/?p=662\" target=\"_self\" >Love me before I die &#8211; Soutenez la FUNOC<\/a><\/h2>\n<\/li><li class=\"wp-block-post post-602 post type-post status-publish format-standard has-post-thumbnail hentry category-non-classe\">\n<figure class=\"wp-block-post-featured-image\"><a href=\"https:\/\/funoc.be\/?p=602\" target=\"_self\"  ><img loading=\"lazy\" decoding=\"async\" width=\"1080\" height=\"1350\" src=\"https:\/\/funoc.be\/wp-content\/uploads\/2025\/10\/funoc_plastic_affface.png\" class=\"attachment-post-thumbnail size-post-thumbnail wp-post-image\" alt=\"Ouvrier de production en plasturgie\" style=\"object-fit:cover;\" \/><\/a><\/figure>\n\n<div class=\"wp-block-post-date\"><time datetime=\"2025-10-08T09:18:01+02:00\">8 octobre 2025<\/time><\/div>\n\n<h2 class=\"wp-block-post-title\"><a href=\"https:\/\/funoc.be\/?p=602\" target=\"_self\" >Ouvrier de production en plasturgie<\/a><\/h2>\n<\/li><li class=\"wp-block-post post-589 post type-post status-publish format-standard has-post-thumbnail hentry category-evenement\">\n<figure class=\"wp-block-post-featured-image\"><a href=\"https:\/\/funoc.be\/?p=589\" target=\"_self\"  ><img loading=\"lazy\" decoding=\"async\" width=\"3264\" height=\"1840\" src=\"https:\/\/funoc.be\/wp-content\/uploads\/2025\/08\/1756450090406.jpg\" class=\"attachment-post-thumbnail size-post-thumbnail wp-post-image\" alt=\"Accueil des stagiaires : 2\u00e8me semestre 2025\" style=\"object-fit:cover;\" \/><\/a><\/figure>\n\n<div class=\"wp-block-post-date\"><time datetime=\"2025-08-29T09:32:18+02:00\">29 ao\u00fbt 2025<\/time><\/div>\n\n<h2 class=\"wp-block-post-title\"><a href=\"https:\/\/funoc.be\/?p=589\" target=\"_self\" >Accueil des stagiaires : 2\u00e8me semestre 2025<\/a><\/h2>\n<\/li><\/ul>\n\n<nav class=\"wp-block-query-pagination is-layout-flex wp-block-query-pagination-is-layout-flex\" aria-label=\"Pagination\">\n\n\n<div class=\"wp-block-query-pagination-numbers\"><span aria-current=\"page\" class=\"page-numbers current\">1<\/span>\n<a class=\"page-numbers\" href=\"?query-0-page=2&#038;rest_route=%2Fwp%2Fv2%2Fpages%2F300\">2<\/a>\n<a class=\"page-numbers\" href=\"?query-0-page=3&#038;rest_route=%2Fwp%2Fv2%2Fpages%2F300\">3<\/a>\n<span class=\"page-numbers dots\">\u2026<\/span>\n<a class=\"page-numbers\" href=\"?query-0-page=7&#038;rest_route=%2Fwp%2Fv2%2Fpages%2F300\">7<\/a><\/div>\n\n<a href=\"\/index.php?rest_route=%2Fwp%2Fv2%2Fpages%2F300&#038;query-0-page=2\" class=\"wp-block-query-pagination-next\">Page suivante<\/a>\n<\/nav>\n\n<\/div>\n","protected":false},"excerpt":{"rendered":"<p>Retrouvez ci-dessous toute l&rsquo;actualit\u00e9 de notre asbl.<\/p>\n","protected":false},"author":2,"featured_media":0,"parent":0,"menu_order":0,"comment_status":"closed","ping_status":"closed","template":"","meta":{"footnotes":""},"class_list":["post-300","page","type-page","status-publish","hentry"],"yoast_head":"<!-- This site is optimized with the Yoast SEO plugin v21.4 - https:\/\/yoast.com\/wordpress\/plugins\/seo\/ -->\n<title>L&#039;actualit\u00e9 de la FUNOC<\/title>\n<meta name=\"description\" content=\"Retrouvez ici toute notre actualit\u00e9 : nos chantiers, nos \u00e9v\u00e9nements, les billets d&#039;humeur de notre directeur et bien d&#039;autres...\" \/>\n<meta name=\"robots\" content=\"index, follow, max-snippet:-1, max-image-preview:large, max-video-preview:-1\" \/>\n<link rel=\"canonical\" href=\"https:\/\/funoc.be\/?page_id=300\" \/>\n<link rel=\"next\" href=\"https:\/\/funoc.be\/?page_id=300index.php?rest_route=%2Fwp%2Fv2%2Fpages%2F300&query-0-page=2\" \/>\n<meta property=\"og:locale\" content=\"fr_FR\" \/>\n<meta property=\"og:type\" content=\"article\" \/>\n<meta property=\"og:title\" content=\"L&#039;actualit\u00e9 de la FUNOC\" \/>\n<meta property=\"og:description\" content=\"Retrouvez ici toute notre actualit\u00e9 : nos chantiers, nos \u00e9v\u00e9nements, les billets d&#039;humeur de notre directeur et bien d&#039;autres...\" \/>\n<meta property=\"og:url\" content=\"https:\/\/funoc.be\/?page_id=300\" \/>\n<meta property=\"og:site_name\" content=\"Funoc\" \/>\n<meta property=\"article:publisher\" content=\"https:\/\/www.facebook.com\/la.funoc\" \/>\n<meta property=\"article:modified_time\" content=\"2023-11-16T09:26:22+00:00\" \/>\n<meta property=\"og:image\" content=\"https:\/\/funoc.be\/wp-content\/uploads\/2024\/01\/trouve-ta-formation-cousin.png\" \/>\n\t<meta property=\"og:image:width\" content=\"1920\" \/>\n\t<meta property=\"og:image:height\" content=\"1280\" \/>\n\t<meta property=\"og:image:type\" content=\"image\/png\" \/>\n<meta name=\"twitter:card\" content=\"summary_large_image\" \/>\n<meta name=\"twitter:label1\" content=\"Dur\u00e9e de lecture estim\u00e9e\" \/>\n\t<meta name=\"twitter:data1\" content=\"1 minute\" \/>\n<script type=\"application\/ld+json\" class=\"yoast-schema-graph\">{\"@context\":\"https:\/\/schema.org\",\"@graph\":[{\"@type\":\"WebPage\",\"@id\":\"https:\/\/funoc.be\/?page_id=300\",\"url\":\"https:\/\/funoc.be\/?page_id=300\",\"name\":\"L'actualit\u00e9 de la FUNOC\",\"isPartOf\":{\"@id\":\"https:\/\/funoc.be\/#website\"},\"datePublished\":\"2023-11-15T13:30:46+00:00\",\"dateModified\":\"2023-11-16T09:26:22+00:00\",\"description\":\"Retrouvez ici toute notre actualit\u00e9 : nos chantiers, nos \u00e9v\u00e9nements, les billets d'humeur de notre directeur et bien d'autres...\",\"breadcrumb\":{\"@id\":\"https:\/\/funoc.be\/?page_id=300#breadcrumb\"},\"inLanguage\":\"fr-FR\",\"potentialAction\":[{\"@type\":\"ReadAction\",\"target\":[\"https:\/\/funoc.be\/?page_id=300\"]}]},{\"@type\":\"BreadcrumbList\",\"@id\":\"https:\/\/funoc.be\/?page_id=300#breadcrumb\",\"itemListElement\":[{\"@type\":\"ListItem\",\"position\":1,\"name\":\"Accueil\",\"item\":\"https:\/\/funoc.be\/\"},{\"@type\":\"ListItem\",\"position\":2,\"name\":\"L&rsquo;actualit\u00e9 de la FUNOC\"}]},{\"@type\":\"WebSite\",\"@id\":\"https:\/\/funoc.be\/#website\",\"url\":\"https:\/\/funoc.be\/\",\"name\":\"FUNOC : la formation \u00e0 Charleroi\",\"description\":\"La formation, c&#039;est FUN&#039; OK ?\",\"publisher\":{\"@id\":\"https:\/\/funoc.be\/#organization\"},\"potentialAction\":[{\"@type\":\"SearchAction\",\"target\":{\"@type\":\"EntryPoint\",\"urlTemplate\":\"https:\/\/funoc.be\/?s={search_term_string}\"},\"query-input\":\"required name=search_term_string\"}],\"inLanguage\":\"fr-FR\"},{\"@type\":\"Organization\",\"@id\":\"https:\/\/funoc.be\/#organization\",\"name\":\"FUNOC : la formation \u00e0 Charleroi\",\"url\":\"https:\/\/funoc.be\/\",\"logo\":{\"@type\":\"ImageObject\",\"inLanguage\":\"fr-FR\",\"@id\":\"https:\/\/funoc.be\/#\/schema\/logo\/image\/\",\"url\":\"https:\/\/funoc.be\/wp-content\/uploads\/2023\/10\/funoc_logo_positif_sansfond_900X900_72pdi.png\",\"contentUrl\":\"https:\/\/funoc.be\/wp-content\/uploads\/2023\/10\/funoc_logo_positif_sansfond_900X900_72pdi.png\",\"width\":900,\"height\":900,\"caption\":\"FUNOC : la formation \u00e0 Charleroi\"},\"image\":{\"@id\":\"https:\/\/funoc.be\/#\/schema\/logo\/image\/\"},\"sameAs\":[\"https:\/\/www.facebook.com\/la.funoc\"]}]}<\/script>\n<!-- \/ Yoast SEO plugin. -->","yoast_head_json":{"title":"L'actualit\u00e9 de la FUNOC","description":"Retrouvez ici toute notre actualit\u00e9 : nos chantiers, nos \u00e9v\u00e9nements, les billets d'humeur de notre directeur et bien d'autres...","robots":{"index":"index","follow":"follow","max-snippet":"max-snippet:-1","max-image-preview":"max-image-preview:large","max-video-preview":"max-video-preview:-1"},"canonical":"https:\/\/funoc.be\/?page_id=300","next":"https:\/\/funoc.be\/?page_id=300index.php?rest_route=%2Fwp%2Fv2%2Fpages%2F300&query-0-page=2","og_locale":"fr_FR","og_type":"article","og_title":"L'actualit\u00e9 de la FUNOC","og_description":"Retrouvez ici toute notre actualit\u00e9 : nos chantiers, nos \u00e9v\u00e9nements, les billets d'humeur de notre directeur et bien d'autres...","og_url":"https:\/\/funoc.be\/?page_id=300","og_site_name":"Funoc","article_publisher":"https:\/\/www.facebook.com\/la.funoc","article_modified_time":"2023-11-16T09:26:22+00:00","og_image":[{"width":1920,"height":1280,"url":"https:\/\/funoc.be\/wp-content\/uploads\/2024\/01\/trouve-ta-formation-cousin.png","type":"image\/png"}],"twitter_card":"summary_large_image","twitter_misc":{"Dur\u00e9e de lecture estim\u00e9e":"1 minute"},"schema":{"@context":"https:\/\/schema.org","@graph":[{"@type":"WebPage","@id":"https:\/\/funoc.be\/?page_id=300","url":"https:\/\/funoc.be\/?page_id=300","name":"L'actualit\u00e9 de la FUNOC","isPartOf":{"@id":"https:\/\/funoc.be\/#website"},"datePublished":"2023-11-15T13:30:46+00:00","dateModified":"2023-11-16T09:26:22+00:00","description":"Retrouvez ici toute notre actualit\u00e9 : nos chantiers, nos \u00e9v\u00e9nements, les billets d'humeur de notre directeur et bien d'autres...","breadcrumb":{"@id":"https:\/\/funoc.be\/?page_id=300#breadcrumb"},"inLanguage":"fr-FR","potentialAction":[{"@type":"ReadAction","target":["https:\/\/funoc.be\/?page_id=300"]}]},{"@type":"BreadcrumbList","@id":"https:\/\/funoc.be\/?page_id=300#breadcrumb","itemListElement":[{"@type":"ListItem","position":1,"name":"Accueil","item":"https:\/\/funoc.be\/"},{"@type":"ListItem","position":2,"name":"L&rsquo;actualit\u00e9 de la FUNOC"}]},{"@type":"WebSite","@id":"https:\/\/funoc.be\/#website","url":"https:\/\/funoc.be\/","name":"FUNOC : la formation \u00e0 Charleroi","description":"La formation, c&#039;est FUN&#039; OK ?","publisher":{"@id":"https:\/\/funoc.be\/#organization"},"potentialAction":[{"@type":"SearchAction","target":{"@type":"EntryPoint","urlTemplate":"https:\/\/funoc.be\/?s={search_term_string}"},"query-input":"required name=search_term_string"}],"inLanguage":"fr-FR"},{"@type":"Organization","@id":"https:\/\/funoc.be\/#organization","name":"FUNOC : la formation \u00e0 Charleroi","url":"https:\/\/funoc.be\/","logo":{"@type":"ImageObject","inLanguage":"fr-FR","@id":"https:\/\/funoc.be\/#\/schema\/logo\/image\/","url":"https:\/\/funoc.be\/wp-content\/uploads\/2023\/10\/funoc_logo_positif_sansfond_900X900_72pdi.png","contentUrl":"https:\/\/funoc.be\/wp-content\/uploads\/2023\/10\/funoc_logo_positif_sansfond_900X900_72pdi.png","width":900,"height":900,"caption":"FUNOC : la formation \u00e0 Charleroi"},"image":{"@id":"https:\/\/funoc.be\/#\/schema\/logo\/image\/"},"sameAs":["https:\/\/www.facebook.com\/la.funoc"]}]}},"_links":{"self":[{"href":"https:\/\/funoc.be\/index.php?rest_route=\/wp\/v2\/pages\/300","targetHints":{"allow":["GET"]}}],"collection":[{"href":"https:\/\/funoc.be\/index.php?rest_route=\/wp\/v2\/pages"}],"about":[{"href":"https:\/\/funoc.be\/index.php?rest_route=\/wp\/v2\/types\/page"}],"author":[{"embeddable":true,"href":"https:\/\/funoc.be\/index.php?rest_route=\/wp\/v2\/users\/2"}],"replies":[{"embeddable":true,"href":"https:\/\/funoc.be\/index.php?rest_route=%2Fwp%2Fv2%2Fcomments&post=300"}],"version-history":[{"count":2,"href":"https:\/\/funoc.be\/index.php?rest_route=\/wp\/v2\/pages\/300\/revisions"}],"predecessor-version":[{"id":329,"href":"https:\/\/funoc.be\/index.php?rest_route=\/wp\/v2\/pages\/300\/revisions\/329"}],"wp:attachment":[{"href":"https:\/\/funoc.be\/index.php?rest_route=%2Fwp%2Fv2%2Fmedia&parent=300"}],"curies":[{"name":"wp","href":"https:\/\/api.w.org\/{rel}","templated":true}]}}