{"id":38,"date":"2023-10-19T22:28:40","date_gmt":"2023-10-19T20:28:40","guid":{"rendered":"https:\/\/funoc-dev.funoc.be\/?page_id=38"},"modified":"2025-04-14T12:41:09","modified_gmt":"2025-04-14T10:41:09","slug":"aides","status":"publish","type":"page","link":"https:\/\/funoc.be\/?page_id=38","title":{"rendered":"SERVICES"},"content":{"rendered":"\n<p>Vous trouverez ci-dessous les diff\u00e9rents services d&rsquo;aide propos\u00e9s par la FUNOC ainsi que les multiples projets et actions qui nous occupent. <\/p>\n\n\n\n<h2 class=\"wp-block-heading\">Les cr\u00e8ches<\/h2>\n\n\n\n<p>La Funoc dispose de deux cr\u00e8ches \u00e0 Charleroi et \u00e0 Monceau-Sur-Sambre. Ces structures sont r\u00e9serv\u00e9es en priorit\u00e9 \u00e0 nos stagiaires, parents d&rsquo;enfants en bas-\u00e2ge, afin de leur permettre de venir en formation en toute s\u00e9r\u00e9nit\u00e9.<\/p>\n\n\n\n<div class=\"wp-block-buttons has-custom-font-size has-medium-font-size is-nowrap is-layout-flex wp-container-core-buttons-is-layout-6c531013 wp-block-buttons-is-layout-flex\">\n<div class=\"wp-block-button has-custom-width wp-block-button__width-75\"><a class=\"wp-block-button__link wp-element-button\" href=\"https:\/\/funoc.be\/?page_id=212\">En savoir + sur nos cr\u00e8ches &gt;<\/a><\/div>\n<\/div>\n\n\n\n<div style=\"height:25px\" aria-hidden=\"true\" class=\"wp-block-spacer\"><\/div>\n\n\n\n<h2 class=\"wp-block-heading\">L&rsquo;Essentiel<\/h2>\n\n\n\n<p>L&rsquo;Essentiel est un journal qui propose des contenus d&rsquo;actualit\u00e9 \u00ab\u00a0simples comme bonjour\u00a0\u00bb. Il a pour but de ramener dans la sph\u00e8re de l&rsquo;\u00e9crit des publics qui en sont traditionnellement exclus (notamment ceux issus de l&rsquo;Alpha).<\/p>\n\n\n\n<div class=\"wp-block-buttons has-custom-font-size has-medium-font-size is-nowrap is-layout-flex wp-container-core-buttons-is-layout-6c531013 wp-block-buttons-is-layout-flex\">\n<div class=\"wp-block-button has-custom-width wp-block-button__width-75\"><a class=\"wp-block-button__link wp-element-button\" href=\"https:\/\/www.journalessentiel.be\/\" target=\"_blank\" rel=\"noreferrer noopener\">D\u00e9couvrez l&rsquo;Essentiel &gt;<\/a><\/div>\n<\/div>\n\n\n\n<div style=\"height:25px\" aria-hidden=\"true\" class=\"wp-block-spacer\"><\/div>\n\n\n\n<h2 class=\"wp-block-heading\">Le service social<\/h2>\n\n\n\n<p>Notre service social est l\u00e0 pour aider nos stagiaires \u00e0 identifier leurs difficult\u00e9s et \u00e0 trouver les solutions les plus adapt\u00e9es. Ce service est gratuit.<\/p>\n\n\n\n<div class=\"wp-block-buttons has-custom-font-size has-medium-font-size is-nowrap is-layout-flex wp-container-core-buttons-is-layout-6c531013 wp-block-buttons-is-layout-flex\">\n<div class=\"wp-block-button has-custom-width wp-block-button__width-75\"><a class=\"wp-block-button__link wp-element-button\" href=\"#\" target=\"_blank\" rel=\"noreferrer noopener\">\u00c0 venir<\/a><\/div>\n<\/div>\n\n\n\n<div style=\"height:25px\" aria-hidden=\"true\" class=\"wp-block-spacer\"><\/div>\n\n\n\n<h2 class=\"wp-block-heading\">DIGIFUN<\/h2>\n\n\n\n<p>Digifun est l&rsquo;espace num\u00e9rique de la Funoc. Plus qu&rsquo;une simple classe informatique, il s&rsquo;agit d&rsquo;un r\u00e9el service d&rsquo;aide personnalis\u00e9e dont le but est de lutter contre les br\u00e8ches en mati\u00e8re de digitalisation.<\/p>\n\n\n\n<div class=\"wp-block-buttons has-custom-font-size has-medium-font-size is-nowrap is-layout-flex wp-container-core-buttons-is-layout-6c531013 wp-block-buttons-is-layout-flex\">\n<div class=\"wp-block-button has-custom-width wp-block-button__width-75\"><a class=\"wp-block-button__link wp-element-button\" href=\"https:\/\/funoc.be\/?page_id=164\">Ne restez pas sur la touche &gt;<\/a><\/div>\n<\/div>\n\n\n\n<div style=\"height:25px\" aria-hidden=\"true\" class=\"wp-block-spacer\"><\/div>\n\n\n\n<h2 class=\"wp-block-heading\">DuCin\u00e9Da<\/h2>\n\n\n\n<p>Vous aimez le cin\u00e9ma ? La Funoc propose d\u00e9sormais une initiation aux m\u00e9tiers du cin\u00e9ma \u00e0 Charleroi.<\/p>\n\n\n\n<div class=\"wp-block-buttons has-custom-font-size has-medium-font-size is-nowrap is-layout-flex wp-container-core-buttons-is-layout-6c531013 wp-block-buttons-is-layout-flex\">\n<div class=\"wp-block-button has-custom-width wp-block-button__width-75\"><a class=\"wp-block-button__link wp-element-button\" href=\"https:\/\/funoc.be\/?page_id=209\">Cin\u00e9maaaa cin\u00e9maaaa &gt;<\/a><\/div>\n<\/div>\n\n\n\n<div style=\"height:25px\" aria-hidden=\"true\" class=\"wp-block-spacer\"><\/div>\n\n\n\n<h2 class=\"wp-block-heading\">Promoveo<\/h2>\n\n\n\n<p>Faciliter leur parcours l&rsquo;int\u00e9gration en Wallonie pour des b\u00e9n\u00e9ficiaires provenant de pays hors UE.<\/p>\n\n\n\n<div class=\"wp-block-buttons has-custom-font-size has-medium-font-size is-nowrap is-layout-flex wp-container-core-buttons-is-layout-6c531013 wp-block-buttons-is-layout-flex\">\n<div class=\"wp-block-button has-custom-width wp-block-button__width-75\"><a class=\"wp-block-button__link wp-element-button\" href=\"https:\/\/funoc.be\/?page_id=499\">D\u00e9couvrir &gt;<\/a><\/div>\n<\/div>\n\n\n\n<div style=\"height:25px\" aria-hidden=\"true\" class=\"wp-block-spacer\"><\/div>\n\n\n\n<h2 class=\"wp-block-heading\">Mon Pass Num\u00e9rique<\/h2>\n\n\n\n<div class=\"wp-block-buttons has-custom-font-size has-medium-font-size is-nowrap is-layout-flex wp-container-core-buttons-is-layout-6c531013 wp-block-buttons-is-layout-flex\">\n<div class=\"wp-block-button has-custom-width wp-block-button__width-75\"><a class=\"wp-block-button__link wp-element-button\" href=\"https:\/\/funoc.be\/?page_id=564\">D\u00e9couvrir &gt;<\/a><\/div>\n<\/div>\n\n\n\n<div style=\"height:25px\" aria-hidden=\"true\" class=\"wp-block-spacer\"><\/div>\n\n\n\n<hr class=\"wp-block-separator has-text-color has-custom-bleu-funoc-color has-alpha-channel-opacity has-custom-bleu-funoc-background-color has-background is-style-wide\"\/>\n\n\n\n<p>N&rsquo;h\u00e9sitez pas \u00e0 vous inscrire \u00e0 notre newsletter pour \u00eatre tenu inform\u00e9(e) de nos activit\u00e9s ou \u00e0 nous rejoindre sur <a href=\"https:\/\/www.facebook.com\/la.funoc\/\" target=\"_blank\" rel=\"noreferrer noopener\">Facebook<\/a>, <a href=\"https:\/\/www.instagram.com\/funoccharleroi\/\">Instagram<\/a> ou <a href=\"https:\/\/www.tiktok.com\/@funoc6000\" target=\"_blank\" rel=\"noreferrer noopener\">Tiktok<\/a>. <\/p>\n","protected":false},"excerpt":{"rendered":"<p>Vous trouverez ci-dessous les diff\u00e9rents services d&rsquo;aide propos\u00e9s par la FUNOC ainsi que les multiples projets et actions qui nous occupent. Les cr\u00e8ches La Funoc dispose de deux cr\u00e8ches \u00e0 Charleroi et \u00e0 Monceau-Sur-Sambre. Ces structures sont r\u00e9serv\u00e9es en priorit\u00e9 \u00e0 nos stagiaires, parents d&rsquo;enfants en bas-\u00e2ge, afin de leur permettre de venir en formation [&hellip;]<\/p>\n","protected":false},"author":2,"featured_media":0,"parent":0,"menu_order":0,"comment_status":"closed","ping_status":"closed","template":"","meta":{"footnotes":""},"class_list":["post-38","page","type-page","status-publish","hentry"],"yoast_head":"<!-- This site is optimized with the Yoast SEO plugin v21.4 - https:\/\/yoast.com\/wordpress\/plugins\/seo\/ -->\n<title>Les services de la FUNOC : cr\u00e8ches, L&#039;Essentiel<\/title>\n<meta name=\"description\" content=\"D\u00e9couvrez l&#039;ensemble des services annexes de la FUNOC, compl\u00e9mentaires \u00e0 notre offre de formations \u00e0 Charleroi.\" \/>\n<meta name=\"robots\" content=\"index, follow, max-snippet:-1, max-image-preview:large, max-video-preview:-1\" \/>\n<link rel=\"canonical\" href=\"https:\/\/funoc.be\/?page_id=38\" \/>\n<meta property=\"og:locale\" content=\"fr_FR\" \/>\n<meta property=\"og:type\" content=\"article\" \/>\n<meta property=\"og:title\" content=\"Les services de la FUNOC : cr\u00e8ches, L&#039;Essentiel\" \/>\n<meta property=\"og:description\" content=\"D\u00e9couvrez l&#039;ensemble des services annexes de la FUNOC, compl\u00e9mentaires \u00e0 notre offre de formations \u00e0 Charleroi.\" \/>\n<meta property=\"og:url\" content=\"https:\/\/funoc.be\/?page_id=38\" \/>\n<meta property=\"og:site_name\" content=\"Funoc\" \/>\n<meta property=\"article:publisher\" content=\"https:\/\/www.facebook.com\/la.funoc\" \/>\n<meta property=\"article:modified_time\" content=\"2025-04-14T10:41:09+00:00\" \/>\n<meta property=\"og:image\" content=\"https:\/\/funoc.be\/wp-content\/uploads\/2024\/01\/trouve-ta-formation-cousin.png\" \/>\n\t<meta property=\"og:image:width\" content=\"1920\" \/>\n\t<meta property=\"og:image:height\" content=\"1280\" \/>\n\t<meta property=\"og:image:type\" content=\"image\/png\" \/>\n<meta name=\"twitter:card\" content=\"summary_large_image\" \/>\n<meta name=\"twitter:label1\" content=\"Dur\u00e9e de lecture estim\u00e9e\" \/>\n\t<meta name=\"twitter:data1\" content=\"2 minutes\" \/>\n<script type=\"application\/ld+json\" class=\"yoast-schema-graph\">{\"@context\":\"https:\/\/schema.org\",\"@graph\":[{\"@type\":\"WebPage\",\"@id\":\"https:\/\/funoc.be\/?page_id=38\",\"url\":\"https:\/\/funoc.be\/?page_id=38\",\"name\":\"Les services de la FUNOC : cr\u00e8ches, L'Essentiel\",\"isPartOf\":{\"@id\":\"https:\/\/funoc.be\/#website\"},\"datePublished\":\"2023-10-19T20:28:40+00:00\",\"dateModified\":\"2025-04-14T10:41:09+00:00\",\"description\":\"D\u00e9couvrez l'ensemble des services annexes de la FUNOC, compl\u00e9mentaires \u00e0 notre offre de formations \u00e0 Charleroi.\",\"breadcrumb\":{\"@id\":\"https:\/\/funoc.be\/?page_id=38#breadcrumb\"},\"inLanguage\":\"fr-FR\",\"potentialAction\":[{\"@type\":\"ReadAction\",\"target\":[\"https:\/\/funoc.be\/?page_id=38\"]}]},{\"@type\":\"BreadcrumbList\",\"@id\":\"https:\/\/funoc.be\/?page_id=38#breadcrumb\",\"itemListElement\":[{\"@type\":\"ListItem\",\"position\":1,\"name\":\"Accueil\",\"item\":\"https:\/\/funoc.be\/\"},{\"@type\":\"ListItem\",\"position\":2,\"name\":\"SERVICES\"}]},{\"@type\":\"WebSite\",\"@id\":\"https:\/\/funoc.be\/#website\",\"url\":\"https:\/\/funoc.be\/\",\"name\":\"FUNOC : la formation \u00e0 Charleroi\",\"description\":\"La formation, c&#039;est FUN&#039; OK ?\",\"publisher\":{\"@id\":\"https:\/\/funoc.be\/#organization\"},\"potentialAction\":[{\"@type\":\"SearchAction\",\"target\":{\"@type\":\"EntryPoint\",\"urlTemplate\":\"https:\/\/funoc.be\/?s={search_term_string}\"},\"query-input\":\"required name=search_term_string\"}],\"inLanguage\":\"fr-FR\"},{\"@type\":\"Organization\",\"@id\":\"https:\/\/funoc.be\/#organization\",\"name\":\"FUNOC : la formation \u00e0 Charleroi\",\"url\":\"https:\/\/funoc.be\/\",\"logo\":{\"@type\":\"ImageObject\",\"inLanguage\":\"fr-FR\",\"@id\":\"https:\/\/funoc.be\/#\/schema\/logo\/image\/\",\"url\":\"https:\/\/funoc.be\/wp-content\/uploads\/2023\/10\/funoc_logo_positif_sansfond_900X900_72pdi.png\",\"contentUrl\":\"https:\/\/funoc.be\/wp-content\/uploads\/2023\/10\/funoc_logo_positif_sansfond_900X900_72pdi.png\",\"width\":900,\"height\":900,\"caption\":\"FUNOC : la formation \u00e0 Charleroi\"},\"image\":{\"@id\":\"https:\/\/funoc.be\/#\/schema\/logo\/image\/\"},\"sameAs\":[\"https:\/\/www.facebook.com\/la.funoc\"]}]}<\/script>\n<!-- \/ Yoast SEO plugin. -->","yoast_head_json":{"title":"Les services de la FUNOC : cr\u00e8ches, L'Essentiel","description":"D\u00e9couvrez l'ensemble des services annexes de la FUNOC, compl\u00e9mentaires \u00e0 notre offre de formations \u00e0 Charleroi.","robots":{"index":"index","follow":"follow","max-snippet":"max-snippet:-1","max-image-preview":"max-image-preview:large","max-video-preview":"max-video-preview:-1"},"canonical":"https:\/\/funoc.be\/?page_id=38","og_locale":"fr_FR","og_type":"article","og_title":"Les services de la FUNOC : cr\u00e8ches, L'Essentiel","og_description":"D\u00e9couvrez l'ensemble des services annexes de la FUNOC, compl\u00e9mentaires \u00e0 notre offre de formations \u00e0 Charleroi.","og_url":"https:\/\/funoc.be\/?page_id=38","og_site_name":"Funoc","article_publisher":"https:\/\/www.facebook.com\/la.funoc","article_modified_time":"2025-04-14T10:41:09+00:00","og_image":[{"width":1920,"height":1280,"url":"https:\/\/funoc.be\/wp-content\/uploads\/2024\/01\/trouve-ta-formation-cousin.png","type":"image\/png"}],"twitter_card":"summary_large_image","twitter_misc":{"Dur\u00e9e de lecture estim\u00e9e":"2 minutes"},"schema":{"@context":"https:\/\/schema.org","@graph":[{"@type":"WebPage","@id":"https:\/\/funoc.be\/?page_id=38","url":"https:\/\/funoc.be\/?page_id=38","name":"Les services de la FUNOC : cr\u00e8ches, L'Essentiel","isPartOf":{"@id":"https:\/\/funoc.be\/#website"},"datePublished":"2023-10-19T20:28:40+00:00","dateModified":"2025-04-14T10:41:09+00:00","description":"D\u00e9couvrez l'ensemble des services annexes de la FUNOC, compl\u00e9mentaires \u00e0 notre offre de formations \u00e0 Charleroi.","breadcrumb":{"@id":"https:\/\/funoc.be\/?page_id=38#breadcrumb"},"inLanguage":"fr-FR","potentialAction":[{"@type":"ReadAction","target":["https:\/\/funoc.be\/?page_id=38"]}]},{"@type":"BreadcrumbList","@id":"https:\/\/funoc.be\/?page_id=38#breadcrumb","itemListElement":[{"@type":"ListItem","position":1,"name":"Accueil","item":"https:\/\/funoc.be\/"},{"@type":"ListItem","position":2,"name":"SERVICES"}]},{"@type":"WebSite","@id":"https:\/\/funoc.be\/#website","url":"https:\/\/funoc.be\/","name":"FUNOC : la formation \u00e0 Charleroi","description":"La formation, c&#039;est FUN&#039; OK ?","publisher":{"@id":"https:\/\/funoc.be\/#organization"},"potentialAction":[{"@type":"SearchAction","target":{"@type":"EntryPoint","urlTemplate":"https:\/\/funoc.be\/?s={search_term_string}"},"query-input":"required name=search_term_string"}],"inLanguage":"fr-FR"},{"@type":"Organization","@id":"https:\/\/funoc.be\/#organization","name":"FUNOC : la formation \u00e0 Charleroi","url":"https:\/\/funoc.be\/","logo":{"@type":"ImageObject","inLanguage":"fr-FR","@id":"https:\/\/funoc.be\/#\/schema\/logo\/image\/","url":"https:\/\/funoc.be\/wp-content\/uploads\/2023\/10\/funoc_logo_positif_sansfond_900X900_72pdi.png","contentUrl":"https:\/\/funoc.be\/wp-content\/uploads\/2023\/10\/funoc_logo_positif_sansfond_900X900_72pdi.png","width":900,"height":900,"caption":"FUNOC : la formation \u00e0 Charleroi"},"image":{"@id":"https:\/\/funoc.be\/#\/schema\/logo\/image\/"},"sameAs":["https:\/\/www.facebook.com\/la.funoc"]}]}},"_links":{"self":[{"href":"https:\/\/funoc.be\/index.php?rest_route=\/wp\/v2\/pages\/38","targetHints":{"allow":["GET"]}}],"collection":[{"href":"https:\/\/funoc.be\/index.php?rest_route=\/wp\/v2\/pages"}],"about":[{"href":"https:\/\/funoc.be\/index.php?rest_route=\/wp\/v2\/types\/page"}],"author":[{"embeddable":true,"href":"https:\/\/funoc.be\/index.php?rest_route=\/wp\/v2\/users\/2"}],"replies":[{"embeddable":true,"href":"https:\/\/funoc.be\/index.php?rest_route=%2Fwp%2Fv2%2Fcomments&post=38"}],"version-history":[{"count":14,"href":"https:\/\/funoc.be\/index.php?rest_route=\/wp\/v2\/pages\/38\/revisions"}],"predecessor-version":[{"id":567,"href":"https:\/\/funoc.be\/index.php?rest_route=\/wp\/v2\/pages\/38\/revisions\/567"}],"wp:attachment":[{"href":"https:\/\/funoc.be\/index.php?rest_route=%2Fwp%2Fv2%2Fmedia&parent=38"}],"curies":[{"name":"wp","href":"https:\/\/api.w.org\/{rel}","templated":true}]}}