{"id":42,"date":"2023-10-19T22:29:20","date_gmt":"2023-10-19T20:29:20","guid":{"rendered":"https:\/\/funoc-dev.funoc.be\/?page_id=42"},"modified":"2025-05-21T14:37:04","modified_gmt":"2025-05-21T12:37:04","slug":"contact","status":"publish","type":"page","link":"https:\/\/funoc.be\/?page_id=42","title":{"rendered":"CONTACT"},"content":{"rendered":"\n<p>Envie de contacter la FUNOC ? Voici nos coordonn\u00e9es.<\/p>\n\n\n\n<p><strong>FUNOC <\/strong><br>17 avenue des Alli\u00e9s <br>6000 Charleroi <\/p>\n\n\n\n<p>071 270 600 (dites bonjour \u00e0 Adriano)<\/p>\n\n\n\n<p><a href=\"http:\/\/m.me\/1374226732808262\">Messenger<\/a><\/p>\n\n\n\n<p>WhatsApp (bient\u00f4t)<\/p>\n\n\n\n<p><a href=\"mailto:funoc@funoc.be\">funoc@funoc.be<\/a><\/p>\n\n\n\n<iframe src=\"https:\/\/www.google.com\/maps\/embed?pb=!1m18!1m12!1m3!1d40681.80230124288!2d4.367657121679682!3d50.41105620000001!2m3!1f0!2f0!3f0!3m2!1i1024!2i768!4f13.1!3m3!1m2!1s0x47c2260a7f9c74cd%3A0xb024759c38636d23!2sFUNOC%20-%20Si%C3%A8ge%20social%20-%20S%C3%A9ance%20d&#39;information%20et%20d&#39;inscription!5e0!3m2!1sfr!2sbe!4v1700055369379!5m2!1sfr!2sbe\" width=\"600\" height=\"450\" style=\"border:0;\" allowfullscreen=\"\" loading=\"lazy\" referrerpolicy=\"no-referrer-when-downgrade\"><\/iframe>\n","protected":false},"excerpt":{"rendered":"<p>Envie de contacter la FUNOC ? Voici nos coordonn\u00e9es. FUNOC 17 avenue des Alli\u00e9s 6000 Charleroi 071 270 600 (dites bonjour \u00e0 Adriano) Messenger WhatsApp (bient\u00f4t) funoc@funoc.be<\/p>\n","protected":false},"author":2,"featured_media":0,"parent":0,"menu_order":0,"comment_status":"closed","ping_status":"closed","template":"","meta":{"footnotes":""},"class_list":["post-42","page","type-page","status-publish","hentry"],"yoast_head":"<!-- This site is optimized with the Yoast SEO plugin v21.4 - https:\/\/yoast.com\/wordpress\/plugins\/seo\/ -->\n<title>Contacter la FUNOC \u00e0 Charleroi<\/title>\n<meta name=\"description\" content=\"Vous souhaitez des informations ? Voici comment contacter la FUNOC, le Centre d&#039;Insertion Socioprofessionnel le plus cool de Charleroi.\" \/>\n<meta name=\"robots\" content=\"index, follow, max-snippet:-1, max-image-preview:large, max-video-preview:-1\" \/>\n<link rel=\"canonical\" href=\"https:\/\/funoc.be\/?page_id=42\" \/>\n<meta property=\"og:locale\" content=\"fr_FR\" \/>\n<meta property=\"og:type\" content=\"article\" \/>\n<meta property=\"og:title\" content=\"Contacter la FUNOC \u00e0 Charleroi\" \/>\n<meta property=\"og:description\" content=\"Vous souhaitez des informations ? Voici comment contacter la FUNOC, le Centre d&#039;Insertion Socioprofessionnel le plus cool de Charleroi.\" \/>\n<meta property=\"og:url\" content=\"https:\/\/funoc.be\/?page_id=42\" \/>\n<meta property=\"og:site_name\" content=\"Funoc\" \/>\n<meta property=\"article:publisher\" content=\"https:\/\/www.facebook.com\/la.funoc\" \/>\n<meta property=\"article:modified_time\" content=\"2025-05-21T12:37:04+00:00\" \/>\n<meta property=\"og:image\" content=\"https:\/\/funoc.be\/wp-content\/uploads\/2024\/01\/trouve-ta-formation-cousin.png\" \/>\n\t<meta property=\"og:image:width\" content=\"1920\" \/>\n\t<meta property=\"og:image:height\" content=\"1280\" \/>\n\t<meta property=\"og:image:type\" content=\"image\/png\" \/>\n<meta name=\"twitter:card\" content=\"summary_large_image\" \/>\n<meta name=\"twitter:label1\" content=\"Dur\u00e9e de lecture estim\u00e9e\" \/>\n\t<meta name=\"twitter:data1\" content=\"1 minute\" \/>\n<script type=\"application\/ld+json\" class=\"yoast-schema-graph\">{\"@context\":\"https:\/\/schema.org\",\"@graph\":[{\"@type\":\"WebPage\",\"@id\":\"https:\/\/funoc.be\/?page_id=42\",\"url\":\"https:\/\/funoc.be\/?page_id=42\",\"name\":\"Contacter la FUNOC \u00e0 Charleroi\",\"isPartOf\":{\"@id\":\"https:\/\/funoc.be\/#website\"},\"datePublished\":\"2023-10-19T20:29:20+00:00\",\"dateModified\":\"2025-05-21T12:37:04+00:00\",\"description\":\"Vous souhaitez des informations ? Voici comment contacter la FUNOC, le Centre d'Insertion Socioprofessionnel le plus cool de Charleroi.\",\"breadcrumb\":{\"@id\":\"https:\/\/funoc.be\/?page_id=42#breadcrumb\"},\"inLanguage\":\"fr-FR\",\"potentialAction\":[{\"@type\":\"ReadAction\",\"target\":[\"https:\/\/funoc.be\/?page_id=42\"]}]},{\"@type\":\"BreadcrumbList\",\"@id\":\"https:\/\/funoc.be\/?page_id=42#breadcrumb\",\"itemListElement\":[{\"@type\":\"ListItem\",\"position\":1,\"name\":\"Accueil\",\"item\":\"https:\/\/funoc.be\/\"},{\"@type\":\"ListItem\",\"position\":2,\"name\":\"CONTACT\"}]},{\"@type\":\"WebSite\",\"@id\":\"https:\/\/funoc.be\/#website\",\"url\":\"https:\/\/funoc.be\/\",\"name\":\"FUNOC : la formation \u00e0 Charleroi\",\"description\":\"La formation, c&#039;est FUN&#039; OK ?\",\"publisher\":{\"@id\":\"https:\/\/funoc.be\/#organization\"},\"potentialAction\":[{\"@type\":\"SearchAction\",\"target\":{\"@type\":\"EntryPoint\",\"urlTemplate\":\"https:\/\/funoc.be\/?s={search_term_string}\"},\"query-input\":\"required name=search_term_string\"}],\"inLanguage\":\"fr-FR\"},{\"@type\":\"Organization\",\"@id\":\"https:\/\/funoc.be\/#organization\",\"name\":\"FUNOC : la formation \u00e0 Charleroi\",\"url\":\"https:\/\/funoc.be\/\",\"logo\":{\"@type\":\"ImageObject\",\"inLanguage\":\"fr-FR\",\"@id\":\"https:\/\/funoc.be\/#\/schema\/logo\/image\/\",\"url\":\"https:\/\/funoc.be\/wp-content\/uploads\/2023\/10\/funoc_logo_positif_sansfond_900X900_72pdi.png\",\"contentUrl\":\"https:\/\/funoc.be\/wp-content\/uploads\/2023\/10\/funoc_logo_positif_sansfond_900X900_72pdi.png\",\"width\":900,\"height\":900,\"caption\":\"FUNOC : la formation \u00e0 Charleroi\"},\"image\":{\"@id\":\"https:\/\/funoc.be\/#\/schema\/logo\/image\/\"},\"sameAs\":[\"https:\/\/www.facebook.com\/la.funoc\"]}]}<\/script>\n<!-- \/ Yoast SEO plugin. -->","yoast_head_json":{"title":"Contacter la FUNOC \u00e0 Charleroi","description":"Vous souhaitez des informations ? Voici comment contacter la FUNOC, le Centre d'Insertion Socioprofessionnel le plus cool de Charleroi.","robots":{"index":"index","follow":"follow","max-snippet":"max-snippet:-1","max-image-preview":"max-image-preview:large","max-video-preview":"max-video-preview:-1"},"canonical":"https:\/\/funoc.be\/?page_id=42","og_locale":"fr_FR","og_type":"article","og_title":"Contacter la FUNOC \u00e0 Charleroi","og_description":"Vous souhaitez des informations ? Voici comment contacter la FUNOC, le Centre d'Insertion Socioprofessionnel le plus cool de Charleroi.","og_url":"https:\/\/funoc.be\/?page_id=42","og_site_name":"Funoc","article_publisher":"https:\/\/www.facebook.com\/la.funoc","article_modified_time":"2025-05-21T12:37:04+00:00","og_image":[{"width":1920,"height":1280,"url":"https:\/\/funoc.be\/wp-content\/uploads\/2024\/01\/trouve-ta-formation-cousin.png","type":"image\/png"}],"twitter_card":"summary_large_image","twitter_misc":{"Dur\u00e9e de lecture estim\u00e9e":"1 minute"},"schema":{"@context":"https:\/\/schema.org","@graph":[{"@type":"WebPage","@id":"https:\/\/funoc.be\/?page_id=42","url":"https:\/\/funoc.be\/?page_id=42","name":"Contacter la FUNOC \u00e0 Charleroi","isPartOf":{"@id":"https:\/\/funoc.be\/#website"},"datePublished":"2023-10-19T20:29:20+00:00","dateModified":"2025-05-21T12:37:04+00:00","description":"Vous souhaitez des informations ? Voici comment contacter la FUNOC, le Centre d'Insertion Socioprofessionnel le plus cool de Charleroi.","breadcrumb":{"@id":"https:\/\/funoc.be\/?page_id=42#breadcrumb"},"inLanguage":"fr-FR","potentialAction":[{"@type":"ReadAction","target":["https:\/\/funoc.be\/?page_id=42"]}]},{"@type":"BreadcrumbList","@id":"https:\/\/funoc.be\/?page_id=42#breadcrumb","itemListElement":[{"@type":"ListItem","position":1,"name":"Accueil","item":"https:\/\/funoc.be\/"},{"@type":"ListItem","position":2,"name":"CONTACT"}]},{"@type":"WebSite","@id":"https:\/\/funoc.be\/#website","url":"https:\/\/funoc.be\/","name":"FUNOC : la formation \u00e0 Charleroi","description":"La formation, c&#039;est FUN&#039; OK ?","publisher":{"@id":"https:\/\/funoc.be\/#organization"},"potentialAction":[{"@type":"SearchAction","target":{"@type":"EntryPoint","urlTemplate":"https:\/\/funoc.be\/?s={search_term_string}"},"query-input":"required name=search_term_string"}],"inLanguage":"fr-FR"},{"@type":"Organization","@id":"https:\/\/funoc.be\/#organization","name":"FUNOC : la formation \u00e0 Charleroi","url":"https:\/\/funoc.be\/","logo":{"@type":"ImageObject","inLanguage":"fr-FR","@id":"https:\/\/funoc.be\/#\/schema\/logo\/image\/","url":"https:\/\/funoc.be\/wp-content\/uploads\/2023\/10\/funoc_logo_positif_sansfond_900X900_72pdi.png","contentUrl":"https:\/\/funoc.be\/wp-content\/uploads\/2023\/10\/funoc_logo_positif_sansfond_900X900_72pdi.png","width":900,"height":900,"caption":"FUNOC : la formation \u00e0 Charleroi"},"image":{"@id":"https:\/\/funoc.be\/#\/schema\/logo\/image\/"},"sameAs":["https:\/\/www.facebook.com\/la.funoc"]}]}},"_links":{"self":[{"href":"https:\/\/funoc.be\/index.php?rest_route=\/wp\/v2\/pages\/42","targetHints":{"allow":["GET"]}}],"collection":[{"href":"https:\/\/funoc.be\/index.php?rest_route=\/wp\/v2\/pages"}],"about":[{"href":"https:\/\/funoc.be\/index.php?rest_route=\/wp\/v2\/types\/page"}],"author":[{"embeddable":true,"href":"https:\/\/funoc.be\/index.php?rest_route=\/wp\/v2\/users\/2"}],"replies":[{"embeddable":true,"href":"https:\/\/funoc.be\/index.php?rest_route=%2Fwp%2Fv2%2Fcomments&post=42"}],"version-history":[{"count":9,"href":"https:\/\/funoc.be\/index.php?rest_route=\/wp\/v2\/pages\/42\/revisions"}],"predecessor-version":[{"id":571,"href":"https:\/\/funoc.be\/index.php?rest_route=\/wp\/v2\/pages\/42\/revisions\/571"}],"wp:attachment":[{"href":"https:\/\/funoc.be\/index.php?rest_route=%2Fwp%2Fv2%2Fmedia&parent=42"}],"curies":[{"name":"wp","href":"https:\/\/api.w.org\/{rel}","templated":true}]}}