{"id":564,"date":"2025-04-14T12:37:56","date_gmt":"2025-04-14T10:37:56","guid":{"rendered":"https:\/\/funoc.be\/?page_id=564"},"modified":"2025-04-14T12:37:56","modified_gmt":"2025-04-14T10:37:56","slug":"mon-pass-numerique","status":"publish","type":"page","link":"https:\/\/funoc.be\/?page_id=564","title":{"rendered":"MON PASS NUMERIQUE\u00a0\u00a0"},"content":{"rendered":"\n<p>Mon Pass Num\u00e9rique s\u2019inspire de la m\u00e9thodologie d\u00e9velopp\u00e9e dans les APP (Atelier P\u00e9dagogique Personnalis\u00e9). L\u2019apprenant y b\u00e9n\u00e9ficie d\u2019une formation personnalis\u00e9e d\u00e9finie par les objectifs, la dur\u00e9e, le contenu, les modalit\u00e9s d\u2019apprentissage pr\u00e9vues, les moyens mis en \u0153uvre pour d\u00e9velopper l\u2019autoformation accompagn\u00e9e, les modalit\u00e9s de l\u2019\u00e9valuation finale et du suivi.<\/p>\n\n\n\n<p>A la demande des partenaires, les ateliers pourront \u00eatre d\u00e9localis\u00e9s dans leurs institutions.<\/p>\n\n\n\n<p>Le lieu sera accessible \u00e0 tout stagiaire inscrit dans les diff\u00e9rents centres de formation et fonctionnera avec des entr\u00e9es et des sorties permanentes.<\/p>\n\n\n\n<p>Les partenaires : l\u2019IFAPME, ARCHIPEL, la MIREC, Forem Cepegra, Technofutur TIC, Techno-Campus, la promotion sociale, le R\u00e9seau, l\u2019E6K, la MIRESEM, Carrefour asbl, l&rsquo;IETS prom soc, l&rsquo;ECEPS, le LabSET\u00a0 et tout le r\u00e9seau d\u2019insertion socio-professionnel qui, outre la prise en charge de leurs stagiaires, nous apporteront leur expertise ou une aide mat\u00e9rielle.<\/p>\n\n\n\n<p><strong>Mon Pass Num\u00e9rique est cofinanc\u00e9 par le Fond Social Europ\u00e9en. En 2023, il a accueilli 40 participants.<\/strong><\/p>\n","protected":false},"excerpt":{"rendered":"<p>Mon Pass Num\u00e9rique s\u2019inspire de la m\u00e9thodologie d\u00e9velopp\u00e9e dans les APP (Atelier P\u00e9dagogique Personnalis\u00e9). L\u2019apprenant y b\u00e9n\u00e9ficie d\u2019une formation personnalis\u00e9e d\u00e9finie par les objectifs, la dur\u00e9e, le contenu, les modalit\u00e9s d\u2019apprentissage pr\u00e9vues, les moyens mis en \u0153uvre pour d\u00e9velopper l\u2019autoformation accompagn\u00e9e, les modalit\u00e9s de l\u2019\u00e9valuation finale et du suivi. A la demande des partenaires, les [&hellip;]<\/p>\n","protected":false},"author":2,"featured_media":0,"parent":0,"menu_order":0,"comment_status":"closed","ping_status":"closed","template":"","meta":{"footnotes":""},"class_list":["post-564","page","type-page","status-publish","hentry"],"yoast_head":"<!-- This site is optimized with the Yoast SEO plugin v21.4 - https:\/\/yoast.com\/wordpress\/plugins\/seo\/ -->\n<title>MON PASS NUMERIQUE\u00a0\u00a0 - Funoc<\/title>\n<meta name=\"robots\" content=\"index, follow, max-snippet:-1, max-image-preview:large, max-video-preview:-1\" \/>\n<link rel=\"canonical\" href=\"https:\/\/funoc.be\/?page_id=564\" \/>\n<meta property=\"og:locale\" content=\"fr_FR\" \/>\n<meta property=\"og:type\" content=\"article\" \/>\n<meta property=\"og:title\" content=\"MON PASS NUMERIQUE\u00a0\u00a0 - Funoc\" \/>\n<meta property=\"og:description\" content=\"Mon Pass Num\u00e9rique s\u2019inspire de la m\u00e9thodologie d\u00e9velopp\u00e9e dans les APP (Atelier P\u00e9dagogique Personnalis\u00e9). L\u2019apprenant y b\u00e9n\u00e9ficie d\u2019une formation personnalis\u00e9e d\u00e9finie par les objectifs, la dur\u00e9e, le contenu, les modalit\u00e9s d\u2019apprentissage pr\u00e9vues, les moyens mis en \u0153uvre pour d\u00e9velopper l\u2019autoformation accompagn\u00e9e, les modalit\u00e9s de l\u2019\u00e9valuation finale et du suivi. A la demande des partenaires, les [&hellip;]\" \/>\n<meta property=\"og:url\" content=\"https:\/\/funoc.be\/?page_id=564\" \/>\n<meta property=\"og:site_name\" content=\"Funoc\" \/>\n<meta property=\"article:publisher\" content=\"https:\/\/www.facebook.com\/la.funoc\" \/>\n<meta property=\"og:image\" content=\"https:\/\/funoc.be\/wp-content\/uploads\/2024\/01\/trouve-ta-formation-cousin.png\" \/>\n\t<meta property=\"og:image:width\" content=\"1920\" \/>\n\t<meta property=\"og:image:height\" content=\"1280\" \/>\n\t<meta property=\"og:image:type\" content=\"image\/png\" \/>\n<meta name=\"twitter:card\" content=\"summary_large_image\" \/>\n<meta name=\"twitter:label1\" content=\"Dur\u00e9e de lecture estim\u00e9e\" \/>\n\t<meta name=\"twitter:data1\" content=\"1 minute\" \/>\n<script type=\"application\/ld+json\" class=\"yoast-schema-graph\">{\"@context\":\"https:\/\/schema.org\",\"@graph\":[{\"@type\":\"WebPage\",\"@id\":\"https:\/\/funoc.be\/?page_id=564\",\"url\":\"https:\/\/funoc.be\/?page_id=564\",\"name\":\"MON PASS NUMERIQUE\u00a0\u00a0 - Funoc\",\"isPartOf\":{\"@id\":\"https:\/\/funoc.be\/#website\"},\"datePublished\":\"2025-04-14T10:37:56+00:00\",\"dateModified\":\"2025-04-14T10:37:56+00:00\",\"breadcrumb\":{\"@id\":\"https:\/\/funoc.be\/?page_id=564#breadcrumb\"},\"inLanguage\":\"fr-FR\",\"potentialAction\":[{\"@type\":\"ReadAction\",\"target\":[\"https:\/\/funoc.be\/?page_id=564\"]}]},{\"@type\":\"BreadcrumbList\",\"@id\":\"https:\/\/funoc.be\/?page_id=564#breadcrumb\",\"itemListElement\":[{\"@type\":\"ListItem\",\"position\":1,\"name\":\"Accueil\",\"item\":\"https:\/\/funoc.be\/\"},{\"@type\":\"ListItem\",\"position\":2,\"name\":\"MON PASS NUMERIQUE\u00a0\u00a0\"}]},{\"@type\":\"WebSite\",\"@id\":\"https:\/\/funoc.be\/#website\",\"url\":\"https:\/\/funoc.be\/\",\"name\":\"FUNOC : la formation \u00e0 Charleroi\",\"description\":\"La formation, c&#039;est FUN&#039; OK ?\",\"publisher\":{\"@id\":\"https:\/\/funoc.be\/#organization\"},\"potentialAction\":[{\"@type\":\"SearchAction\",\"target\":{\"@type\":\"EntryPoint\",\"urlTemplate\":\"https:\/\/funoc.be\/?s={search_term_string}\"},\"query-input\":\"required name=search_term_string\"}],\"inLanguage\":\"fr-FR\"},{\"@type\":\"Organization\",\"@id\":\"https:\/\/funoc.be\/#organization\",\"name\":\"FUNOC : la formation \u00e0 Charleroi\",\"url\":\"https:\/\/funoc.be\/\",\"logo\":{\"@type\":\"ImageObject\",\"inLanguage\":\"fr-FR\",\"@id\":\"https:\/\/funoc.be\/#\/schema\/logo\/image\/\",\"url\":\"https:\/\/funoc.be\/wp-content\/uploads\/2023\/10\/funoc_logo_positif_sansfond_900X900_72pdi.png\",\"contentUrl\":\"https:\/\/funoc.be\/wp-content\/uploads\/2023\/10\/funoc_logo_positif_sansfond_900X900_72pdi.png\",\"width\":900,\"height\":900,\"caption\":\"FUNOC : la formation \u00e0 Charleroi\"},\"image\":{\"@id\":\"https:\/\/funoc.be\/#\/schema\/logo\/image\/\"},\"sameAs\":[\"https:\/\/www.facebook.com\/la.funoc\"]}]}<\/script>\n<!-- \/ Yoast SEO plugin. -->","yoast_head_json":{"title":"MON PASS NUMERIQUE\u00a0\u00a0 - Funoc","robots":{"index":"index","follow":"follow","max-snippet":"max-snippet:-1","max-image-preview":"max-image-preview:large","max-video-preview":"max-video-preview:-1"},"canonical":"https:\/\/funoc.be\/?page_id=564","og_locale":"fr_FR","og_type":"article","og_title":"MON PASS NUMERIQUE\u00a0\u00a0 - Funoc","og_description":"Mon Pass Num\u00e9rique s\u2019inspire de la m\u00e9thodologie d\u00e9velopp\u00e9e dans les APP (Atelier P\u00e9dagogique Personnalis\u00e9). L\u2019apprenant y b\u00e9n\u00e9ficie d\u2019une formation personnalis\u00e9e d\u00e9finie par les objectifs, la dur\u00e9e, le contenu, les modalit\u00e9s d\u2019apprentissage pr\u00e9vues, les moyens mis en \u0153uvre pour d\u00e9velopper l\u2019autoformation accompagn\u00e9e, les modalit\u00e9s de l\u2019\u00e9valuation finale et du suivi. A la demande des partenaires, les [&hellip;]","og_url":"https:\/\/funoc.be\/?page_id=564","og_site_name":"Funoc","article_publisher":"https:\/\/www.facebook.com\/la.funoc","og_image":[{"width":1920,"height":1280,"url":"https:\/\/funoc.be\/wp-content\/uploads\/2024\/01\/trouve-ta-formation-cousin.png","type":"image\/png"}],"twitter_card":"summary_large_image","twitter_misc":{"Dur\u00e9e de lecture estim\u00e9e":"1 minute"},"schema":{"@context":"https:\/\/schema.org","@graph":[{"@type":"WebPage","@id":"https:\/\/funoc.be\/?page_id=564","url":"https:\/\/funoc.be\/?page_id=564","name":"MON PASS NUMERIQUE\u00a0\u00a0 - Funoc","isPartOf":{"@id":"https:\/\/funoc.be\/#website"},"datePublished":"2025-04-14T10:37:56+00:00","dateModified":"2025-04-14T10:37:56+00:00","breadcrumb":{"@id":"https:\/\/funoc.be\/?page_id=564#breadcrumb"},"inLanguage":"fr-FR","potentialAction":[{"@type":"ReadAction","target":["https:\/\/funoc.be\/?page_id=564"]}]},{"@type":"BreadcrumbList","@id":"https:\/\/funoc.be\/?page_id=564#breadcrumb","itemListElement":[{"@type":"ListItem","position":1,"name":"Accueil","item":"https:\/\/funoc.be\/"},{"@type":"ListItem","position":2,"name":"MON PASS NUMERIQUE\u00a0\u00a0"}]},{"@type":"WebSite","@id":"https:\/\/funoc.be\/#website","url":"https:\/\/funoc.be\/","name":"FUNOC : la formation \u00e0 Charleroi","description":"La formation, c&#039;est FUN&#039; OK ?","publisher":{"@id":"https:\/\/funoc.be\/#organization"},"potentialAction":[{"@type":"SearchAction","target":{"@type":"EntryPoint","urlTemplate":"https:\/\/funoc.be\/?s={search_term_string}"},"query-input":"required name=search_term_string"}],"inLanguage":"fr-FR"},{"@type":"Organization","@id":"https:\/\/funoc.be\/#organization","name":"FUNOC : la formation \u00e0 Charleroi","url":"https:\/\/funoc.be\/","logo":{"@type":"ImageObject","inLanguage":"fr-FR","@id":"https:\/\/funoc.be\/#\/schema\/logo\/image\/","url":"https:\/\/funoc.be\/wp-content\/uploads\/2023\/10\/funoc_logo_positif_sansfond_900X900_72pdi.png","contentUrl":"https:\/\/funoc.be\/wp-content\/uploads\/2023\/10\/funoc_logo_positif_sansfond_900X900_72pdi.png","width":900,"height":900,"caption":"FUNOC : la formation \u00e0 Charleroi"},"image":{"@id":"https:\/\/funoc.be\/#\/schema\/logo\/image\/"},"sameAs":["https:\/\/www.facebook.com\/la.funoc"]}]}},"_links":{"self":[{"href":"https:\/\/funoc.be\/index.php?rest_route=\/wp\/v2\/pages\/564","targetHints":{"allow":["GET"]}}],"collection":[{"href":"https:\/\/funoc.be\/index.php?rest_route=\/wp\/v2\/pages"}],"about":[{"href":"https:\/\/funoc.be\/index.php?rest_route=\/wp\/v2\/types\/page"}],"author":[{"embeddable":true,"href":"https:\/\/funoc.be\/index.php?rest_route=\/wp\/v2\/users\/2"}],"replies":[{"embeddable":true,"href":"https:\/\/funoc.be\/index.php?rest_route=%2Fwp%2Fv2%2Fcomments&post=564"}],"version-history":[{"count":1,"href":"https:\/\/funoc.be\/index.php?rest_route=\/wp\/v2\/pages\/564\/revisions"}],"predecessor-version":[{"id":565,"href":"https:\/\/funoc.be\/index.php?rest_route=\/wp\/v2\/pages\/564\/revisions\/565"}],"wp:attachment":[{"href":"https:\/\/funoc.be\/index.php?rest_route=%2Fwp%2Fv2%2Fmedia&parent=564"}],"curies":[{"name":"wp","href":"https:\/\/api.w.org\/{rel}","templated":true}]}}