{"id":610,"date":"2025-11-21T09:34:50","date_gmt":"2025-11-21T08:34:50","guid":{"rendered":"https:\/\/funoc.be\/?page_id=610"},"modified":"2026-01-09T08:37:24","modified_gmt":"2026-01-09T07:37:24","slug":"610-2","status":"publish","type":"page","link":"https:\/\/funoc.be\/?page_id=610","title":{"rendered":"SOUTENEZ LA FUNOC"},"content":{"rendered":"\n<p>La FUNOC a besoin de vous ! Comme vous le savez, les r\u00e9formes du gouvernement vont tr\u00e8s fortement impacter la FUNOC, ses stagiaires et ses collaborateurs. En cette p\u00e9riode de troubles, nous avons plus que jamais besoin de vos encouragements. <\/p>\n\n\n\n<p>Vous aimez la FUNOC ? Dites le ci-dessous \u2665<\/p>\n\n\n\n<p class=\"has-small-font-size\">Pour ajouter votre t\u00e9moignage, il suffit de cliquer sur le gros \u00ab\u00a0+\u00a0\u00bb bleu et de remplir le formulaire. Vous pouvez ajouter une photo ou une vid\u00e9o si vous le souhaitez. Merci !<\/p>\n\n\n\n<div class=\"padlet-embed\" style=\"border:1px solid rgba(0,0,0,0.1);border-radius:2px;box-sizing:border-box;overflow:hidden;position:relative;width:100%;background:#F4F4F4\"><p style=\"padding:0;margin:0\"><iframe src=\"https:\/\/padlet.com\/embed\/ii7kx6o55opfmm5u\" frameborder=\"0\" allow=\"camera;microphone;geolocation;display-capture;clipboard-write\" style=\"width:100%;height:608px;display:block;padding:0;margin:0\"><\/iframe><\/p><div style=\"display:flex;align-items:center;justify-content:end;margin:0;height:0px\"><a href=\"https:\/\/padlet.com?ref=embed\" style=\"display:block;flex-grow:0;margin:0;border:none;padding:0;text-decoration:none\" target=\"_blank\"><div style=\"display:flex;align-items:center;\"><\/div><\/a><\/div><\/div>\n","protected":false},"excerpt":{"rendered":"<p>La FUNOC a besoin de vous ! Comme vous le savez, les r\u00e9formes du gouvernement vont tr\u00e8s fortement impacter la FUNOC, ses stagiaires et ses collaborateurs. En cette p\u00e9riode de troubles, nous avons plus que jamais besoin de vos encouragements. Vous aimez la FUNOC ? Dites le ci-dessous \u2665 Pour ajouter votre t\u00e9moignage, il suffit [&hellip;]<\/p>\n","protected":false},"author":2,"featured_media":0,"parent":0,"menu_order":0,"comment_status":"closed","ping_status":"closed","template":"","meta":{"footnotes":""},"class_list":["post-610","page","type-page","status-publish","hentry"],"yoast_head":"<!-- This site is optimized with the Yoast SEO plugin v21.4 - https:\/\/yoast.com\/wordpress\/plugins\/seo\/ -->\n<title>SOUTENEZ LA FUNOC !<\/title>\n<meta name=\"description\" content=\"La FUNOC a besoin de vous ! En cette p\u00e9riode de troubles, nous avons plus que jamais besoin de vos encouragements.\" \/>\n<meta name=\"robots\" content=\"index, follow, max-snippet:-1, max-image-preview:large, max-video-preview:-1\" \/>\n<link rel=\"canonical\" href=\"https:\/\/funoc.be\/?page_id=610\" \/>\n<meta property=\"og:locale\" content=\"fr_FR\" \/>\n<meta property=\"og:type\" content=\"article\" \/>\n<meta property=\"og:title\" content=\"SOUTENEZ LA FUNOC !\" \/>\n<meta property=\"og:description\" content=\"La FUNOC a besoin de vous ! En cette p\u00e9riode de troubles, nous avons plus que jamais besoin de vos encouragements.\" \/>\n<meta property=\"og:url\" content=\"https:\/\/funoc.be\/?page_id=610\" \/>\n<meta property=\"og:site_name\" content=\"Funoc\" \/>\n<meta property=\"article:publisher\" content=\"https:\/\/www.facebook.com\/la.funoc\" \/>\n<meta property=\"article:modified_time\" content=\"2026-01-09T07:37:24+00:00\" \/>\n<meta property=\"og:image\" content=\"https:\/\/funoc.be\/wp-content\/uploads\/2026\/01\/soutenez_la_funoc.png\" \/>\n\t<meta property=\"og:image:width\" content=\"1194\" \/>\n\t<meta property=\"og:image:height\" content=\"799\" \/>\n\t<meta property=\"og:image:type\" content=\"image\/png\" \/>\n<meta name=\"twitter:card\" content=\"summary_large_image\" \/>\n<meta name=\"twitter:label1\" content=\"Dur\u00e9e de lecture estim\u00e9e\" \/>\n\t<meta name=\"twitter:data1\" content=\"1 minute\" \/>\n<script type=\"application\/ld+json\" class=\"yoast-schema-graph\">{\"@context\":\"https:\/\/schema.org\",\"@graph\":[{\"@type\":\"WebPage\",\"@id\":\"https:\/\/funoc.be\/?page_id=610\",\"url\":\"https:\/\/funoc.be\/?page_id=610\",\"name\":\"SOUTENEZ LA FUNOC !\",\"isPartOf\":{\"@id\":\"https:\/\/funoc.be\/#website\"},\"datePublished\":\"2025-11-21T08:34:50+00:00\",\"dateModified\":\"2026-01-09T07:37:24+00:00\",\"description\":\"La FUNOC a besoin de vous ! En cette p\u00e9riode de troubles, nous avons plus que jamais besoin de vos encouragements.\",\"breadcrumb\":{\"@id\":\"https:\/\/funoc.be\/?page_id=610#breadcrumb\"},\"inLanguage\":\"fr-FR\",\"potentialAction\":[{\"@type\":\"ReadAction\",\"target\":[\"https:\/\/funoc.be\/?page_id=610\"]}]},{\"@type\":\"BreadcrumbList\",\"@id\":\"https:\/\/funoc.be\/?page_id=610#breadcrumb\",\"itemListElement\":[{\"@type\":\"ListItem\",\"position\":1,\"name\":\"Accueil\",\"item\":\"https:\/\/funoc.be\/\"},{\"@type\":\"ListItem\",\"position\":2,\"name\":\"SOUTENEZ LA FUNOC\"}]},{\"@type\":\"WebSite\",\"@id\":\"https:\/\/funoc.be\/#website\",\"url\":\"https:\/\/funoc.be\/\",\"name\":\"FUNOC : la formation \u00e0 Charleroi\",\"description\":\"La formation, c&#039;est FUN&#039; OK ?\",\"publisher\":{\"@id\":\"https:\/\/funoc.be\/#organization\"},\"potentialAction\":[{\"@type\":\"SearchAction\",\"target\":{\"@type\":\"EntryPoint\",\"urlTemplate\":\"https:\/\/funoc.be\/?s={search_term_string}\"},\"query-input\":\"required name=search_term_string\"}],\"inLanguage\":\"fr-FR\"},{\"@type\":\"Organization\",\"@id\":\"https:\/\/funoc.be\/#organization\",\"name\":\"FUNOC : la formation \u00e0 Charleroi\",\"url\":\"https:\/\/funoc.be\/\",\"logo\":{\"@type\":\"ImageObject\",\"inLanguage\":\"fr-FR\",\"@id\":\"https:\/\/funoc.be\/#\/schema\/logo\/image\/\",\"url\":\"https:\/\/funoc.be\/wp-content\/uploads\/2023\/10\/funoc_logo_positif_sansfond_900X900_72pdi.png\",\"contentUrl\":\"https:\/\/funoc.be\/wp-content\/uploads\/2023\/10\/funoc_logo_positif_sansfond_900X900_72pdi.png\",\"width\":900,\"height\":900,\"caption\":\"FUNOC : la formation \u00e0 Charleroi\"},\"image\":{\"@id\":\"https:\/\/funoc.be\/#\/schema\/logo\/image\/\"},\"sameAs\":[\"https:\/\/www.facebook.com\/la.funoc\"]}]}<\/script>\n<!-- \/ Yoast SEO plugin. -->","yoast_head_json":{"title":"SOUTENEZ LA FUNOC !","description":"La FUNOC a besoin de vous ! En cette p\u00e9riode de troubles, nous avons plus que jamais besoin de vos encouragements.","robots":{"index":"index","follow":"follow","max-snippet":"max-snippet:-1","max-image-preview":"max-image-preview:large","max-video-preview":"max-video-preview:-1"},"canonical":"https:\/\/funoc.be\/?page_id=610","og_locale":"fr_FR","og_type":"article","og_title":"SOUTENEZ LA FUNOC !","og_description":"La FUNOC a besoin de vous ! En cette p\u00e9riode de troubles, nous avons plus que jamais besoin de vos encouragements.","og_url":"https:\/\/funoc.be\/?page_id=610","og_site_name":"Funoc","article_publisher":"https:\/\/www.facebook.com\/la.funoc","article_modified_time":"2026-01-09T07:37:24+00:00","og_image":[{"width":1194,"height":799,"url":"https:\/\/funoc.be\/wp-content\/uploads\/2026\/01\/soutenez_la_funoc.png","type":"image\/png"}],"twitter_card":"summary_large_image","twitter_misc":{"Dur\u00e9e de lecture estim\u00e9e":"1 minute"},"schema":{"@context":"https:\/\/schema.org","@graph":[{"@type":"WebPage","@id":"https:\/\/funoc.be\/?page_id=610","url":"https:\/\/funoc.be\/?page_id=610","name":"SOUTENEZ LA FUNOC !","isPartOf":{"@id":"https:\/\/funoc.be\/#website"},"datePublished":"2025-11-21T08:34:50+00:00","dateModified":"2026-01-09T07:37:24+00:00","description":"La FUNOC a besoin de vous ! En cette p\u00e9riode de troubles, nous avons plus que jamais besoin de vos encouragements.","breadcrumb":{"@id":"https:\/\/funoc.be\/?page_id=610#breadcrumb"},"inLanguage":"fr-FR","potentialAction":[{"@type":"ReadAction","target":["https:\/\/funoc.be\/?page_id=610"]}]},{"@type":"BreadcrumbList","@id":"https:\/\/funoc.be\/?page_id=610#breadcrumb","itemListElement":[{"@type":"ListItem","position":1,"name":"Accueil","item":"https:\/\/funoc.be\/"},{"@type":"ListItem","position":2,"name":"SOUTENEZ LA FUNOC"}]},{"@type":"WebSite","@id":"https:\/\/funoc.be\/#website","url":"https:\/\/funoc.be\/","name":"FUNOC : la formation \u00e0 Charleroi","description":"La formation, c&#039;est FUN&#039; OK ?","publisher":{"@id":"https:\/\/funoc.be\/#organization"},"potentialAction":[{"@type":"SearchAction","target":{"@type":"EntryPoint","urlTemplate":"https:\/\/funoc.be\/?s={search_term_string}"},"query-input":"required name=search_term_string"}],"inLanguage":"fr-FR"},{"@type":"Organization","@id":"https:\/\/funoc.be\/#organization","name":"FUNOC : la formation \u00e0 Charleroi","url":"https:\/\/funoc.be\/","logo":{"@type":"ImageObject","inLanguage":"fr-FR","@id":"https:\/\/funoc.be\/#\/schema\/logo\/image\/","url":"https:\/\/funoc.be\/wp-content\/uploads\/2023\/10\/funoc_logo_positif_sansfond_900X900_72pdi.png","contentUrl":"https:\/\/funoc.be\/wp-content\/uploads\/2023\/10\/funoc_logo_positif_sansfond_900X900_72pdi.png","width":900,"height":900,"caption":"FUNOC : la formation \u00e0 Charleroi"},"image":{"@id":"https:\/\/funoc.be\/#\/schema\/logo\/image\/"},"sameAs":["https:\/\/www.facebook.com\/la.funoc"]}]}},"_links":{"self":[{"href":"https:\/\/funoc.be\/index.php?rest_route=\/wp\/v2\/pages\/610","targetHints":{"allow":["GET"]}}],"collection":[{"href":"https:\/\/funoc.be\/index.php?rest_route=\/wp\/v2\/pages"}],"about":[{"href":"https:\/\/funoc.be\/index.php?rest_route=\/wp\/v2\/types\/page"}],"author":[{"embeddable":true,"href":"https:\/\/funoc.be\/index.php?rest_route=\/wp\/v2\/users\/2"}],"replies":[{"embeddable":true,"href":"https:\/\/funoc.be\/index.php?rest_route=%2Fwp%2Fv2%2Fcomments&post=610"}],"version-history":[{"count":10,"href":"https:\/\/funoc.be\/index.php?rest_route=\/wp\/v2\/pages\/610\/revisions"}],"predecessor-version":[{"id":626,"href":"https:\/\/funoc.be\/index.php?rest_route=\/wp\/v2\/pages\/610\/revisions\/626"}],"wp:attachment":[{"href":"https:\/\/funoc.be\/index.php?rest_route=%2Fwp%2Fv2%2Fmedia&parent=610"}],"curies":[{"name":"wp","href":"https:\/\/api.w.org\/{rel}","templated":true}]}}